{"id":609,"date":"2022-09-18T17:47:35","date_gmt":"2022-09-18T15:47:35","guid":{"rendered":"https:\/\/projets.liure.fr\/pitchoune\/?post_type=product&#038;p=609"},"modified":"2022-09-18T17:54:09","modified_gmt":"2022-09-18T15:54:09","slug":"housse-carnet-de-sante-4","status":"publish","type":"product","link":"https:\/\/projets.liure.fr\/pitchoune\/produit\/housse-carnet-de-sante-4\/","title":{"rendered":"Housse carnet de sant\u00e9 Hector"},"content":{"rendered":"<?xml encoding=\"utf-8\" ?><div class=\"container\">\n<div class=\"row\">\n<div class=\"col-md-12\">Composition de la housse pour carnet de sant&eacute; mod&egrave;le Hector :\n<ul>\n<li>double gaze de coton couleur vert tendre<\/li>\n<li>coton imprim&eacute; motif animaux de la for&ecirc;t<\/li>\n<\/ul>\n<p>Bord&eacute; d&rsquo;un joli passepoil gris anthracite<\/p>\n<p>Taille de la housse : 23 cm x 17 cm environ<\/p><\/div>\n<\/div>\n<\/div>\n","protected":false},"excerpt":{"rendered":"<p>Cette jolie housse\u00a0 mod\u00e8le Hector agr\u00e9mentera \u00e0 merveille le carnet de sant\u00e9 de votre b\u00e9b\u00e9.<\/p>\n<p>Pitchoun et Coton a apport\u00e9 tout son savoir faire dans les d\u00e9tails qui ornent cette housse. Le passepoil gris fonc\u00e9 apporte\u00a0 une belle finition.<\/p>\n<p>Gr\u00e2ce \u00e0 son syst\u00e8me de fermeture par une pression, vous pourrez fermer correctement le carnet de sant\u00e9 pour le prot\u00e9ger et le glisser dans le sac de votre enfant.<\/p>\n<p>Vous trouverez \u00e0 l&rsquo;int\u00e9rieur 2 liens qui vous servirons de marque page.<\/p>\n<p>Les rabats int\u00e9rieurs vous serviront \u00e0 glisser les documents m\u00e9dicaux pour le suivi de votre enfant. La petite poche sur le rabat gauche peut vous servir pour glisser votre carte vitale.<\/p>\n<p>Vous pourrez personnaliser votre housse gr\u00e2ce \u00e0 la broderie au pr\u00e9nom de votre enfant. La broderie machine vous est offerte. N&rsquo;oubliez pas de nous l&rsquo;indiquer lors de votre commande.<\/p>\n","protected":false},"featured_media":605,"template":"","meta":{"_acf_changed":false},"product_brand":[],"product_cat":[37],"product_tag":[],"class_list":{"0":"post-609","1":"product","2":"type-product","3":"status-publish","4":"has-post-thumbnail","6":"product_cat-carnet-de-sante","8":"first","9":"instock","10":"shipping-taxable","11":"purchasable","12":"product-type-simple"},"acf":[],"yoast_head":"<!-- This site is optimized with the Yoast SEO plugin v25.8 - https:\/\/yoast.com\/wordpress\/plugins\/seo\/ -->\n<title>Housse carnet de sant\u00e9 Hector - pitchounetcoton<\/title>\n<meta name=\"description\" content=\"Une jolie housse pour carnet de sant\u00e9 de votre b\u00e9b\u00e9 et personnalisable avec une broderie au pr\u00e9nom pour un cadeau de naissance unique\" \/>\n<meta name=\"robots\" content=\"noindex, follow, max-snippet:-1, max-image-preview:large, max-video-preview:-1\" \/>\n<meta property=\"og:locale\" content=\"fr_FR\" \/>\n<meta property=\"og:type\" content=\"article\" \/>\n<meta property=\"og:title\" content=\"Housse carnet de sant\u00e9 Hector - pitchounetcoton\" \/>\n<meta property=\"og:description\" content=\"Une jolie housse pour carnet de sant\u00e9 de votre b\u00e9b\u00e9 et personnalisable avec une broderie au pr\u00e9nom pour un cadeau de naissance unique\" \/>\n<meta property=\"og:url\" content=\"https:\/\/projets.liure.fr\/pitchoune\/produit\/housse-carnet-de-sante-4\/\" \/>\n<meta property=\"og:site_name\" content=\"pitchounetcoton\" \/>\n<meta property=\"article:modified_time\" content=\"2022-09-18T15:54:09+00:00\" \/>\n<meta property=\"og:image\" content=\"https:\/\/projets.liure.fr\/pitchoune\/wp-content\/uploads\/sites\/8\/2022\/09\/20220916_101540.jpg\" \/>\n\t<meta property=\"og:image:width\" content=\"908\" \/>\n\t<meta property=\"og:image:height\" content=\"1210\" \/>\n\t<meta property=\"og:image:type\" content=\"image\/jpeg\" \/>\n<meta name=\"twitter:card\" content=\"summary_large_image\" \/>\n<meta name=\"twitter:label1\" content=\"Dur\u00e9e de lecture estim\u00e9e\" \/>\n\t<meta name=\"twitter:data1\" content=\"1 minute\" \/>\n<script type=\"application\/ld+json\" class=\"yoast-schema-graph\">{\"@context\":\"https:\/\/schema.org\",\"@graph\":[{\"@type\":\"WebPage\",\"@id\":\"https:\/\/projets.liure.fr\/pitchoune\/produit\/housse-carnet-de-sante-4\/\",\"url\":\"https:\/\/projets.liure.fr\/pitchoune\/produit\/housse-carnet-de-sante-4\/\",\"name\":\"Housse carnet de sant\u00e9 Hector - pitchounetcoton\",\"isPartOf\":{\"@id\":\"https:\/\/projets.liure.fr\/pitchoune\/#website\"},\"primaryImageOfPage\":{\"@id\":\"https:\/\/projets.liure.fr\/pitchoune\/produit\/housse-carnet-de-sante-4\/#primaryimage\"},\"image\":{\"@id\":\"https:\/\/projets.liure.fr\/pitchoune\/produit\/housse-carnet-de-sante-4\/#primaryimage\"},\"thumbnailUrl\":\"https:\/\/projets.liure.fr\/pitchoune\/wp-content\/uploads\/sites\/8\/2022\/09\/20220916_101540.jpg\",\"datePublished\":\"2022-09-18T15:47:35+00:00\",\"dateModified\":\"2022-09-18T15:54:09+00:00\",\"description\":\"Une jolie housse pour carnet de sant\u00e9 de votre b\u00e9b\u00e9 et personnalisable avec une broderie au pr\u00e9nom pour un cadeau de naissance unique\",\"breadcrumb\":{\"@id\":\"https:\/\/projets.liure.fr\/pitchoune\/produit\/housse-carnet-de-sante-4\/#breadcrumb\"},\"inLanguage\":\"fr-FR\",\"potentialAction\":[{\"@type\":\"ReadAction\",\"target\":[\"https:\/\/projets.liure.fr\/pitchoune\/produit\/housse-carnet-de-sante-4\/\"]}]},{\"@type\":\"ImageObject\",\"inLanguage\":\"fr-FR\",\"@id\":\"https:\/\/projets.liure.fr\/pitchoune\/produit\/housse-carnet-de-sante-4\/#primaryimage\",\"url\":\"https:\/\/projets.liure.fr\/pitchoune\/wp-content\/uploads\/sites\/8\/2022\/09\/20220916_101540.jpg\",\"contentUrl\":\"https:\/\/projets.liure.fr\/pitchoune\/wp-content\/uploads\/sites\/8\/2022\/09\/20220916_101540.jpg\",\"width\":908,\"height\":1210,\"caption\":\"housse carnet sant\u00e9 b\u00e9b\u00e9 broderie 63\"},{\"@type\":\"WebSite\",\"@id\":\"https:\/\/projets.liure.fr\/pitchoune\/#website\",\"url\":\"https:\/\/projets.liure.fr\/pitchoune\/\",\"name\":\"pitchounetcoton\",\"description\":\"Un site utilisant Les sites de R\u00e9seau site puy de d\u00f4me 2\",\"potentialAction\":[{\"@type\":\"SearchAction\",\"target\":{\"@type\":\"EntryPoint\",\"urlTemplate\":\"https:\/\/projets.liure.fr\/pitchoune\/?s={search_term_string}\"},\"query-input\":{\"@type\":\"PropertyValueSpecification\",\"valueRequired\":true,\"valueName\":\"search_term_string\"}}],\"inLanguage\":\"fr-FR\"}]}<\/script>\n<!-- \/ Yoast SEO plugin. -->","yoast_head_json":{"title":"Housse carnet de sant\u00e9 Hector - pitchounetcoton","description":"Une jolie housse pour carnet de sant\u00e9 de votre b\u00e9b\u00e9 et personnalisable avec une broderie au pr\u00e9nom pour un cadeau de naissance unique","robots":{"index":"noindex","follow":"follow","max-snippet":"max-snippet:-1","max-image-preview":"max-image-preview:large","max-video-preview":"max-video-preview:-1"},"og_locale":"fr_FR","og_type":"article","og_title":"Housse carnet de sant\u00e9 Hector - pitchounetcoton","og_description":"Une jolie housse pour carnet de sant\u00e9 de votre b\u00e9b\u00e9 et personnalisable avec une broderie au pr\u00e9nom pour un cadeau de naissance unique","og_url":"https:\/\/projets.liure.fr\/pitchoune\/produit\/housse-carnet-de-sante-4\/","og_site_name":"pitchounetcoton","article_modified_time":"2022-09-18T15:54:09+00:00","og_image":[{"width":908,"height":1210,"url":"https:\/\/projets.liure.fr\/pitchoune\/wp-content\/uploads\/sites\/8\/2022\/09\/20220916_101540.jpg","type":"image\/jpeg"}],"twitter_card":"summary_large_image","twitter_misc":{"Dur\u00e9e de lecture estim\u00e9e":"1 minute"},"schema":{"@context":"https:\/\/schema.org","@graph":[{"@type":"WebPage","@id":"https:\/\/projets.liure.fr\/pitchoune\/produit\/housse-carnet-de-sante-4\/","url":"https:\/\/projets.liure.fr\/pitchoune\/produit\/housse-carnet-de-sante-4\/","name":"Housse carnet de sant\u00e9 Hector - pitchounetcoton","isPartOf":{"@id":"https:\/\/projets.liure.fr\/pitchoune\/#website"},"primaryImageOfPage":{"@id":"https:\/\/projets.liure.fr\/pitchoune\/produit\/housse-carnet-de-sante-4\/#primaryimage"},"image":{"@id":"https:\/\/projets.liure.fr\/pitchoune\/produit\/housse-carnet-de-sante-4\/#primaryimage"},"thumbnailUrl":"https:\/\/projets.liure.fr\/pitchoune\/wp-content\/uploads\/sites\/8\/2022\/09\/20220916_101540.jpg","datePublished":"2022-09-18T15:47:35+00:00","dateModified":"2022-09-18T15:54:09+00:00","description":"Une jolie housse pour carnet de sant\u00e9 de votre b\u00e9b\u00e9 et personnalisable avec une broderie au pr\u00e9nom pour un cadeau de naissance unique","breadcrumb":{"@id":"https:\/\/projets.liure.fr\/pitchoune\/produit\/housse-carnet-de-sante-4\/#breadcrumb"},"inLanguage":"fr-FR","potentialAction":[{"@type":"ReadAction","target":["https:\/\/projets.liure.fr\/pitchoune\/produit\/housse-carnet-de-sante-4\/"]}]},{"@type":"ImageObject","inLanguage":"fr-FR","@id":"https:\/\/projets.liure.fr\/pitchoune\/produit\/housse-carnet-de-sante-4\/#primaryimage","url":"https:\/\/projets.liure.fr\/pitchoune\/wp-content\/uploads\/sites\/8\/2022\/09\/20220916_101540.jpg","contentUrl":"https:\/\/projets.liure.fr\/pitchoune\/wp-content\/uploads\/sites\/8\/2022\/09\/20220916_101540.jpg","width":908,"height":1210,"caption":"housse carnet sant\u00e9 b\u00e9b\u00e9 broderie 63"},{"@type":"WebSite","@id":"https:\/\/projets.liure.fr\/pitchoune\/#website","url":"https:\/\/projets.liure.fr\/pitchoune\/","name":"pitchounetcoton","description":"Un site utilisant Les sites de R\u00e9seau site puy de d\u00f4me 2","potentialAction":[{"@type":"SearchAction","target":{"@type":"EntryPoint","urlTemplate":"https:\/\/projets.liure.fr\/pitchoune\/?s={search_term_string}"},"query-input":{"@type":"PropertyValueSpecification","valueRequired":true,"valueName":"search_term_string"}}],"inLanguage":"fr-FR"}]}},"_links":{"self":[{"href":"https:\/\/projets.liure.fr\/pitchoune\/wp-json\/wp\/v2\/product\/609","targetHints":{"allow":["GET"]}}],"collection":[{"href":"https:\/\/projets.liure.fr\/pitchoune\/wp-json\/wp\/v2\/product"}],"about":[{"href":"https:\/\/projets.liure.fr\/pitchoune\/wp-json\/wp\/v2\/types\/product"}],"wp:featuredmedia":[{"embeddable":true,"href":"https:\/\/projets.liure.fr\/pitchoune\/wp-json\/wp\/v2\/media\/605"}],"wp:attachment":[{"href":"https:\/\/projets.liure.fr\/pitchoune\/wp-json\/wp\/v2\/media?parent=609"}],"wp:term":[{"taxonomy":"product_brand","embeddable":true,"href":"https:\/\/projets.liure.fr\/pitchoune\/wp-json\/wp\/v2\/product_brand?post=609"},{"taxonomy":"product_cat","embeddable":true,"href":"https:\/\/projets.liure.fr\/pitchoune\/wp-json\/wp\/v2\/product_cat?post=609"},{"taxonomy":"product_tag","embeddable":true,"href":"https:\/\/projets.liure.fr\/pitchoune\/wp-json\/wp\/v2\/product_tag?post=609"}],"curies":[{"name":"wp","href":"https:\/\/api.w.org\/{rel}","templated":true}]}}