{"id":553,"date":"2022-08-01T08:28:49","date_gmt":"2022-08-01T06:28:49","guid":{"rendered":"https:\/\/projets.liure.fr\/pitchoune\/?post_type=product&#038;p=553"},"modified":"2022-08-01T08:36:06","modified_gmt":"2022-08-01T06:36:06","slug":"cape-de-bain-et-gant-hortense","status":"publish","type":"product","link":"https:\/\/projets.liure.fr\/pitchoune\/produit\/cape-de-bain-et-gant-hortense\/","title":{"rendered":"Ensemble cape de bain et gant Hortense"},"content":{"rendered":"<?xml encoding=\"utf-8\" ?><div class=\"container\">\n<div class=\"row\">\n<div class=\"col-md-12\">Ensemble cape de bain et gant collection Hortense\n<p>Dimensions 90 cm x 90 cm<\/p>\n<p>Composition :<\/p>\n<p>&ndash; Ext&eacute;rieur : &eacute;ponge l&eacute;g&egrave;re 320 g\/m&sup2; et coton<\/p>\n<p>(90 % coton, 10% polyester)<\/p>\n<p>&ndash; Int&eacute;rieur : Micro-&eacute;ponge de bambou 340 g\/m&sup2;<\/p>\n<p>(40 % bambou, 40 % polyester, 20 % coton)<\/p>\n<p>&ndash; tissu 100 % coton impression renard et fleurs<\/p>\n<p>Toutes les mati&egrave;res utilis&eacute;es sont certifi&eacute;es oeko-tex<\/p><\/div>\n<\/div>\n<\/div>\n","protected":false},"excerpt":{"rendered":"<p>Avec cette jolie cape de bain, vous pourrez envelopper votre b\u00e9b\u00e9 d\u00e8s la sortie du bain.<\/p>\n<p>Elle est con\u00e7ue toute en douceur avec un int\u00e9rieur en \u00e9ponge de bambou. Elle est accompagn\u00e9e par son gant personnalis\u00e9 et bord\u00e9 par un passepoil dor\u00e9, ce qui lui apporte finesse et raffinement.<\/p>\n<p>Vous pourrez personnaliser ce magnifique ensemble de bain et pourrez offrir un cadeau de naissance unique avec une broderie au pr\u00e9nom du b\u00e9b\u00e9.<\/p>\n<p>Pr\u00e9voyez un d\u00e9lai de fabrication de 1 \u00e0 2 semaines pour la conception personnalis\u00e9e de votre cape de bain.<\/p>\n","protected":false},"featured_media":550,"template":"","meta":{"_acf_changed":false},"product_brand":[],"product_cat":[33],"product_tag":[],"class_list":{"0":"post-553","1":"product","2":"type-product","3":"status-publish","4":"has-post-thumbnail","6":"product_cat-capes-de-bain","8":"first","9":"instock","10":"shipping-taxable","11":"purchasable","12":"product-type-simple"},"acf":[],"yoast_head":"<!-- This site is optimized with the Yoast SEO plugin v25.8 - https:\/\/yoast.com\/wordpress\/plugins\/seo\/ -->\n<title>Cape de bain et gant Hortense- Pitchoun &amp; Coton<\/title>\n<meta name=\"description\" content=\"Magnifique cape de bain et son gant de la collection Hortense avec personnalisation au pr\u00e9nom de votre b\u00e9b\u00e9 qui en fera un cadeau unique\" \/>\n<meta name=\"robots\" content=\"noindex, follow, max-snippet:-1, max-image-preview:large, max-video-preview:-1\" \/>\n<meta property=\"og:locale\" content=\"fr_FR\" \/>\n<meta property=\"og:type\" content=\"article\" \/>\n<meta property=\"og:title\" content=\"Cape de bain et gant Hortense- Pitchoun &amp; Coton\" \/>\n<meta property=\"og:description\" content=\"Magnifique cape de bain et son gant de la collection Hortense avec personnalisation au pr\u00e9nom de votre b\u00e9b\u00e9 qui en fera un cadeau unique\" \/>\n<meta property=\"og:url\" content=\"https:\/\/projets.liure.fr\/pitchoune\/produit\/cape-de-bain-et-gant-hortense\/\" \/>\n<meta property=\"og:site_name\" content=\"pitchounetcoton\" \/>\n<meta property=\"article:modified_time\" content=\"2022-08-01T06:36:06+00:00\" \/>\n<meta property=\"og:image\" content=\"https:\/\/projets.liure.fr\/pitchoune\/wp-content\/uploads\/sites\/8\/2022\/08\/20220801_072144.jpg\" \/>\n\t<meta property=\"og:image:width\" content=\"1210\" \/>\n\t<meta property=\"og:image:height\" content=\"908\" \/>\n\t<meta property=\"og:image:type\" content=\"image\/jpeg\" \/>\n<meta name=\"twitter:card\" content=\"summary_large_image\" \/>\n<meta name=\"twitter:label1\" content=\"Dur\u00e9e de lecture estim\u00e9e\" \/>\n\t<meta name=\"twitter:data1\" content=\"1 minute\" \/>\n<script type=\"application\/ld+json\" class=\"yoast-schema-graph\">{\"@context\":\"https:\/\/schema.org\",\"@graph\":[{\"@type\":\"WebPage\",\"@id\":\"https:\/\/projets.liure.fr\/pitchoune\/produit\/cape-de-bain-et-gant-hortense\/\",\"url\":\"https:\/\/projets.liure.fr\/pitchoune\/produit\/cape-de-bain-et-gant-hortense\/\",\"name\":\"Cape de bain et gant Hortense- Pitchoun & Coton\",\"isPartOf\":{\"@id\":\"https:\/\/projets.liure.fr\/pitchoune\/#website\"},\"primaryImageOfPage\":{\"@id\":\"https:\/\/projets.liure.fr\/pitchoune\/produit\/cape-de-bain-et-gant-hortense\/#primaryimage\"},\"image\":{\"@id\":\"https:\/\/projets.liure.fr\/pitchoune\/produit\/cape-de-bain-et-gant-hortense\/#primaryimage\"},\"thumbnailUrl\":\"https:\/\/projets.liure.fr\/pitchoune\/wp-content\/uploads\/sites\/8\/2022\/08\/20220801_072144.jpg\",\"datePublished\":\"2022-08-01T06:28:49+00:00\",\"dateModified\":\"2022-08-01T06:36:06+00:00\",\"description\":\"Magnifique cape de bain et son gant de la collection Hortense avec personnalisation au pr\u00e9nom de votre b\u00e9b\u00e9 qui en fera un cadeau unique\",\"breadcrumb\":{\"@id\":\"https:\/\/projets.liure.fr\/pitchoune\/produit\/cape-de-bain-et-gant-hortense\/#breadcrumb\"},\"inLanguage\":\"fr-FR\",\"potentialAction\":[{\"@type\":\"ReadAction\",\"target\":[\"https:\/\/projets.liure.fr\/pitchoune\/produit\/cape-de-bain-et-gant-hortense\/\"]}]},{\"@type\":\"ImageObject\",\"inLanguage\":\"fr-FR\",\"@id\":\"https:\/\/projets.liure.fr\/pitchoune\/produit\/cape-de-bain-et-gant-hortense\/#primaryimage\",\"url\":\"https:\/\/projets.liure.fr\/pitchoune\/wp-content\/uploads\/sites\/8\/2022\/08\/20220801_072144.jpg\",\"contentUrl\":\"https:\/\/projets.liure.fr\/pitchoune\/wp-content\/uploads\/sites\/8\/2022\/08\/20220801_072144.jpg\",\"width\":1210,\"height\":908,\"caption\":\"cape de bain gant b\u00e9b\u00e9 toilette auvergne\"},{\"@type\":\"WebSite\",\"@id\":\"https:\/\/projets.liure.fr\/pitchoune\/#website\",\"url\":\"https:\/\/projets.liure.fr\/pitchoune\/\",\"name\":\"pitchounetcoton\",\"description\":\"Un site utilisant Les sites de R\u00e9seau site puy de d\u00f4me 2\",\"potentialAction\":[{\"@type\":\"SearchAction\",\"target\":{\"@type\":\"EntryPoint\",\"urlTemplate\":\"https:\/\/projets.liure.fr\/pitchoune\/?s={search_term_string}\"},\"query-input\":{\"@type\":\"PropertyValueSpecification\",\"valueRequired\":true,\"valueName\":\"search_term_string\"}}],\"inLanguage\":\"fr-FR\"}]}<\/script>\n<!-- \/ Yoast SEO plugin. -->","yoast_head_json":{"title":"Cape de bain et gant Hortense- Pitchoun & Coton","description":"Magnifique cape de bain et son gant de la collection Hortense avec personnalisation au pr\u00e9nom de votre b\u00e9b\u00e9 qui en fera un cadeau unique","robots":{"index":"noindex","follow":"follow","max-snippet":"max-snippet:-1","max-image-preview":"max-image-preview:large","max-video-preview":"max-video-preview:-1"},"og_locale":"fr_FR","og_type":"article","og_title":"Cape de bain et gant Hortense- Pitchoun & Coton","og_description":"Magnifique cape de bain et son gant de la collection Hortense avec personnalisation au pr\u00e9nom de votre b\u00e9b\u00e9 qui en fera un cadeau unique","og_url":"https:\/\/projets.liure.fr\/pitchoune\/produit\/cape-de-bain-et-gant-hortense\/","og_site_name":"pitchounetcoton","article_modified_time":"2022-08-01T06:36:06+00:00","og_image":[{"width":1210,"height":908,"url":"https:\/\/projets.liure.fr\/pitchoune\/wp-content\/uploads\/sites\/8\/2022\/08\/20220801_072144.jpg","type":"image\/jpeg"}],"twitter_card":"summary_large_image","twitter_misc":{"Dur\u00e9e de lecture estim\u00e9e":"1 minute"},"schema":{"@context":"https:\/\/schema.org","@graph":[{"@type":"WebPage","@id":"https:\/\/projets.liure.fr\/pitchoune\/produit\/cape-de-bain-et-gant-hortense\/","url":"https:\/\/projets.liure.fr\/pitchoune\/produit\/cape-de-bain-et-gant-hortense\/","name":"Cape de bain et gant Hortense- Pitchoun & Coton","isPartOf":{"@id":"https:\/\/projets.liure.fr\/pitchoune\/#website"},"primaryImageOfPage":{"@id":"https:\/\/projets.liure.fr\/pitchoune\/produit\/cape-de-bain-et-gant-hortense\/#primaryimage"},"image":{"@id":"https:\/\/projets.liure.fr\/pitchoune\/produit\/cape-de-bain-et-gant-hortense\/#primaryimage"},"thumbnailUrl":"https:\/\/projets.liure.fr\/pitchoune\/wp-content\/uploads\/sites\/8\/2022\/08\/20220801_072144.jpg","datePublished":"2022-08-01T06:28:49+00:00","dateModified":"2022-08-01T06:36:06+00:00","description":"Magnifique cape de bain et son gant de la collection Hortense avec personnalisation au pr\u00e9nom de votre b\u00e9b\u00e9 qui en fera un cadeau unique","breadcrumb":{"@id":"https:\/\/projets.liure.fr\/pitchoune\/produit\/cape-de-bain-et-gant-hortense\/#breadcrumb"},"inLanguage":"fr-FR","potentialAction":[{"@type":"ReadAction","target":["https:\/\/projets.liure.fr\/pitchoune\/produit\/cape-de-bain-et-gant-hortense\/"]}]},{"@type":"ImageObject","inLanguage":"fr-FR","@id":"https:\/\/projets.liure.fr\/pitchoune\/produit\/cape-de-bain-et-gant-hortense\/#primaryimage","url":"https:\/\/projets.liure.fr\/pitchoune\/wp-content\/uploads\/sites\/8\/2022\/08\/20220801_072144.jpg","contentUrl":"https:\/\/projets.liure.fr\/pitchoune\/wp-content\/uploads\/sites\/8\/2022\/08\/20220801_072144.jpg","width":1210,"height":908,"caption":"cape de bain gant b\u00e9b\u00e9 toilette auvergne"},{"@type":"WebSite","@id":"https:\/\/projets.liure.fr\/pitchoune\/#website","url":"https:\/\/projets.liure.fr\/pitchoune\/","name":"pitchounetcoton","description":"Un site utilisant Les sites de R\u00e9seau site puy de d\u00f4me 2","potentialAction":[{"@type":"SearchAction","target":{"@type":"EntryPoint","urlTemplate":"https:\/\/projets.liure.fr\/pitchoune\/?s={search_term_string}"},"query-input":{"@type":"PropertyValueSpecification","valueRequired":true,"valueName":"search_term_string"}}],"inLanguage":"fr-FR"}]}},"_links":{"self":[{"href":"https:\/\/projets.liure.fr\/pitchoune\/wp-json\/wp\/v2\/product\/553","targetHints":{"allow":["GET"]}}],"collection":[{"href":"https:\/\/projets.liure.fr\/pitchoune\/wp-json\/wp\/v2\/product"}],"about":[{"href":"https:\/\/projets.liure.fr\/pitchoune\/wp-json\/wp\/v2\/types\/product"}],"wp:featuredmedia":[{"embeddable":true,"href":"https:\/\/projets.liure.fr\/pitchoune\/wp-json\/wp\/v2\/media\/550"}],"wp:attachment":[{"href":"https:\/\/projets.liure.fr\/pitchoune\/wp-json\/wp\/v2\/media?parent=553"}],"wp:term":[{"taxonomy":"product_brand","embeddable":true,"href":"https:\/\/projets.liure.fr\/pitchoune\/wp-json\/wp\/v2\/product_brand?post=553"},{"taxonomy":"product_cat","embeddable":true,"href":"https:\/\/projets.liure.fr\/pitchoune\/wp-json\/wp\/v2\/product_cat?post=553"},{"taxonomy":"product_tag","embeddable":true,"href":"https:\/\/projets.liure.fr\/pitchoune\/wp-json\/wp\/v2\/product_tag?post=553"}],"curies":[{"name":"wp","href":"https:\/\/api.w.org\/{rel}","templated":true}]}}