{"id":397,"date":"2022-07-17T17:49:32","date_gmt":"2022-07-17T15:49:32","guid":{"rendered":"https:\/\/projets.liure.fr\/pitchoune\/?post_type=product&#038;p=397"},"modified":"2022-07-17T17:59:18","modified_gmt":"2022-07-17T15:59:18","slug":"bavoir-fastoche-cerise","status":"publish","type":"product","link":"https:\/\/projets.liure.fr\/pitchoune\/produit\/bavoir-fastoche-cerise\/","title":{"rendered":"Bavoir fastoche Cerise"},"content":{"rendered":"<?xml encoding=\"utf-8\" ?><div class=\"container\">\n<div class=\"row\">\n<div class=\"col-md-12\">Fabriqu&eacute;s et con&ccedil;us dans notre atelier entre Clermont et Vichy.\n<p>Composition :&nbsp; &ndash; 1 c&ocirc;t&eacute; en &eacute;ponge 320 g\/m&sup2; (90% coton, 10% polyester)<\/p>\n<p>&ndash; 1 c&ocirc;t&eacute; coton imprim&eacute; 153 g\/m&sup2; oeko-tex<\/p>\n<p>Broderie machine possible au pr&eacute;nom de l&rsquo;enfant dans les tons du tissu et de l&rsquo;&eacute;ponge.<\/p><\/div>\n<\/div>\n<\/div>\n","protected":false},"excerpt":{"rendered":"<p>Bavoir fastoche shabby<\/p>\n<p>Le bavoir fastoche Cerise<\/p>\n<p>Le bavoir fastoche Cerise est un bavoir avec un tour de cou \u00e9lastiqu\u00e9. Il est con\u00e7u enti\u00e8rement dans notre atelier situ\u00e9 entre Clermont-Ferrand et Vichy. Ce bavoir est fabriqu\u00e9 \u00e0 la main et artisanalement en petite s\u00e9rie<\/p>\n<h2>Son utilit\u00e9<\/h2>\n<p>Le bavoir fastoche Cerise est facile \u00e0 mettre et \u00e0 enlever pour un enfant \u00e0 partir de 24 mois. En effet, gr\u00e2ce \u00e0 son \u00e9lastique, votre enfant pourra mettre et enlever son bavoir en toute s\u00e9curit\u00e9 et tout seul.<\/p>\n<p>Ce bavoir permettra \u00e0 votre enfant d&rsquo;acqu\u00e9rir plus d&rsquo;autonomie et sera pratique lors de sa rentr\u00e9e en maternelle.<\/p>\n<h2>La personnalisation<\/h2>\n<p>Vous pourrez personnaliser gratuitement le bavoir fastoche Cerise de votre enfant en nous indiquant son pr\u00e9nom lors de votre commande.<\/p>\n<p>Pitchoun et Coton le personnalise avec une broderie machine qui garantie la solidit\u00e9 et la qualit\u00e9 de la broderie.<\/p>\n<p>&nbsp;<\/p>\n","protected":false},"featured_media":365,"template":"","meta":{"_acf_changed":false},"product_brand":[],"product_cat":[28],"product_tag":[],"class_list":{"0":"post-397","1":"product","2":"type-product","3":"status-publish","4":"has-post-thumbnail","6":"product_cat-bavoir-fastoche","8":"first","9":"instock","10":"shipping-taxable","11":"purchasable","12":"product-type-simple"},"acf":[],"yoast_head":"<!-- This site is optimized with the Yoast SEO plugin v25.8 - https:\/\/yoast.com\/wordpress\/plugins\/seo\/ -->\n<title>Bavoir fastoche Cerise - pitchounetcoton<\/title>\n<meta name=\"description\" content=\"le bavoir fastoche Cerise est fabriqu\u00e9 par Pitchoun et Coton dans son atelier entre Clermont-Ferrand et Vichy\" \/>\n<meta name=\"robots\" content=\"noindex, follow, max-snippet:-1, max-image-preview:large, max-video-preview:-1\" \/>\n<meta property=\"og:locale\" content=\"fr_FR\" \/>\n<meta property=\"og:type\" content=\"article\" \/>\n<meta property=\"og:title\" content=\"Bavoir fastoche Cerise - pitchounetcoton\" \/>\n<meta property=\"og:description\" content=\"le bavoir fastoche Cerise est fabriqu\u00e9 par Pitchoun et Coton dans son atelier entre Clermont-Ferrand et Vichy\" \/>\n<meta property=\"og:url\" content=\"https:\/\/projets.liure.fr\/pitchoune\/produit\/bavoir-fastoche-cerise\/\" \/>\n<meta property=\"og:site_name\" content=\"pitchounetcoton\" \/>\n<meta property=\"article:modified_time\" content=\"2022-07-17T15:59:18+00:00\" \/>\n<meta property=\"og:image\" content=\"https:\/\/projets.liure.fr\/pitchoune\/wp-content\/uploads\/sites\/8\/2022\/07\/20220717_115201.jpg\" \/>\n\t<meta property=\"og:image:width\" content=\"908\" \/>\n\t<meta property=\"og:image:height\" content=\"1210\" \/>\n\t<meta property=\"og:image:type\" content=\"image\/jpeg\" \/>\n<meta name=\"twitter:card\" content=\"summary_large_image\" \/>\n<meta name=\"twitter:label1\" content=\"Dur\u00e9e de lecture estim\u00e9e\" \/>\n\t<meta name=\"twitter:data1\" content=\"1 minute\" \/>\n<script type=\"application\/ld+json\" class=\"yoast-schema-graph\">{\"@context\":\"https:\/\/schema.org\",\"@graph\":[{\"@type\":\"WebPage\",\"@id\":\"https:\/\/projets.liure.fr\/pitchoune\/produit\/bavoir-fastoche-cerise\/\",\"url\":\"https:\/\/projets.liure.fr\/pitchoune\/produit\/bavoir-fastoche-cerise\/\",\"name\":\"Bavoir fastoche Cerise - pitchounetcoton\",\"isPartOf\":{\"@id\":\"https:\/\/projets.liure.fr\/pitchoune\/#website\"},\"primaryImageOfPage\":{\"@id\":\"https:\/\/projets.liure.fr\/pitchoune\/produit\/bavoir-fastoche-cerise\/#primaryimage\"},\"image\":{\"@id\":\"https:\/\/projets.liure.fr\/pitchoune\/produit\/bavoir-fastoche-cerise\/#primaryimage\"},\"thumbnailUrl\":\"https:\/\/projets.liure.fr\/pitchoune\/wp-content\/uploads\/sites\/8\/2022\/07\/20220717_115201.jpg\",\"datePublished\":\"2022-07-17T15:49:32+00:00\",\"dateModified\":\"2022-07-17T15:59:18+00:00\",\"description\":\"le bavoir fastoche Cerise est fabriqu\u00e9 par Pitchoun et Coton dans son atelier entre Clermont-Ferrand et Vichy\",\"breadcrumb\":{\"@id\":\"https:\/\/projets.liure.fr\/pitchoune\/produit\/bavoir-fastoche-cerise\/#breadcrumb\"},\"inLanguage\":\"fr-FR\",\"potentialAction\":[{\"@type\":\"ReadAction\",\"target\":[\"https:\/\/projets.liure.fr\/pitchoune\/produit\/bavoir-fastoche-cerise\/\"]}]},{\"@type\":\"ImageObject\",\"inLanguage\":\"fr-FR\",\"@id\":\"https:\/\/projets.liure.fr\/pitchoune\/produit\/bavoir-fastoche-cerise\/#primaryimage\",\"url\":\"https:\/\/projets.liure.fr\/pitchoune\/wp-content\/uploads\/sites\/8\/2022\/07\/20220717_115201.jpg\",\"contentUrl\":\"https:\/\/projets.liure.fr\/pitchoune\/wp-content\/uploads\/sites\/8\/2022\/07\/20220717_115201.jpg\",\"width\":908,\"height\":1210,\"caption\":\"bavoir rouge enfant fastoche fait main auvergne\"},{\"@type\":\"WebSite\",\"@id\":\"https:\/\/projets.liure.fr\/pitchoune\/#website\",\"url\":\"https:\/\/projets.liure.fr\/pitchoune\/\",\"name\":\"pitchounetcoton\",\"description\":\"Un site utilisant Les sites de R\u00e9seau site puy de d\u00f4me 2\",\"potentialAction\":[{\"@type\":\"SearchAction\",\"target\":{\"@type\":\"EntryPoint\",\"urlTemplate\":\"https:\/\/projets.liure.fr\/pitchoune\/?s={search_term_string}\"},\"query-input\":{\"@type\":\"PropertyValueSpecification\",\"valueRequired\":true,\"valueName\":\"search_term_string\"}}],\"inLanguage\":\"fr-FR\"}]}<\/script>\n<!-- \/ Yoast SEO plugin. -->","yoast_head_json":{"title":"Bavoir fastoche Cerise - pitchounetcoton","description":"le bavoir fastoche Cerise est fabriqu\u00e9 par Pitchoun et Coton dans son atelier entre Clermont-Ferrand et Vichy","robots":{"index":"noindex","follow":"follow","max-snippet":"max-snippet:-1","max-image-preview":"max-image-preview:large","max-video-preview":"max-video-preview:-1"},"og_locale":"fr_FR","og_type":"article","og_title":"Bavoir fastoche Cerise - pitchounetcoton","og_description":"le bavoir fastoche Cerise est fabriqu\u00e9 par Pitchoun et Coton dans son atelier entre Clermont-Ferrand et Vichy","og_url":"https:\/\/projets.liure.fr\/pitchoune\/produit\/bavoir-fastoche-cerise\/","og_site_name":"pitchounetcoton","article_modified_time":"2022-07-17T15:59:18+00:00","og_image":[{"width":908,"height":1210,"url":"https:\/\/projets.liure.fr\/pitchoune\/wp-content\/uploads\/sites\/8\/2022\/07\/20220717_115201.jpg","type":"image\/jpeg"}],"twitter_card":"summary_large_image","twitter_misc":{"Dur\u00e9e de lecture estim\u00e9e":"1 minute"},"schema":{"@context":"https:\/\/schema.org","@graph":[{"@type":"WebPage","@id":"https:\/\/projets.liure.fr\/pitchoune\/produit\/bavoir-fastoche-cerise\/","url":"https:\/\/projets.liure.fr\/pitchoune\/produit\/bavoir-fastoche-cerise\/","name":"Bavoir fastoche Cerise - pitchounetcoton","isPartOf":{"@id":"https:\/\/projets.liure.fr\/pitchoune\/#website"},"primaryImageOfPage":{"@id":"https:\/\/projets.liure.fr\/pitchoune\/produit\/bavoir-fastoche-cerise\/#primaryimage"},"image":{"@id":"https:\/\/projets.liure.fr\/pitchoune\/produit\/bavoir-fastoche-cerise\/#primaryimage"},"thumbnailUrl":"https:\/\/projets.liure.fr\/pitchoune\/wp-content\/uploads\/sites\/8\/2022\/07\/20220717_115201.jpg","datePublished":"2022-07-17T15:49:32+00:00","dateModified":"2022-07-17T15:59:18+00:00","description":"le bavoir fastoche Cerise est fabriqu\u00e9 par Pitchoun et Coton dans son atelier entre Clermont-Ferrand et Vichy","breadcrumb":{"@id":"https:\/\/projets.liure.fr\/pitchoune\/produit\/bavoir-fastoche-cerise\/#breadcrumb"},"inLanguage":"fr-FR","potentialAction":[{"@type":"ReadAction","target":["https:\/\/projets.liure.fr\/pitchoune\/produit\/bavoir-fastoche-cerise\/"]}]},{"@type":"ImageObject","inLanguage":"fr-FR","@id":"https:\/\/projets.liure.fr\/pitchoune\/produit\/bavoir-fastoche-cerise\/#primaryimage","url":"https:\/\/projets.liure.fr\/pitchoune\/wp-content\/uploads\/sites\/8\/2022\/07\/20220717_115201.jpg","contentUrl":"https:\/\/projets.liure.fr\/pitchoune\/wp-content\/uploads\/sites\/8\/2022\/07\/20220717_115201.jpg","width":908,"height":1210,"caption":"bavoir rouge enfant fastoche fait main auvergne"},{"@type":"WebSite","@id":"https:\/\/projets.liure.fr\/pitchoune\/#website","url":"https:\/\/projets.liure.fr\/pitchoune\/","name":"pitchounetcoton","description":"Un site utilisant Les sites de R\u00e9seau site puy de d\u00f4me 2","potentialAction":[{"@type":"SearchAction","target":{"@type":"EntryPoint","urlTemplate":"https:\/\/projets.liure.fr\/pitchoune\/?s={search_term_string}"},"query-input":{"@type":"PropertyValueSpecification","valueRequired":true,"valueName":"search_term_string"}}],"inLanguage":"fr-FR"}]}},"_links":{"self":[{"href":"https:\/\/projets.liure.fr\/pitchoune\/wp-json\/wp\/v2\/product\/397","targetHints":{"allow":["GET"]}}],"collection":[{"href":"https:\/\/projets.liure.fr\/pitchoune\/wp-json\/wp\/v2\/product"}],"about":[{"href":"https:\/\/projets.liure.fr\/pitchoune\/wp-json\/wp\/v2\/types\/product"}],"wp:featuredmedia":[{"embeddable":true,"href":"https:\/\/projets.liure.fr\/pitchoune\/wp-json\/wp\/v2\/media\/365"}],"wp:attachment":[{"href":"https:\/\/projets.liure.fr\/pitchoune\/wp-json\/wp\/v2\/media?parent=397"}],"wp:term":[{"taxonomy":"product_brand","embeddable":true,"href":"https:\/\/projets.liure.fr\/pitchoune\/wp-json\/wp\/v2\/product_brand?post=397"},{"taxonomy":"product_cat","embeddable":true,"href":"https:\/\/projets.liure.fr\/pitchoune\/wp-json\/wp\/v2\/product_cat?post=397"},{"taxonomy":"product_tag","embeddable":true,"href":"https:\/\/projets.liure.fr\/pitchoune\/wp-json\/wp\/v2\/product_tag?post=397"}],"curies":[{"name":"wp","href":"https:\/\/api.w.org\/{rel}","templated":true}]}}