{"id":378,"date":"2022-07-17T12:41:19","date_gmt":"2022-07-17T10:41:19","guid":{"rendered":"https:\/\/projets.liure.fr\/pitchoune\/?post_type=product&#038;p=378"},"modified":"2022-07-17T15:45:55","modified_gmt":"2022-07-17T13:45:55","slug":"bavoir-naissance-vichy","status":"publish","type":"product","link":"https:\/\/projets.liure.fr\/pitchoune\/produit\/bavoir-naissance-vichy\/","title":{"rendered":"Bavoir naissance Vichy"},"content":{"rendered":"<?xml encoding=\"utf-8\" ?><div class=\"container\">\n<div class=\"row\">\n<div class=\"col-md-12\">Composition :\n<ul>\n<li>1 face &eacute;ponge de bambou (40% bambou, 40 % polyester, 20% coton)<\/li>\n<li>1 face 100 % coton<\/li>\n<\/ul>\n<p>Conseils d&rsquo;entretiens de votre bavoir :<\/p>\n<ul>\n<li>lavez le bavoir de votre b&eacute;b&eacute; en machine programme 40 &deg;.<\/li>\n<li>javel interdit<\/li>\n<li>s&eacute;chage &agrave; l&rsquo;air ou en s&egrave;che linge programme doux<\/li>\n<li>si vous avez des t&acirc;ches incrust&eacute;es, vous trouverez <a href=\"https:\/\/www.labelleadresse.com\/conseils-astuces\/linge\/entretien-du-linge-bebe-et-peaux-sensibles\/linge-entretien-linge-laver-bavoirs\" target=\"_blank\" rel=\"noopener\">ici<\/a> de tr&egrave;s bons conseils pour les enlever de mani&egrave;res douces et respectueuses pour la peau de votre b&eacute;b&eacute;.<\/li>\n<\/ul>\n<p>&nbsp;<\/p>\n<p>&nbsp;<\/p>\n<p>&nbsp;<\/p><\/div>\n<\/div>\n<\/div>\n","protected":false},"excerpt":{"rendered":"<h2>Le bavoir naissance Vichy<\/h2>\n<p>Le bavoir naissance Vichy est fabriqu\u00e9 avec des mati\u00e8res toutes douces avec son \u00e9ponge compos\u00e9e de bambou et un doux coton \u00e0 carreaux vichy. Ces deux couches sont compos\u00e9es de tissus issu de la fili\u00e8re oeko-tex pour respecter la peau de votre b\u00e9b\u00e9.<\/p>\n<h2>Sa fabrication et conception<\/h2>\n<p>Pitchoun et Coton vous propose un produit r\u00e9gional avec son bavoir naissance Vichy.<\/p>\n<p>En achetant ce bavoir, vous achetez un produit made in France et local puisque l&rsquo;Atelier se trouve dans la ville de Combronde, situ\u00e9 entre Vichy et Clermont-Ferrand. D&rsquo;o\u00f9 le d\u00e9sir de cr\u00e9er ce bavoir avec son tissu \u00e0 carreaux si caract\u00e9ristique et repr\u00e9sentant la r\u00e9gion Vichyssoise.<\/p>\n<h2>Son utilisation<\/h2>\n<p>Vous pourrez utiliser le bavoir naissance vichy d\u00e8s l&rsquo;arriv\u00e9e de votre b\u00e9b\u00e9 et il l&rsquo;accompagnera pendant plusieurs mois lors de ses biberons et ses repas diversifi\u00e9s.<\/p>\n<h2>La personnalisation<\/h2>\n<p>N&rsquo;h\u00e9sitez pas \u00e0 personnaliser votre bavoir au pr\u00e9nom du b\u00e9b\u00e9. Vous pourrez en faire un cadeau de naissance unique !<\/p>\n<p>Pitchoun et Coton brode le pr\u00e9nom de votre b\u00e9b\u00e9 avec un fil coordonn\u00e9 au tissu du bavoir s\u00e9lectionn\u00e9. La broderie est effectu\u00e9e uniquement \u00e0 la machine pour un r\u00e9sultat parfait et\u00a0 une tenue dans le temps garantie.<\/p>\n","protected":false},"featured_media":379,"template":"","meta":{"_acf_changed":false},"product_brand":[],"product_cat":[24],"product_tag":[],"class_list":{"0":"post-378","1":"product","2":"type-product","3":"status-publish","4":"has-post-thumbnail","6":"product_cat-bavoir-naissance","8":"first","9":"instock","10":"shipping-taxable","11":"purchasable","12":"product-type-variable"},"acf":[],"yoast_head":"<!-- This site is optimized with the Yoast SEO plugin v25.8 - https:\/\/yoast.com\/wordpress\/plugins\/seo\/ -->\n<title>Bavoir naissance Vichy - pitchounetcoton<\/title>\n<meta name=\"description\" content=\"D\u00e9couvrez la gamme bavoir de naissance vichy chez Pitchoun et coton, qui accompagnera votre enfant d\u00e8s sa naissance lors de ses repas.\" \/>\n<meta name=\"robots\" content=\"noindex, follow, max-snippet:-1, max-image-preview:large, max-video-preview:-1\" \/>\n<meta property=\"og:locale\" content=\"fr_FR\" \/>\n<meta property=\"og:type\" content=\"article\" \/>\n<meta property=\"og:title\" content=\"Bavoir naissance Vichy - pitchounetcoton\" \/>\n<meta property=\"og:description\" content=\"D\u00e9couvrez la gamme bavoir de naissance vichy chez Pitchoun et coton, qui accompagnera votre enfant d\u00e8s sa naissance lors de ses repas.\" \/>\n<meta property=\"og:url\" content=\"https:\/\/projets.liure.fr\/pitchoune\/produit\/bavoir-naissance-vichy\/\" \/>\n<meta property=\"og:site_name\" content=\"pitchounetcoton\" \/>\n<meta property=\"article:modified_time\" content=\"2022-07-17T13:45:55+00:00\" \/>\n<meta property=\"og:image\" content=\"https:\/\/projets.liure.fr\/pitchoune\/wp-content\/uploads\/sites\/8\/2022\/07\/20220717_123728.jpg\" \/>\n\t<meta property=\"og:image:width\" content=\"908\" \/>\n\t<meta property=\"og:image:height\" content=\"1210\" \/>\n\t<meta property=\"og:image:type\" content=\"image\/jpeg\" \/>\n<meta name=\"twitter:card\" content=\"summary_large_image\" \/>\n<meta name=\"twitter:label1\" content=\"Dur\u00e9e de lecture estim\u00e9e\" \/>\n\t<meta name=\"twitter:data1\" content=\"1 minute\" \/>\n<script type=\"application\/ld+json\" class=\"yoast-schema-graph\">{\"@context\":\"https:\/\/schema.org\",\"@graph\":[{\"@type\":\"WebPage\",\"@id\":\"https:\/\/projets.liure.fr\/pitchoune\/produit\/bavoir-naissance-vichy\/\",\"url\":\"https:\/\/projets.liure.fr\/pitchoune\/produit\/bavoir-naissance-vichy\/\",\"name\":\"Bavoir naissance Vichy - pitchounetcoton\",\"isPartOf\":{\"@id\":\"https:\/\/projets.liure.fr\/pitchoune\/#website\"},\"primaryImageOfPage\":{\"@id\":\"https:\/\/projets.liure.fr\/pitchoune\/produit\/bavoir-naissance-vichy\/#primaryimage\"},\"image\":{\"@id\":\"https:\/\/projets.liure.fr\/pitchoune\/produit\/bavoir-naissance-vichy\/#primaryimage\"},\"thumbnailUrl\":\"https:\/\/projets.liure.fr\/pitchoune\/wp-content\/uploads\/sites\/8\/2022\/07\/20220717_123728.jpg\",\"datePublished\":\"2022-07-17T10:41:19+00:00\",\"dateModified\":\"2022-07-17T13:45:55+00:00\",\"description\":\"D\u00e9couvrez la gamme bavoir de naissance vichy chez Pitchoun et coton, qui accompagnera votre enfant d\u00e8s sa naissance lors de ses repas.\",\"breadcrumb\":{\"@id\":\"https:\/\/projets.liure.fr\/pitchoune\/produit\/bavoir-naissance-vichy\/#breadcrumb\"},\"inLanguage\":\"fr-FR\",\"potentialAction\":[{\"@type\":\"ReadAction\",\"target\":[\"https:\/\/projets.liure.fr\/pitchoune\/produit\/bavoir-naissance-vichy\/\"]}]},{\"@type\":\"ImageObject\",\"inLanguage\":\"fr-FR\",\"@id\":\"https:\/\/projets.liure.fr\/pitchoune\/produit\/bavoir-naissance-vichy\/#primaryimage\",\"url\":\"https:\/\/projets.liure.fr\/pitchoune\/wp-content\/uploads\/sites\/8\/2022\/07\/20220717_123728.jpg\",\"contentUrl\":\"https:\/\/projets.liure.fr\/pitchoune\/wp-content\/uploads\/sites\/8\/2022\/07\/20220717_123728.jpg\",\"width\":908,\"height\":1210,\"caption\":\"bavoir naissance vichy b\u00e9b\u00e9 artisanat\"},{\"@type\":\"WebSite\",\"@id\":\"https:\/\/projets.liure.fr\/pitchoune\/#website\",\"url\":\"https:\/\/projets.liure.fr\/pitchoune\/\",\"name\":\"pitchounetcoton\",\"description\":\"Un site utilisant Les sites de R\u00e9seau site puy de d\u00f4me 2\",\"potentialAction\":[{\"@type\":\"SearchAction\",\"target\":{\"@type\":\"EntryPoint\",\"urlTemplate\":\"https:\/\/projets.liure.fr\/pitchoune\/?s={search_term_string}\"},\"query-input\":{\"@type\":\"PropertyValueSpecification\",\"valueRequired\":true,\"valueName\":\"search_term_string\"}}],\"inLanguage\":\"fr-FR\"}]}<\/script>\n<!-- \/ Yoast SEO plugin. -->","yoast_head_json":{"title":"Bavoir naissance Vichy - pitchounetcoton","description":"D\u00e9couvrez la gamme bavoir de naissance vichy chez Pitchoun et coton, qui accompagnera votre enfant d\u00e8s sa naissance lors de ses repas.","robots":{"index":"noindex","follow":"follow","max-snippet":"max-snippet:-1","max-image-preview":"max-image-preview:large","max-video-preview":"max-video-preview:-1"},"og_locale":"fr_FR","og_type":"article","og_title":"Bavoir naissance Vichy - pitchounetcoton","og_description":"D\u00e9couvrez la gamme bavoir de naissance vichy chez Pitchoun et coton, qui accompagnera votre enfant d\u00e8s sa naissance lors de ses repas.","og_url":"https:\/\/projets.liure.fr\/pitchoune\/produit\/bavoir-naissance-vichy\/","og_site_name":"pitchounetcoton","article_modified_time":"2022-07-17T13:45:55+00:00","og_image":[{"width":908,"height":1210,"url":"https:\/\/projets.liure.fr\/pitchoune\/wp-content\/uploads\/sites\/8\/2022\/07\/20220717_123728.jpg","type":"image\/jpeg"}],"twitter_card":"summary_large_image","twitter_misc":{"Dur\u00e9e de lecture estim\u00e9e":"1 minute"},"schema":{"@context":"https:\/\/schema.org","@graph":[{"@type":"WebPage","@id":"https:\/\/projets.liure.fr\/pitchoune\/produit\/bavoir-naissance-vichy\/","url":"https:\/\/projets.liure.fr\/pitchoune\/produit\/bavoir-naissance-vichy\/","name":"Bavoir naissance Vichy - pitchounetcoton","isPartOf":{"@id":"https:\/\/projets.liure.fr\/pitchoune\/#website"},"primaryImageOfPage":{"@id":"https:\/\/projets.liure.fr\/pitchoune\/produit\/bavoir-naissance-vichy\/#primaryimage"},"image":{"@id":"https:\/\/projets.liure.fr\/pitchoune\/produit\/bavoir-naissance-vichy\/#primaryimage"},"thumbnailUrl":"https:\/\/projets.liure.fr\/pitchoune\/wp-content\/uploads\/sites\/8\/2022\/07\/20220717_123728.jpg","datePublished":"2022-07-17T10:41:19+00:00","dateModified":"2022-07-17T13:45:55+00:00","description":"D\u00e9couvrez la gamme bavoir de naissance vichy chez Pitchoun et coton, qui accompagnera votre enfant d\u00e8s sa naissance lors de ses repas.","breadcrumb":{"@id":"https:\/\/projets.liure.fr\/pitchoune\/produit\/bavoir-naissance-vichy\/#breadcrumb"},"inLanguage":"fr-FR","potentialAction":[{"@type":"ReadAction","target":["https:\/\/projets.liure.fr\/pitchoune\/produit\/bavoir-naissance-vichy\/"]}]},{"@type":"ImageObject","inLanguage":"fr-FR","@id":"https:\/\/projets.liure.fr\/pitchoune\/produit\/bavoir-naissance-vichy\/#primaryimage","url":"https:\/\/projets.liure.fr\/pitchoune\/wp-content\/uploads\/sites\/8\/2022\/07\/20220717_123728.jpg","contentUrl":"https:\/\/projets.liure.fr\/pitchoune\/wp-content\/uploads\/sites\/8\/2022\/07\/20220717_123728.jpg","width":908,"height":1210,"caption":"bavoir naissance vichy b\u00e9b\u00e9 artisanat"},{"@type":"WebSite","@id":"https:\/\/projets.liure.fr\/pitchoune\/#website","url":"https:\/\/projets.liure.fr\/pitchoune\/","name":"pitchounetcoton","description":"Un site utilisant Les sites de R\u00e9seau site puy de d\u00f4me 2","potentialAction":[{"@type":"SearchAction","target":{"@type":"EntryPoint","urlTemplate":"https:\/\/projets.liure.fr\/pitchoune\/?s={search_term_string}"},"query-input":{"@type":"PropertyValueSpecification","valueRequired":true,"valueName":"search_term_string"}}],"inLanguage":"fr-FR"}]}},"_links":{"self":[{"href":"https:\/\/projets.liure.fr\/pitchoune\/wp-json\/wp\/v2\/product\/378","targetHints":{"allow":["GET"]}}],"collection":[{"href":"https:\/\/projets.liure.fr\/pitchoune\/wp-json\/wp\/v2\/product"}],"about":[{"href":"https:\/\/projets.liure.fr\/pitchoune\/wp-json\/wp\/v2\/types\/product"}],"wp:featuredmedia":[{"embeddable":true,"href":"https:\/\/projets.liure.fr\/pitchoune\/wp-json\/wp\/v2\/media\/379"}],"wp:attachment":[{"href":"https:\/\/projets.liure.fr\/pitchoune\/wp-json\/wp\/v2\/media?parent=378"}],"wp:term":[{"taxonomy":"product_brand","embeddable":true,"href":"https:\/\/projets.liure.fr\/pitchoune\/wp-json\/wp\/v2\/product_brand?post=378"},{"taxonomy":"product_cat","embeddable":true,"href":"https:\/\/projets.liure.fr\/pitchoune\/wp-json\/wp\/v2\/product_cat?post=378"},{"taxonomy":"product_tag","embeddable":true,"href":"https:\/\/projets.liure.fr\/pitchoune\/wp-json\/wp\/v2\/product_tag?post=378"}],"curies":[{"name":"wp","href":"https:\/\/api.w.org\/{rel}","templated":true}]}}