{"id":307,"date":"2022-05-16T15:47:31","date_gmt":"2022-05-16T13:47:31","guid":{"rendered":"https:\/\/projets.liure.fr\/pitchoune\/?post_type=product&#038;p=307"},"modified":"2022-09-18T18:03:46","modified_gmt":"2022-09-18T16:03:46","slug":"bavoir-fastoche-shabby","status":"publish","type":"product","link":"https:\/\/projets.liure.fr\/pitchoune\/produit\/bavoir-fastoche-shabby\/","title":{"rendered":"Bavoir fastoche Shabby"},"content":{"rendered":"<?xml encoding=\"utf-8\" ?><div class=\"container\">\n<div class=\"row\">\n<div class=\"col-md-12\">Fabriqu&eacute;s et con&ccedil;us dans notre atelier entre Clermont et Vichy.\n<p>Composition :&nbsp; &ndash; 1 c&ocirc;t&eacute; en &eacute;ponge 320 g\/m&sup2; (90% coton, 10% polyester)<\/p>\n<p>&ndash; 1 c&ocirc;t&eacute; coton imprim&eacute; 153 g\/m&sup2; oeko-tex<\/p>\n<p>Broderie machine possible au pr&eacute;nom de l&rsquo;enfant<\/p><\/div>\n<\/div>\n<\/div>\n","protected":false},"excerpt":{"rendered":"<p>Bavoir fastoche shabby<\/p>\n<p>Un bavoir facile \u00e0 mettre et \u00e0 enlever pour un enfant \u00e0 partir de 24 mois.<\/p>\n<p>Bavoir permettant \u00e0 votre enfant d&rsquo;acqu\u00e9rir plus d&rsquo;autonomie et pratique lors de la rentr\u00e9e en maternelle.<\/p>\n<p>Personnalisez gratuitement le bavoir fastoche de votre enfant en nous indiquant son pr\u00e9nom lors de votre commande.<\/p>\n<p>Pitchoun et Coton le personnalise avec une broderie machine.<\/p>\n<p>&nbsp;<\/p>\n","protected":false},"featured_media":262,"template":"","meta":{"_acf_changed":false},"product_brand":[],"product_cat":[28,16],"product_tag":[],"class_list":{"0":"post-307","1":"product","2":"type-product","3":"status-publish","4":"has-post-thumbnail","6":"product_cat-bavoir-fastoche","7":"product_cat-bavoirs","9":"first","10":"instock","11":"shipping-taxable","12":"purchasable","13":"product-type-variable"},"acf":[],"yoast_head":"<!-- This site is optimized with the Yoast SEO plugin v25.8 - https:\/\/yoast.com\/wordpress\/plugins\/seo\/ -->\n<title>Bavoir fastoche Shabby - pitchounetcoton<\/title>\n<meta name=\"description\" content=\"Un bavoir facile \u00e0 enfiler pour enfant \u00e0 partir de 24 mois. Gr\u00e2ce \u00e0 son \u00e9lastique, votre enfant pourra le mettre tout seul.\" \/>\n<meta name=\"robots\" content=\"noindex, follow, max-snippet:-1, max-image-preview:large, max-video-preview:-1\" \/>\n<meta property=\"og:locale\" content=\"fr_FR\" \/>\n<meta property=\"og:type\" content=\"article\" \/>\n<meta property=\"og:title\" content=\"Bavoir fastoche Shabby - pitchounetcoton\" \/>\n<meta property=\"og:description\" content=\"Un bavoir facile \u00e0 enfiler pour enfant \u00e0 partir de 24 mois. Gr\u00e2ce \u00e0 son \u00e9lastique, votre enfant pourra le mettre tout seul.\" \/>\n<meta property=\"og:url\" content=\"https:\/\/projets.liure.fr\/pitchoune\/produit\/bavoir-fastoche-shabby\/\" \/>\n<meta property=\"og:site_name\" content=\"pitchounetcoton\" \/>\n<meta property=\"article:modified_time\" content=\"2022-09-18T16:03:46+00:00\" \/>\n<meta property=\"og:image\" content=\"https:\/\/projets.liure.fr\/pitchoune\/wp-content\/uploads\/sites\/8\/2022\/05\/20220511_114952.jpg\" \/>\n\t<meta property=\"og:image:width\" content=\"908\" \/>\n\t<meta property=\"og:image:height\" content=\"1210\" \/>\n\t<meta property=\"og:image:type\" content=\"image\/jpeg\" \/>\n<meta name=\"twitter:card\" content=\"summary_large_image\" \/>\n<meta name=\"twitter:label1\" content=\"Dur\u00e9e de lecture estim\u00e9e\" \/>\n\t<meta name=\"twitter:data1\" content=\"1 minute\" \/>\n<script type=\"application\/ld+json\" class=\"yoast-schema-graph\">{\"@context\":\"https:\/\/schema.org\",\"@graph\":[{\"@type\":\"WebPage\",\"@id\":\"https:\/\/projets.liure.fr\/pitchoune\/produit\/bavoir-fastoche-shabby\/\",\"url\":\"https:\/\/projets.liure.fr\/pitchoune\/produit\/bavoir-fastoche-shabby\/\",\"name\":\"Bavoir fastoche Shabby - pitchounetcoton\",\"isPartOf\":{\"@id\":\"https:\/\/projets.liure.fr\/pitchoune\/#website\"},\"primaryImageOfPage\":{\"@id\":\"https:\/\/projets.liure.fr\/pitchoune\/produit\/bavoir-fastoche-shabby\/#primaryimage\"},\"image\":{\"@id\":\"https:\/\/projets.liure.fr\/pitchoune\/produit\/bavoir-fastoche-shabby\/#primaryimage\"},\"thumbnailUrl\":\"https:\/\/projets.liure.fr\/pitchoune\/wp-content\/uploads\/sites\/8\/2022\/05\/20220511_114952.jpg\",\"datePublished\":\"2022-05-16T13:47:31+00:00\",\"dateModified\":\"2022-09-18T16:03:46+00:00\",\"description\":\"Un bavoir facile \u00e0 enfiler pour enfant \u00e0 partir de 24 mois. Gr\u00e2ce \u00e0 son \u00e9lastique, votre enfant pourra le mettre tout seul.\",\"breadcrumb\":{\"@id\":\"https:\/\/projets.liure.fr\/pitchoune\/produit\/bavoir-fastoche-shabby\/#breadcrumb\"},\"inLanguage\":\"fr-FR\",\"potentialAction\":[{\"@type\":\"ReadAction\",\"target\":[\"https:\/\/projets.liure.fr\/pitchoune\/produit\/bavoir-fastoche-shabby\/\"]}]},{\"@type\":\"ImageObject\",\"inLanguage\":\"fr-FR\",\"@id\":\"https:\/\/projets.liure.fr\/pitchoune\/produit\/bavoir-fastoche-shabby\/#primaryimage\",\"url\":\"https:\/\/projets.liure.fr\/pitchoune\/wp-content\/uploads\/sites\/8\/2022\/05\/20220511_114952.jpg\",\"contentUrl\":\"https:\/\/projets.liure.fr\/pitchoune\/wp-content\/uploads\/sites\/8\/2022\/05\/20220511_114952.jpg\",\"width\":908,\"height\":1210},{\"@type\":\"WebSite\",\"@id\":\"https:\/\/projets.liure.fr\/pitchoune\/#website\",\"url\":\"https:\/\/projets.liure.fr\/pitchoune\/\",\"name\":\"pitchounetcoton\",\"description\":\"Un site utilisant Les sites de R\u00e9seau site puy de d\u00f4me 2\",\"potentialAction\":[{\"@type\":\"SearchAction\",\"target\":{\"@type\":\"EntryPoint\",\"urlTemplate\":\"https:\/\/projets.liure.fr\/pitchoune\/?s={search_term_string}\"},\"query-input\":{\"@type\":\"PropertyValueSpecification\",\"valueRequired\":true,\"valueName\":\"search_term_string\"}}],\"inLanguage\":\"fr-FR\"}]}<\/script>\n<!-- \/ Yoast SEO plugin. -->","yoast_head_json":{"title":"Bavoir fastoche Shabby - pitchounetcoton","description":"Un bavoir facile \u00e0 enfiler pour enfant \u00e0 partir de 24 mois. Gr\u00e2ce \u00e0 son \u00e9lastique, votre enfant pourra le mettre tout seul.","robots":{"index":"noindex","follow":"follow","max-snippet":"max-snippet:-1","max-image-preview":"max-image-preview:large","max-video-preview":"max-video-preview:-1"},"og_locale":"fr_FR","og_type":"article","og_title":"Bavoir fastoche Shabby - pitchounetcoton","og_description":"Un bavoir facile \u00e0 enfiler pour enfant \u00e0 partir de 24 mois. Gr\u00e2ce \u00e0 son \u00e9lastique, votre enfant pourra le mettre tout seul.","og_url":"https:\/\/projets.liure.fr\/pitchoune\/produit\/bavoir-fastoche-shabby\/","og_site_name":"pitchounetcoton","article_modified_time":"2022-09-18T16:03:46+00:00","og_image":[{"width":908,"height":1210,"url":"https:\/\/projets.liure.fr\/pitchoune\/wp-content\/uploads\/sites\/8\/2022\/05\/20220511_114952.jpg","type":"image\/jpeg"}],"twitter_card":"summary_large_image","twitter_misc":{"Dur\u00e9e de lecture estim\u00e9e":"1 minute"},"schema":{"@context":"https:\/\/schema.org","@graph":[{"@type":"WebPage","@id":"https:\/\/projets.liure.fr\/pitchoune\/produit\/bavoir-fastoche-shabby\/","url":"https:\/\/projets.liure.fr\/pitchoune\/produit\/bavoir-fastoche-shabby\/","name":"Bavoir fastoche Shabby - pitchounetcoton","isPartOf":{"@id":"https:\/\/projets.liure.fr\/pitchoune\/#website"},"primaryImageOfPage":{"@id":"https:\/\/projets.liure.fr\/pitchoune\/produit\/bavoir-fastoche-shabby\/#primaryimage"},"image":{"@id":"https:\/\/projets.liure.fr\/pitchoune\/produit\/bavoir-fastoche-shabby\/#primaryimage"},"thumbnailUrl":"https:\/\/projets.liure.fr\/pitchoune\/wp-content\/uploads\/sites\/8\/2022\/05\/20220511_114952.jpg","datePublished":"2022-05-16T13:47:31+00:00","dateModified":"2022-09-18T16:03:46+00:00","description":"Un bavoir facile \u00e0 enfiler pour enfant \u00e0 partir de 24 mois. Gr\u00e2ce \u00e0 son \u00e9lastique, votre enfant pourra le mettre tout seul.","breadcrumb":{"@id":"https:\/\/projets.liure.fr\/pitchoune\/produit\/bavoir-fastoche-shabby\/#breadcrumb"},"inLanguage":"fr-FR","potentialAction":[{"@type":"ReadAction","target":["https:\/\/projets.liure.fr\/pitchoune\/produit\/bavoir-fastoche-shabby\/"]}]},{"@type":"ImageObject","inLanguage":"fr-FR","@id":"https:\/\/projets.liure.fr\/pitchoune\/produit\/bavoir-fastoche-shabby\/#primaryimage","url":"https:\/\/projets.liure.fr\/pitchoune\/wp-content\/uploads\/sites\/8\/2022\/05\/20220511_114952.jpg","contentUrl":"https:\/\/projets.liure.fr\/pitchoune\/wp-content\/uploads\/sites\/8\/2022\/05\/20220511_114952.jpg","width":908,"height":1210},{"@type":"WebSite","@id":"https:\/\/projets.liure.fr\/pitchoune\/#website","url":"https:\/\/projets.liure.fr\/pitchoune\/","name":"pitchounetcoton","description":"Un site utilisant Les sites de R\u00e9seau site puy de d\u00f4me 2","potentialAction":[{"@type":"SearchAction","target":{"@type":"EntryPoint","urlTemplate":"https:\/\/projets.liure.fr\/pitchoune\/?s={search_term_string}"},"query-input":{"@type":"PropertyValueSpecification","valueRequired":true,"valueName":"search_term_string"}}],"inLanguage":"fr-FR"}]}},"_links":{"self":[{"href":"https:\/\/projets.liure.fr\/pitchoune\/wp-json\/wp\/v2\/product\/307","targetHints":{"allow":["GET"]}}],"collection":[{"href":"https:\/\/projets.liure.fr\/pitchoune\/wp-json\/wp\/v2\/product"}],"about":[{"href":"https:\/\/projets.liure.fr\/pitchoune\/wp-json\/wp\/v2\/types\/product"}],"wp:featuredmedia":[{"embeddable":true,"href":"https:\/\/projets.liure.fr\/pitchoune\/wp-json\/wp\/v2\/media\/262"}],"wp:attachment":[{"href":"https:\/\/projets.liure.fr\/pitchoune\/wp-json\/wp\/v2\/media?parent=307"}],"wp:term":[{"taxonomy":"product_brand","embeddable":true,"href":"https:\/\/projets.liure.fr\/pitchoune\/wp-json\/wp\/v2\/product_brand?post=307"},{"taxonomy":"product_cat","embeddable":true,"href":"https:\/\/projets.liure.fr\/pitchoune\/wp-json\/wp\/v2\/product_cat?post=307"},{"taxonomy":"product_tag","embeddable":true,"href":"https:\/\/projets.liure.fr\/pitchoune\/wp-json\/wp\/v2\/product_tag?post=307"}],"curies":[{"name":"wp","href":"https:\/\/api.w.org\/{rel}","templated":true}]}}