{"id":280,"date":"2022-05-16T10:57:01","date_gmt":"2022-05-16T08:57:01","guid":{"rendered":"https:\/\/projets.liure.fr\/pitchoune\/?post_type=product&#038;p=280"},"modified":"2022-07-18T07:46:22","modified_gmt":"2022-07-18T05:46:22","slug":"lingettes-lavables-bebe","status":"publish","type":"product","link":"https:\/\/projets.liure.fr\/pitchoune\/produit\/lingettes-lavables-bebe\/","title":{"rendered":"Lingettes lavables pour b\u00e9b\u00e9 \u00ab\u00a0les animaux de la for\u00eat\u00a0\u00bb"},"content":{"rendered":"<?xml encoding=\"utf-8\" ?><div class=\"container\">\n<div class=\"row\">\n<div class=\"col-md-12\">Lingettes lavables pour b&eacute;b&eacute; en &eacute;ponge de bambou et coton oeko-tex\n<p>Composition : micro-&eacute;ponge certifi&eacute; oeko-tex 40% bambou\/40% polyester\/20% coton &ndash; 340 gr\/m&sup2;<\/p>\n<p>Coton imprim&eacute; haut de gamme 100% coton 153 gr\/m&sup2; \/ gaze de coton certifi&eacute; oeko-tex<\/p>\n<p>Coffret en gaze de coton oeko-tex vert tendre (tissu ext&eacute;rieur) et int&eacute;rieur en 100% coton<\/p>\n<p>Composition sac de lavage : Filet 100 % polyester et bande coton avec lien en coton pour le resserrage<\/p>\n<p>Personnalisation avec broderie pr&eacute;nom sur le coffret et sur le sac de lavage compris.<\/p>\n<p>Conseils de lavage : laver vos lingettes lavables pour b&eacute;b&eacute; dans le sac de lavage fourni avec une lessive respectant la peau de b&eacute;b&eacute;. S&eacute;cher &agrave; l&rsquo;air libre.<\/p><\/div>\n<\/div>\n<\/div>\n","protected":false},"excerpt":{"rendered":"<p>Coffret de 10 lingettes\u00a0 lavables pour b\u00e9b\u00e9 et enfant<\/p>\n<p>Accompagn\u00e9 de son sac de lavage<\/p>\n<p>Personnalisable avec une broderie machine \u00ab\u00a0pr\u00e9nom\u00a0\u00bb<\/p>\n","protected":false},"featured_media":270,"template":"","meta":{"_acf_changed":false},"product_brand":[],"product_cat":[34],"product_tag":[],"class_list":{"0":"post-280","1":"product","2":"type-product","3":"status-publish","4":"has-post-thumbnail","6":"product_cat-lingettes-lavables","8":"first","9":"instock","10":"shipping-taxable","11":"purchasable","12":"product-type-simple"},"acf":[],"yoast_head":"<!-- This site is optimized with the Yoast SEO plugin v25.8 - https:\/\/yoast.com\/wordpress\/plugins\/seo\/ -->\n<title>Lingettes lavables pour b\u00e9b\u00e9 &quot;les animaux de la for\u00eat&quot; - pitchounetcoton<\/title>\n<meta name=\"description\" content=\"lingettes lavables pour b\u00e9b\u00e9 en \u00e9ponge de bambou personnalisable avec une broderie machine dans le puy-de-dome\" \/>\n<meta name=\"robots\" content=\"noindex, follow, max-snippet:-1, max-image-preview:large, max-video-preview:-1\" \/>\n<meta property=\"og:locale\" content=\"fr_FR\" \/>\n<meta property=\"og:type\" content=\"article\" \/>\n<meta property=\"og:title\" content=\"Lingettes lavables pour b\u00e9b\u00e9 &quot;les animaux de la for\u00eat&quot; - pitchounetcoton\" \/>\n<meta property=\"og:description\" content=\"lingettes lavables pour b\u00e9b\u00e9 en \u00e9ponge de bambou personnalisable avec une broderie machine dans le puy-de-dome\" \/>\n<meta property=\"og:url\" content=\"https:\/\/projets.liure.fr\/pitchoune\/produit\/lingettes-lavables-bebe\/\" \/>\n<meta property=\"og:site_name\" content=\"pitchounetcoton\" \/>\n<meta property=\"article:modified_time\" content=\"2022-07-18T05:46:22+00:00\" \/>\n<meta property=\"og:image\" content=\"https:\/\/projets.liure.fr\/pitchoune\/wp-content\/uploads\/sites\/8\/2022\/05\/20220415_083002.jpg\" \/>\n\t<meta property=\"og:image:width\" content=\"908\" \/>\n\t<meta property=\"og:image:height\" content=\"1210\" \/>\n\t<meta property=\"og:image:type\" content=\"image\/jpeg\" \/>\n<meta name=\"twitter:card\" content=\"summary_large_image\" \/>\n<meta name=\"twitter:label1\" content=\"Dur\u00e9e de lecture estim\u00e9e\" \/>\n\t<meta name=\"twitter:data1\" content=\"1 minute\" \/>\n<script type=\"application\/ld+json\" class=\"yoast-schema-graph\">{\"@context\":\"https:\/\/schema.org\",\"@graph\":[{\"@type\":\"WebPage\",\"@id\":\"https:\/\/projets.liure.fr\/pitchoune\/produit\/lingettes-lavables-bebe\/\",\"url\":\"https:\/\/projets.liure.fr\/pitchoune\/produit\/lingettes-lavables-bebe\/\",\"name\":\"Lingettes lavables pour b\u00e9b\u00e9 \\\"les animaux de la for\u00eat\\\" - pitchounetcoton\",\"isPartOf\":{\"@id\":\"https:\/\/projets.liure.fr\/pitchoune\/#website\"},\"primaryImageOfPage\":{\"@id\":\"https:\/\/projets.liure.fr\/pitchoune\/produit\/lingettes-lavables-bebe\/#primaryimage\"},\"image\":{\"@id\":\"https:\/\/projets.liure.fr\/pitchoune\/produit\/lingettes-lavables-bebe\/#primaryimage\"},\"thumbnailUrl\":\"https:\/\/projets.liure.fr\/pitchoune\/wp-content\/uploads\/sites\/8\/2022\/05\/20220415_083002.jpg\",\"datePublished\":\"2022-05-16T08:57:01+00:00\",\"dateModified\":\"2022-07-18T05:46:22+00:00\",\"description\":\"lingettes lavables pour b\u00e9b\u00e9 en \u00e9ponge de bambou personnalisable avec une broderie machine dans le puy-de-dome\",\"breadcrumb\":{\"@id\":\"https:\/\/projets.liure.fr\/pitchoune\/produit\/lingettes-lavables-bebe\/#breadcrumb\"},\"inLanguage\":\"fr-FR\",\"potentialAction\":[{\"@type\":\"ReadAction\",\"target\":[\"https:\/\/projets.liure.fr\/pitchoune\/produit\/lingettes-lavables-bebe\/\"]}]},{\"@type\":\"ImageObject\",\"inLanguage\":\"fr-FR\",\"@id\":\"https:\/\/projets.liure.fr\/pitchoune\/produit\/lingettes-lavables-bebe\/#primaryimage\",\"url\":\"https:\/\/projets.liure.fr\/pitchoune\/wp-content\/uploads\/sites\/8\/2022\/05\/20220415_083002.jpg\",\"contentUrl\":\"https:\/\/projets.liure.fr\/pitchoune\/wp-content\/uploads\/sites\/8\/2022\/05\/20220415_083002.jpg\",\"width\":908,\"height\":1210,\"caption\":\"lingettes lavables z\u00e9ro d\u00e9chet 63\"},{\"@type\":\"WebSite\",\"@id\":\"https:\/\/projets.liure.fr\/pitchoune\/#website\",\"url\":\"https:\/\/projets.liure.fr\/pitchoune\/\",\"name\":\"pitchounetcoton\",\"description\":\"Un site utilisant Les sites de R\u00e9seau site puy de d\u00f4me 2\",\"potentialAction\":[{\"@type\":\"SearchAction\",\"target\":{\"@type\":\"EntryPoint\",\"urlTemplate\":\"https:\/\/projets.liure.fr\/pitchoune\/?s={search_term_string}\"},\"query-input\":{\"@type\":\"PropertyValueSpecification\",\"valueRequired\":true,\"valueName\":\"search_term_string\"}}],\"inLanguage\":\"fr-FR\"}]}<\/script>\n<!-- \/ Yoast SEO plugin. -->","yoast_head_json":{"title":"Lingettes lavables pour b\u00e9b\u00e9 \"les animaux de la for\u00eat\" - pitchounetcoton","description":"lingettes lavables pour b\u00e9b\u00e9 en \u00e9ponge de bambou personnalisable avec une broderie machine dans le puy-de-dome","robots":{"index":"noindex","follow":"follow","max-snippet":"max-snippet:-1","max-image-preview":"max-image-preview:large","max-video-preview":"max-video-preview:-1"},"og_locale":"fr_FR","og_type":"article","og_title":"Lingettes lavables pour b\u00e9b\u00e9 \"les animaux de la for\u00eat\" - pitchounetcoton","og_description":"lingettes lavables pour b\u00e9b\u00e9 en \u00e9ponge de bambou personnalisable avec une broderie machine dans le puy-de-dome","og_url":"https:\/\/projets.liure.fr\/pitchoune\/produit\/lingettes-lavables-bebe\/","og_site_name":"pitchounetcoton","article_modified_time":"2022-07-18T05:46:22+00:00","og_image":[{"width":908,"height":1210,"url":"https:\/\/projets.liure.fr\/pitchoune\/wp-content\/uploads\/sites\/8\/2022\/05\/20220415_083002.jpg","type":"image\/jpeg"}],"twitter_card":"summary_large_image","twitter_misc":{"Dur\u00e9e de lecture estim\u00e9e":"1 minute"},"schema":{"@context":"https:\/\/schema.org","@graph":[{"@type":"WebPage","@id":"https:\/\/projets.liure.fr\/pitchoune\/produit\/lingettes-lavables-bebe\/","url":"https:\/\/projets.liure.fr\/pitchoune\/produit\/lingettes-lavables-bebe\/","name":"Lingettes lavables pour b\u00e9b\u00e9 \"les animaux de la for\u00eat\" - pitchounetcoton","isPartOf":{"@id":"https:\/\/projets.liure.fr\/pitchoune\/#website"},"primaryImageOfPage":{"@id":"https:\/\/projets.liure.fr\/pitchoune\/produit\/lingettes-lavables-bebe\/#primaryimage"},"image":{"@id":"https:\/\/projets.liure.fr\/pitchoune\/produit\/lingettes-lavables-bebe\/#primaryimage"},"thumbnailUrl":"https:\/\/projets.liure.fr\/pitchoune\/wp-content\/uploads\/sites\/8\/2022\/05\/20220415_083002.jpg","datePublished":"2022-05-16T08:57:01+00:00","dateModified":"2022-07-18T05:46:22+00:00","description":"lingettes lavables pour b\u00e9b\u00e9 en \u00e9ponge de bambou personnalisable avec une broderie machine dans le puy-de-dome","breadcrumb":{"@id":"https:\/\/projets.liure.fr\/pitchoune\/produit\/lingettes-lavables-bebe\/#breadcrumb"},"inLanguage":"fr-FR","potentialAction":[{"@type":"ReadAction","target":["https:\/\/projets.liure.fr\/pitchoune\/produit\/lingettes-lavables-bebe\/"]}]},{"@type":"ImageObject","inLanguage":"fr-FR","@id":"https:\/\/projets.liure.fr\/pitchoune\/produit\/lingettes-lavables-bebe\/#primaryimage","url":"https:\/\/projets.liure.fr\/pitchoune\/wp-content\/uploads\/sites\/8\/2022\/05\/20220415_083002.jpg","contentUrl":"https:\/\/projets.liure.fr\/pitchoune\/wp-content\/uploads\/sites\/8\/2022\/05\/20220415_083002.jpg","width":908,"height":1210,"caption":"lingettes lavables z\u00e9ro d\u00e9chet 63"},{"@type":"WebSite","@id":"https:\/\/projets.liure.fr\/pitchoune\/#website","url":"https:\/\/projets.liure.fr\/pitchoune\/","name":"pitchounetcoton","description":"Un site utilisant Les sites de R\u00e9seau site puy de d\u00f4me 2","potentialAction":[{"@type":"SearchAction","target":{"@type":"EntryPoint","urlTemplate":"https:\/\/projets.liure.fr\/pitchoune\/?s={search_term_string}"},"query-input":{"@type":"PropertyValueSpecification","valueRequired":true,"valueName":"search_term_string"}}],"inLanguage":"fr-FR"}]}},"_links":{"self":[{"href":"https:\/\/projets.liure.fr\/pitchoune\/wp-json\/wp\/v2\/product\/280","targetHints":{"allow":["GET"]}}],"collection":[{"href":"https:\/\/projets.liure.fr\/pitchoune\/wp-json\/wp\/v2\/product"}],"about":[{"href":"https:\/\/projets.liure.fr\/pitchoune\/wp-json\/wp\/v2\/types\/product"}],"wp:featuredmedia":[{"embeddable":true,"href":"https:\/\/projets.liure.fr\/pitchoune\/wp-json\/wp\/v2\/media\/270"}],"wp:attachment":[{"href":"https:\/\/projets.liure.fr\/pitchoune\/wp-json\/wp\/v2\/media?parent=280"}],"wp:term":[{"taxonomy":"product_brand","embeddable":true,"href":"https:\/\/projets.liure.fr\/pitchoune\/wp-json\/wp\/v2\/product_brand?post=280"},{"taxonomy":"product_cat","embeddable":true,"href":"https:\/\/projets.liure.fr\/pitchoune\/wp-json\/wp\/v2\/product_cat?post=280"},{"taxonomy":"product_tag","embeddable":true,"href":"https:\/\/projets.liure.fr\/pitchoune\/wp-json\/wp\/v2\/product_tag?post=280"}],"curies":[{"name":"wp","href":"https:\/\/api.w.org\/{rel}","templated":true}]}}