{"id":19,"date":"2022-04-04T17:38:35","date_gmt":"2022-04-04T15:38:35","guid":{"rendered":"https:\/\/projets.liure.fr\/pitchoune\/?post_type=product&#038;p=19"},"modified":"2022-05-16T11:41:19","modified_gmt":"2022-05-16T09:41:19","slug":"bavoir-bebe-vichy","status":"publish","type":"product","link":"https:\/\/projets.liure.fr\/pitchoune\/produit\/bavoir-bebe-vichy\/","title":{"rendered":"Bavoir manches Vichy"},"content":{"rendered":"<?xml encoding=\"utf-8\" ?><div class=\"container\">\n<div class=\"row\">\n<div class=\"col-md-12\">\n<h2>Le bavoir manches&nbsp; pour b&eacute;b&eacute; Pitchoun &amp; Coton<\/h2>\n<p>Bavoir avec manches&nbsp; pour permettre &agrave; votre b&eacute;b&eacute; la d&eacute;couverte des aliments et l&rsquo;autonomie tout en restant propre.<\/p>\n<h2>Un bavoir pratique et facile<\/h2>\n<p>Manches avec des poignets sur pressions pour vous permettre l&rsquo;enfilage plus facile.<\/p>\n<p>Le bavoir se ferme au dos par un lacet, ce qui facilite ais&eacute;ment le r&eacute;glage de la fermeture.<\/p>\n<p>Le devant du bavoir est muni d&rsquo;une partie plastifi&eacute;e non visible. Cela permettra &agrave; votre b&eacute;b&eacute; de rester au sec sur les couches inf&eacute;rieures.<\/p>\n<h2>Personnalisez votre Bavoir<\/h2>\n<p>Possibilit&eacute; de personnaliser ce produit avec une broderie pr&eacute;nom.<\/p><\/div>\n<\/div>\n<\/div>\n","protected":false},"excerpt":{"rendered":"<p>Bavoir pour B\u00e9b\u00e9<\/p>\n<p>\u00c9ponge et Coton<\/p>\n<p>Tissu Vichy<\/p>\n<p>Tailles disponibles : 12-18 mois et\u00a0 24-30 mois<\/p>\n<p>&nbsp;<\/p>\n","protected":false},"featured_media":121,"template":"","meta":{"_acf_changed":false},"product_brand":[],"product_cat":[27,16],"product_tag":[],"class_list":{"0":"post-19","1":"product","2":"type-product","3":"status-publish","4":"has-post-thumbnail","6":"product_cat-bavoir-avec-manches","7":"product_cat-bavoirs","9":"first","10":"instock","11":"shipping-taxable","12":"purchasable","13":"product-type-variable"},"acf":[],"yoast_head":"<!-- This site is optimized with the Yoast SEO plugin v25.8 - https:\/\/yoast.com\/wordpress\/plugins\/seo\/ -->\n<title>Bavoir manches Vichy - pitchounetcoton<\/title>\n<meta name=\"robots\" content=\"noindex, follow, max-snippet:-1, max-image-preview:large, max-video-preview:-1\" \/>\n<meta property=\"og:locale\" content=\"fr_FR\" \/>\n<meta property=\"og:type\" content=\"article\" \/>\n<meta property=\"og:title\" content=\"Bavoir manches Vichy - pitchounetcoton\" \/>\n<meta property=\"og:description\" content=\"Bavoir pour B\u00e9b\u00e9  \u00c9ponge et Coton  Tissu Vichy  Tailles disponibles : 12-18 mois et\u00a0 24-30 mois  &nbsp;\" \/>\n<meta property=\"og:url\" content=\"https:\/\/projets.liure.fr\/pitchoune\/produit\/bavoir-bebe-vichy\/\" \/>\n<meta property=\"og:site_name\" content=\"pitchounetcoton\" \/>\n<meta property=\"article:modified_time\" content=\"2022-05-16T09:41:19+00:00\" \/>\n<meta property=\"og:image\" content=\"https:\/\/projets.liure.fr\/pitchoune\/wp-content\/uploads\/sites\/8\/2022\/04\/20220411_090029.jpg\" \/>\n\t<meta property=\"og:image:width\" content=\"908\" \/>\n\t<meta property=\"og:image:height\" content=\"1210\" \/>\n\t<meta property=\"og:image:type\" content=\"image\/jpeg\" \/>\n<meta name=\"twitter:card\" content=\"summary_large_image\" \/>\n<meta name=\"twitter:label1\" content=\"Dur\u00e9e de lecture estim\u00e9e\" \/>\n\t<meta name=\"twitter:data1\" content=\"1 minute\" \/>\n<script type=\"application\/ld+json\" class=\"yoast-schema-graph\">{\"@context\":\"https:\/\/schema.org\",\"@graph\":[{\"@type\":\"WebPage\",\"@id\":\"https:\/\/projets.liure.fr\/pitchoune\/produit\/bavoir-bebe-vichy\/\",\"url\":\"https:\/\/projets.liure.fr\/pitchoune\/produit\/bavoir-bebe-vichy\/\",\"name\":\"Bavoir manches Vichy - pitchounetcoton\",\"isPartOf\":{\"@id\":\"https:\/\/projets.liure.fr\/pitchoune\/#website\"},\"primaryImageOfPage\":{\"@id\":\"https:\/\/projets.liure.fr\/pitchoune\/produit\/bavoir-bebe-vichy\/#primaryimage\"},\"image\":{\"@id\":\"https:\/\/projets.liure.fr\/pitchoune\/produit\/bavoir-bebe-vichy\/#primaryimage\"},\"thumbnailUrl\":\"https:\/\/projets.liure.fr\/pitchoune\/wp-content\/uploads\/sites\/8\/2022\/04\/20220411_090029.jpg\",\"datePublished\":\"2022-04-04T15:38:35+00:00\",\"dateModified\":\"2022-05-16T09:41:19+00:00\",\"breadcrumb\":{\"@id\":\"https:\/\/projets.liure.fr\/pitchoune\/produit\/bavoir-bebe-vichy\/#breadcrumb\"},\"inLanguage\":\"fr-FR\",\"potentialAction\":[{\"@type\":\"ReadAction\",\"target\":[\"https:\/\/projets.liure.fr\/pitchoune\/produit\/bavoir-bebe-vichy\/\"]}]},{\"@type\":\"ImageObject\",\"inLanguage\":\"fr-FR\",\"@id\":\"https:\/\/projets.liure.fr\/pitchoune\/produit\/bavoir-bebe-vichy\/#primaryimage\",\"url\":\"https:\/\/projets.liure.fr\/pitchoune\/wp-content\/uploads\/sites\/8\/2022\/04\/20220411_090029.jpg\",\"contentUrl\":\"https:\/\/projets.liure.fr\/pitchoune\/wp-content\/uploads\/sites\/8\/2022\/04\/20220411_090029.jpg\",\"width\":908,\"height\":1210,\"caption\":\"bavoir b\u00e9b\u00e9 manches longues vichy bleu pitchounetcoton\"},{\"@type\":\"WebSite\",\"@id\":\"https:\/\/projets.liure.fr\/pitchoune\/#website\",\"url\":\"https:\/\/projets.liure.fr\/pitchoune\/\",\"name\":\"pitchounetcoton\",\"description\":\"Un site utilisant Les sites de R\u00e9seau site puy de d\u00f4me 2\",\"potentialAction\":[{\"@type\":\"SearchAction\",\"target\":{\"@type\":\"EntryPoint\",\"urlTemplate\":\"https:\/\/projets.liure.fr\/pitchoune\/?s={search_term_string}\"},\"query-input\":{\"@type\":\"PropertyValueSpecification\",\"valueRequired\":true,\"valueName\":\"search_term_string\"}}],\"inLanguage\":\"fr-FR\"}]}<\/script>\n<!-- \/ Yoast SEO plugin. -->","yoast_head_json":{"title":"Bavoir manches Vichy - pitchounetcoton","robots":{"index":"noindex","follow":"follow","max-snippet":"max-snippet:-1","max-image-preview":"max-image-preview:large","max-video-preview":"max-video-preview:-1"},"og_locale":"fr_FR","og_type":"article","og_title":"Bavoir manches Vichy - pitchounetcoton","og_description":"Bavoir pour B\u00e9b\u00e9  \u00c9ponge et Coton  Tissu Vichy  Tailles disponibles : 12-18 mois et\u00a0 24-30 mois  &nbsp;","og_url":"https:\/\/projets.liure.fr\/pitchoune\/produit\/bavoir-bebe-vichy\/","og_site_name":"pitchounetcoton","article_modified_time":"2022-05-16T09:41:19+00:00","og_image":[{"width":908,"height":1210,"url":"https:\/\/projets.liure.fr\/pitchoune\/wp-content\/uploads\/sites\/8\/2022\/04\/20220411_090029.jpg","type":"image\/jpeg"}],"twitter_card":"summary_large_image","twitter_misc":{"Dur\u00e9e de lecture estim\u00e9e":"1 minute"},"schema":{"@context":"https:\/\/schema.org","@graph":[{"@type":"WebPage","@id":"https:\/\/projets.liure.fr\/pitchoune\/produit\/bavoir-bebe-vichy\/","url":"https:\/\/projets.liure.fr\/pitchoune\/produit\/bavoir-bebe-vichy\/","name":"Bavoir manches Vichy - pitchounetcoton","isPartOf":{"@id":"https:\/\/projets.liure.fr\/pitchoune\/#website"},"primaryImageOfPage":{"@id":"https:\/\/projets.liure.fr\/pitchoune\/produit\/bavoir-bebe-vichy\/#primaryimage"},"image":{"@id":"https:\/\/projets.liure.fr\/pitchoune\/produit\/bavoir-bebe-vichy\/#primaryimage"},"thumbnailUrl":"https:\/\/projets.liure.fr\/pitchoune\/wp-content\/uploads\/sites\/8\/2022\/04\/20220411_090029.jpg","datePublished":"2022-04-04T15:38:35+00:00","dateModified":"2022-05-16T09:41:19+00:00","breadcrumb":{"@id":"https:\/\/projets.liure.fr\/pitchoune\/produit\/bavoir-bebe-vichy\/#breadcrumb"},"inLanguage":"fr-FR","potentialAction":[{"@type":"ReadAction","target":["https:\/\/projets.liure.fr\/pitchoune\/produit\/bavoir-bebe-vichy\/"]}]},{"@type":"ImageObject","inLanguage":"fr-FR","@id":"https:\/\/projets.liure.fr\/pitchoune\/produit\/bavoir-bebe-vichy\/#primaryimage","url":"https:\/\/projets.liure.fr\/pitchoune\/wp-content\/uploads\/sites\/8\/2022\/04\/20220411_090029.jpg","contentUrl":"https:\/\/projets.liure.fr\/pitchoune\/wp-content\/uploads\/sites\/8\/2022\/04\/20220411_090029.jpg","width":908,"height":1210,"caption":"bavoir b\u00e9b\u00e9 manches longues vichy bleu pitchounetcoton"},{"@type":"WebSite","@id":"https:\/\/projets.liure.fr\/pitchoune\/#website","url":"https:\/\/projets.liure.fr\/pitchoune\/","name":"pitchounetcoton","description":"Un site utilisant Les sites de R\u00e9seau site puy de d\u00f4me 2","potentialAction":[{"@type":"SearchAction","target":{"@type":"EntryPoint","urlTemplate":"https:\/\/projets.liure.fr\/pitchoune\/?s={search_term_string}"},"query-input":{"@type":"PropertyValueSpecification","valueRequired":true,"valueName":"search_term_string"}}],"inLanguage":"fr-FR"}]}},"_links":{"self":[{"href":"https:\/\/projets.liure.fr\/pitchoune\/wp-json\/wp\/v2\/product\/19","targetHints":{"allow":["GET"]}}],"collection":[{"href":"https:\/\/projets.liure.fr\/pitchoune\/wp-json\/wp\/v2\/product"}],"about":[{"href":"https:\/\/projets.liure.fr\/pitchoune\/wp-json\/wp\/v2\/types\/product"}],"wp:featuredmedia":[{"embeddable":true,"href":"https:\/\/projets.liure.fr\/pitchoune\/wp-json\/wp\/v2\/media\/121"}],"wp:attachment":[{"href":"https:\/\/projets.liure.fr\/pitchoune\/wp-json\/wp\/v2\/media?parent=19"}],"wp:term":[{"taxonomy":"product_brand","embeddable":true,"href":"https:\/\/projets.liure.fr\/pitchoune\/wp-json\/wp\/v2\/product_brand?post=19"},{"taxonomy":"product_cat","embeddable":true,"href":"https:\/\/projets.liure.fr\/pitchoune\/wp-json\/wp\/v2\/product_cat?post=19"},{"taxonomy":"product_tag","embeddable":true,"href":"https:\/\/projets.liure.fr\/pitchoune\/wp-json\/wp\/v2\/product_tag?post=19"}],"curies":[{"name":"wp","href":"https:\/\/api.w.org\/{rel}","templated":true}]}}