{"id":143,"date":"2022-04-11T10:11:02","date_gmt":"2022-04-11T08:11:02","guid":{"rendered":"https:\/\/projets.liure.fr\/pitchoune\/?post_type=product&#038;p=143"},"modified":"2022-07-18T08:09:12","modified_gmt":"2022-07-18T06:09:12","slug":"bavoir-manches-cerises","status":"publish","type":"product","link":"https:\/\/projets.liure.fr\/pitchoune\/produit\/bavoir-manches-cerises\/","title":{"rendered":"Bavoir \u00e0 manches Cerise"},"content":{"rendered":"<?xml encoding=\"utf-8\" ?><div class=\"container\">\n<div class=\"row\">\n<div class=\"col-md-12\">Composition :\n<ul>\n<li>tissu ext&eacute;rieur : &eacute;ponge de coton rouge<\/li>\n<li>doublure : tissu 100 % coton<\/li>\n<\/ul>\n<p>Conseils d&rsquo;entretiens:<\/p>\n<ul>\n<li>laver le bavoir de vote enfant en machine &agrave; 40&deg; avec une lessive adapt&eacute;e<\/li>\n<li>possibilit&eacute; de le passer au s&egrave;che linge avec un programme doux<\/li>\n<li>ne pas utiliser de javel<\/li>\n<li>si vous avez des t&acirc;ches incrust&eacute;es, vous trouverez <a href=\"https:\/\/www.labelleadresse.com\/conseils-astuces\/linge\/entretien-du-linge-bebe-et-peaux-sensibles\/linge-entretien-linge-laver-bavoirs\" target=\"_blank\" rel=\"noopener\">ici<\/a> de tr&egrave;s bons conseils pour les enlever de mani&egrave;res douces et respectueuses pour la peau de votre b&eacute;b&eacute;<\/li>\n<\/ul>\n<\/div>\n<\/div>\n<\/div>\n","protected":false},"excerpt":{"rendered":"<h2>Le bavoir \u00e0 manches\u00a0 pour b\u00e9b\u00e9 Pitchoun &amp; Coton<\/h2>\n<p>Bavoir avec manches\u00a0 pour permettre \u00e0 votre b\u00e9b\u00e9 la d\u00e9couverte des aliments et l\u2019autonomie tout en restant propre.<\/p>\n<h2>Un bavoir pratique et facile<\/h2>\n<p>Manches avec des poignets sur pressions pour vous permettre l\u2019enfilage plus facile.<\/p>\n<p>Le bavoir se ferme au dos par un lacet, ce qui facilite ais\u00e9ment le r\u00e9glage de la fermeture.<\/p>\n<p>Le devant du bavoir est muni d\u2019une partie plastifi\u00e9e non visible. Cela permettra \u00e0 votre b\u00e9b\u00e9 de rester au sec sur les couches inf\u00e9rieures.<\/p>\n<h2>Personnalisez votre Bavoir<\/h2>\n<p>Possibilit\u00e9 de personnaliser ce produit avec une broderie pr\u00e9nom.<\/p>\n<p>Pr\u00e9voyez un d\u00e9lai de fabrication pouvant aller de 1 \u00e0 2 semaines.<\/p>\n","protected":false},"featured_media":126,"template":"","meta":{"_acf_changed":false},"product_brand":[],"product_cat":[27],"product_tag":[],"class_list":{"0":"post-143","1":"product","2":"type-product","3":"status-publish","4":"has-post-thumbnail","6":"product_cat-bavoir-avec-manches","8":"first","9":"instock","10":"shipping-taxable","11":"purchasable","12":"product-type-variable"},"acf":[],"yoast_head":"<!-- This site is optimized with the Yoast SEO plugin v25.8 - https:\/\/yoast.com\/wordpress\/plugins\/seo\/ -->\n<title>Bavoir \u00e0 manches Cerise Pitchoun &amp; Coton<\/title>\n<meta name=\"description\" content=\"Le bavoir \u00e0 manches cerises aidera votre enfant dans ses apprentissages et son autonomie lors de ses repas\" \/>\n<meta name=\"robots\" content=\"noindex, follow, max-snippet:-1, max-image-preview:large, max-video-preview:-1\" \/>\n<meta property=\"og:locale\" content=\"fr_FR\" \/>\n<meta property=\"og:type\" content=\"article\" \/>\n<meta property=\"og:title\" content=\"Bavoir \u00e0 manches Cerise Pitchoun &amp; Coton\" \/>\n<meta property=\"og:description\" content=\"Le bavoir \u00e0 manches cerises aidera votre enfant dans ses apprentissages et son autonomie lors de ses repas\" \/>\n<meta property=\"og:url\" content=\"https:\/\/projets.liure.fr\/pitchoune\/produit\/bavoir-manches-cerises\/\" \/>\n<meta property=\"og:site_name\" content=\"pitchounetcoton\" \/>\n<meta property=\"article:modified_time\" content=\"2022-07-18T06:09:12+00:00\" \/>\n<meta property=\"og:image\" content=\"https:\/\/projets.liure.fr\/pitchoune\/wp-content\/uploads\/sites\/8\/2022\/04\/20220411_090629.jpg\" \/>\n\t<meta property=\"og:image:width\" content=\"908\" \/>\n\t<meta property=\"og:image:height\" content=\"1210\" \/>\n\t<meta property=\"og:image:type\" content=\"image\/jpeg\" \/>\n<meta name=\"twitter:card\" content=\"summary_large_image\" \/>\n<meta name=\"twitter:label1\" content=\"Dur\u00e9e de lecture estim\u00e9e\" \/>\n\t<meta name=\"twitter:data1\" content=\"1 minute\" \/>\n<script type=\"application\/ld+json\" class=\"yoast-schema-graph\">{\"@context\":\"https:\/\/schema.org\",\"@graph\":[{\"@type\":\"WebPage\",\"@id\":\"https:\/\/projets.liure.fr\/pitchoune\/produit\/bavoir-manches-cerises\/\",\"url\":\"https:\/\/projets.liure.fr\/pitchoune\/produit\/bavoir-manches-cerises\/\",\"name\":\"Bavoir \u00e0 manches Cerise Pitchoun & Coton\",\"isPartOf\":{\"@id\":\"https:\/\/projets.liure.fr\/pitchoune\/#website\"},\"primaryImageOfPage\":{\"@id\":\"https:\/\/projets.liure.fr\/pitchoune\/produit\/bavoir-manches-cerises\/#primaryimage\"},\"image\":{\"@id\":\"https:\/\/projets.liure.fr\/pitchoune\/produit\/bavoir-manches-cerises\/#primaryimage\"},\"thumbnailUrl\":\"https:\/\/projets.liure.fr\/pitchoune\/wp-content\/uploads\/sites\/8\/2022\/04\/20220411_090629.jpg\",\"datePublished\":\"2022-04-11T08:11:02+00:00\",\"dateModified\":\"2022-07-18T06:09:12+00:00\",\"description\":\"Le bavoir \u00e0 manches cerises aidera votre enfant dans ses apprentissages et son autonomie lors de ses repas\",\"breadcrumb\":{\"@id\":\"https:\/\/projets.liure.fr\/pitchoune\/produit\/bavoir-manches-cerises\/#breadcrumb\"},\"inLanguage\":\"fr-FR\",\"potentialAction\":[{\"@type\":\"ReadAction\",\"target\":[\"https:\/\/projets.liure.fr\/pitchoune\/produit\/bavoir-manches-cerises\/\"]}]},{\"@type\":\"ImageObject\",\"inLanguage\":\"fr-FR\",\"@id\":\"https:\/\/projets.liure.fr\/pitchoune\/produit\/bavoir-manches-cerises\/#primaryimage\",\"url\":\"https:\/\/projets.liure.fr\/pitchoune\/wp-content\/uploads\/sites\/8\/2022\/04\/20220411_090629.jpg\",\"contentUrl\":\"https:\/\/projets.liure.fr\/pitchoune\/wp-content\/uploads\/sites\/8\/2022\/04\/20220411_090629.jpg\",\"width\":908,\"height\":1210,\"caption\":\"bavoir manches longues cerises auvergne\"},{\"@type\":\"WebSite\",\"@id\":\"https:\/\/projets.liure.fr\/pitchoune\/#website\",\"url\":\"https:\/\/projets.liure.fr\/pitchoune\/\",\"name\":\"pitchounetcoton\",\"description\":\"Un site utilisant Les sites de R\u00e9seau site puy de d\u00f4me 2\",\"potentialAction\":[{\"@type\":\"SearchAction\",\"target\":{\"@type\":\"EntryPoint\",\"urlTemplate\":\"https:\/\/projets.liure.fr\/pitchoune\/?s={search_term_string}\"},\"query-input\":{\"@type\":\"PropertyValueSpecification\",\"valueRequired\":true,\"valueName\":\"search_term_string\"}}],\"inLanguage\":\"fr-FR\"}]}<\/script>\n<!-- \/ Yoast SEO plugin. -->","yoast_head_json":{"title":"Bavoir \u00e0 manches Cerise Pitchoun & Coton","description":"Le bavoir \u00e0 manches cerises aidera votre enfant dans ses apprentissages et son autonomie lors de ses repas","robots":{"index":"noindex","follow":"follow","max-snippet":"max-snippet:-1","max-image-preview":"max-image-preview:large","max-video-preview":"max-video-preview:-1"},"og_locale":"fr_FR","og_type":"article","og_title":"Bavoir \u00e0 manches Cerise Pitchoun & Coton","og_description":"Le bavoir \u00e0 manches cerises aidera votre enfant dans ses apprentissages et son autonomie lors de ses repas","og_url":"https:\/\/projets.liure.fr\/pitchoune\/produit\/bavoir-manches-cerises\/","og_site_name":"pitchounetcoton","article_modified_time":"2022-07-18T06:09:12+00:00","og_image":[{"width":908,"height":1210,"url":"https:\/\/projets.liure.fr\/pitchoune\/wp-content\/uploads\/sites\/8\/2022\/04\/20220411_090629.jpg","type":"image\/jpeg"}],"twitter_card":"summary_large_image","twitter_misc":{"Dur\u00e9e de lecture estim\u00e9e":"1 minute"},"schema":{"@context":"https:\/\/schema.org","@graph":[{"@type":"WebPage","@id":"https:\/\/projets.liure.fr\/pitchoune\/produit\/bavoir-manches-cerises\/","url":"https:\/\/projets.liure.fr\/pitchoune\/produit\/bavoir-manches-cerises\/","name":"Bavoir \u00e0 manches Cerise Pitchoun & Coton","isPartOf":{"@id":"https:\/\/projets.liure.fr\/pitchoune\/#website"},"primaryImageOfPage":{"@id":"https:\/\/projets.liure.fr\/pitchoune\/produit\/bavoir-manches-cerises\/#primaryimage"},"image":{"@id":"https:\/\/projets.liure.fr\/pitchoune\/produit\/bavoir-manches-cerises\/#primaryimage"},"thumbnailUrl":"https:\/\/projets.liure.fr\/pitchoune\/wp-content\/uploads\/sites\/8\/2022\/04\/20220411_090629.jpg","datePublished":"2022-04-11T08:11:02+00:00","dateModified":"2022-07-18T06:09:12+00:00","description":"Le bavoir \u00e0 manches cerises aidera votre enfant dans ses apprentissages et son autonomie lors de ses repas","breadcrumb":{"@id":"https:\/\/projets.liure.fr\/pitchoune\/produit\/bavoir-manches-cerises\/#breadcrumb"},"inLanguage":"fr-FR","potentialAction":[{"@type":"ReadAction","target":["https:\/\/projets.liure.fr\/pitchoune\/produit\/bavoir-manches-cerises\/"]}]},{"@type":"ImageObject","inLanguage":"fr-FR","@id":"https:\/\/projets.liure.fr\/pitchoune\/produit\/bavoir-manches-cerises\/#primaryimage","url":"https:\/\/projets.liure.fr\/pitchoune\/wp-content\/uploads\/sites\/8\/2022\/04\/20220411_090629.jpg","contentUrl":"https:\/\/projets.liure.fr\/pitchoune\/wp-content\/uploads\/sites\/8\/2022\/04\/20220411_090629.jpg","width":908,"height":1210,"caption":"bavoir manches longues cerises auvergne"},{"@type":"WebSite","@id":"https:\/\/projets.liure.fr\/pitchoune\/#website","url":"https:\/\/projets.liure.fr\/pitchoune\/","name":"pitchounetcoton","description":"Un site utilisant Les sites de R\u00e9seau site puy de d\u00f4me 2","potentialAction":[{"@type":"SearchAction","target":{"@type":"EntryPoint","urlTemplate":"https:\/\/projets.liure.fr\/pitchoune\/?s={search_term_string}"},"query-input":{"@type":"PropertyValueSpecification","valueRequired":true,"valueName":"search_term_string"}}],"inLanguage":"fr-FR"}]}},"_links":{"self":[{"href":"https:\/\/projets.liure.fr\/pitchoune\/wp-json\/wp\/v2\/product\/143","targetHints":{"allow":["GET"]}}],"collection":[{"href":"https:\/\/projets.liure.fr\/pitchoune\/wp-json\/wp\/v2\/product"}],"about":[{"href":"https:\/\/projets.liure.fr\/pitchoune\/wp-json\/wp\/v2\/types\/product"}],"wp:featuredmedia":[{"embeddable":true,"href":"https:\/\/projets.liure.fr\/pitchoune\/wp-json\/wp\/v2\/media\/126"}],"wp:attachment":[{"href":"https:\/\/projets.liure.fr\/pitchoune\/wp-json\/wp\/v2\/media?parent=143"}],"wp:term":[{"taxonomy":"product_brand","embeddable":true,"href":"https:\/\/projets.liure.fr\/pitchoune\/wp-json\/wp\/v2\/product_brand?post=143"},{"taxonomy":"product_cat","embeddable":true,"href":"https:\/\/projets.liure.fr\/pitchoune\/wp-json\/wp\/v2\/product_cat?post=143"},{"taxonomy":"product_tag","embeddable":true,"href":"https:\/\/projets.liure.fr\/pitchoune\/wp-json\/wp\/v2\/product_tag?post=143"}],"curies":[{"name":"wp","href":"https:\/\/api.w.org\/{rel}","templated":true}]}}