{"id":115,"date":"2022-04-11T08:28:10","date_gmt":"2022-04-11T06:28:10","guid":{"rendered":"https:\/\/projets.liure.fr\/pitchoune\/?post_type=product&#038;p=115"},"modified":"2022-07-18T08:12:14","modified_gmt":"2022-07-18T06:12:14","slug":"semainier-de-bavoirs","status":"publish","type":"product","link":"https:\/\/projets.liure.fr\/pitchoune\/produit\/semainier-de-bavoirs\/","title":{"rendered":"Semainier de bavoirs"},"content":{"rendered":"<?xml encoding=\"utf-8\" ?><div class=\"container\">\n<div class=\"row\">\n<div class=\"col-md-12\">Caract&eacute;ristiques :\n<ul>\n<li>&eacute;ponge de bambou oeko-tex (40% bambou &ndash; 40 % polyester &ndash; 20 % coton)<\/li>\n<li>coton oeko-tex standard 100<\/li>\n<li>tissu pul (pour la partie imperm&eacute;able) 100 % polyester certifi&eacute; par le label Oeko-tex<\/li>\n<li>ferm&eacute; par une pression plastique<\/li>\n<\/ul>\n<p>Entretien :<\/p>\n<ul>\n<li>lavage &agrave; 40&deg; en machine<\/li>\n<li>s&eacute;chage &agrave; l&rsquo;air libre<\/li>\n<li>repassage doux c&ocirc;t&eacute; tissu en coton<\/li>\n<\/ul>\n<\/div>\n<\/div>\n<\/div>\n","protected":false},"excerpt":{"rendered":"<p>La collection semainier de bavoirs vous propose 7 bavoirs qui accompagneront votre b\u00e9b\u00e9 tous les jours de la semaine.<\/p>\n<p>Ils sont confectionn\u00e9s en \u00e9ponge de bambou et coton oeko-tex. Ils sont imperm\u00e9able et sont pratiques notamment lors des pouss\u00e9es dentaires.<\/p>\n<p>Une jolie broderie orne le bavoir c\u00f4t\u00e9 \u00e9ponge avec le jour de la semaine.<\/p>\n<p>&nbsp;<\/p>\n","protected":false},"featured_media":104,"template":"","meta":{"_acf_changed":false},"product_brand":[],"product_cat":[22],"product_tag":[],"class_list":{"0":"post-115","1":"product","2":"type-product","3":"status-publish","4":"has-post-thumbnail","6":"product_cat-bavoir-bandana","8":"first","9":"instock","10":"shipping-taxable","11":"purchasable","12":"product-type-simple"},"acf":[],"yoast_head":"<!-- This site is optimized with the Yoast SEO plugin v25.8 - https:\/\/yoast.com\/wordpress\/plugins\/seo\/ -->\n<title>Semainier de bavoirs Pitchoun &amp; Coton<\/title>\n<meta name=\"description\" content=\"La collection semainier de bavoirs vous propose 7 bavoirs \u00e0 utiliser tout au long de la semaine pour accompagner b\u00e9b\u00e9 dans ses d\u00e9couvertes\" \/>\n<meta name=\"robots\" content=\"noindex, follow, max-snippet:-1, max-image-preview:large, max-video-preview:-1\" \/>\n<meta property=\"og:locale\" content=\"fr_FR\" \/>\n<meta property=\"og:type\" content=\"article\" \/>\n<meta property=\"og:title\" content=\"Semainier de bavoirs Pitchoun &amp; Coton\" \/>\n<meta property=\"og:description\" content=\"La collection semainier de bavoirs vous propose 7 bavoirs \u00e0 utiliser tout au long de la semaine pour accompagner b\u00e9b\u00e9 dans ses d\u00e9couvertes\" \/>\n<meta property=\"og:url\" content=\"https:\/\/projets.liure.fr\/pitchoune\/produit\/semainier-de-bavoirs\/\" \/>\n<meta property=\"og:site_name\" content=\"pitchounetcoton\" \/>\n<meta property=\"article:modified_time\" content=\"2022-07-18T06:12:14+00:00\" \/>\n<meta property=\"og:image\" content=\"https:\/\/projets.liure.fr\/pitchoune\/wp-content\/uploads\/sites\/8\/2022\/04\/20220224_085142.jpg\" \/>\n\t<meta property=\"og:image:width\" content=\"908\" \/>\n\t<meta property=\"og:image:height\" content=\"1210\" \/>\n\t<meta property=\"og:image:type\" content=\"image\/jpeg\" \/>\n<meta name=\"twitter:card\" content=\"summary_large_image\" \/>\n<meta name=\"twitter:label1\" content=\"Dur\u00e9e de lecture estim\u00e9e\" \/>\n\t<meta name=\"twitter:data1\" content=\"1 minute\" \/>\n<script type=\"application\/ld+json\" class=\"yoast-schema-graph\">{\"@context\":\"https:\/\/schema.org\",\"@graph\":[{\"@type\":\"WebPage\",\"@id\":\"https:\/\/projets.liure.fr\/pitchoune\/produit\/semainier-de-bavoirs\/\",\"url\":\"https:\/\/projets.liure.fr\/pitchoune\/produit\/semainier-de-bavoirs\/\",\"name\":\"Semainier de bavoirs Pitchoun & Coton\",\"isPartOf\":{\"@id\":\"https:\/\/projets.liure.fr\/pitchoune\/#website\"},\"primaryImageOfPage\":{\"@id\":\"https:\/\/projets.liure.fr\/pitchoune\/produit\/semainier-de-bavoirs\/#primaryimage\"},\"image\":{\"@id\":\"https:\/\/projets.liure.fr\/pitchoune\/produit\/semainier-de-bavoirs\/#primaryimage\"},\"thumbnailUrl\":\"https:\/\/projets.liure.fr\/pitchoune\/wp-content\/uploads\/sites\/8\/2022\/04\/20220224_085142.jpg\",\"datePublished\":\"2022-04-11T06:28:10+00:00\",\"dateModified\":\"2022-07-18T06:12:14+00:00\",\"description\":\"La collection semainier de bavoirs vous propose 7 bavoirs \u00e0 utiliser tout au long de la semaine pour accompagner b\u00e9b\u00e9 dans ses d\u00e9couvertes\",\"breadcrumb\":{\"@id\":\"https:\/\/projets.liure.fr\/pitchoune\/produit\/semainier-de-bavoirs\/#breadcrumb\"},\"inLanguage\":\"fr-FR\",\"potentialAction\":[{\"@type\":\"ReadAction\",\"target\":[\"https:\/\/projets.liure.fr\/pitchoune\/produit\/semainier-de-bavoirs\/\"]}]},{\"@type\":\"ImageObject\",\"inLanguage\":\"fr-FR\",\"@id\":\"https:\/\/projets.liure.fr\/pitchoune\/produit\/semainier-de-bavoirs\/#primaryimage\",\"url\":\"https:\/\/projets.liure.fr\/pitchoune\/wp-content\/uploads\/sites\/8\/2022\/04\/20220224_085142.jpg\",\"contentUrl\":\"https:\/\/projets.liure.fr\/pitchoune\/wp-content\/uploads\/sites\/8\/2022\/04\/20220224_085142.jpg\",\"width\":908,\"height\":1210,\"caption\":\"collection semainier de bavoirsbandana pitchounetcoton\"},{\"@type\":\"WebSite\",\"@id\":\"https:\/\/projets.liure.fr\/pitchoune\/#website\",\"url\":\"https:\/\/projets.liure.fr\/pitchoune\/\",\"name\":\"pitchounetcoton\",\"description\":\"Un site utilisant Les sites de R\u00e9seau site puy de d\u00f4me 2\",\"potentialAction\":[{\"@type\":\"SearchAction\",\"target\":{\"@type\":\"EntryPoint\",\"urlTemplate\":\"https:\/\/projets.liure.fr\/pitchoune\/?s={search_term_string}\"},\"query-input\":{\"@type\":\"PropertyValueSpecification\",\"valueRequired\":true,\"valueName\":\"search_term_string\"}}],\"inLanguage\":\"fr-FR\"}]}<\/script>\n<!-- \/ Yoast SEO plugin. -->","yoast_head_json":{"title":"Semainier de bavoirs Pitchoun & Coton","description":"La collection semainier de bavoirs vous propose 7 bavoirs \u00e0 utiliser tout au long de la semaine pour accompagner b\u00e9b\u00e9 dans ses d\u00e9couvertes","robots":{"index":"noindex","follow":"follow","max-snippet":"max-snippet:-1","max-image-preview":"max-image-preview:large","max-video-preview":"max-video-preview:-1"},"og_locale":"fr_FR","og_type":"article","og_title":"Semainier de bavoirs Pitchoun & Coton","og_description":"La collection semainier de bavoirs vous propose 7 bavoirs \u00e0 utiliser tout au long de la semaine pour accompagner b\u00e9b\u00e9 dans ses d\u00e9couvertes","og_url":"https:\/\/projets.liure.fr\/pitchoune\/produit\/semainier-de-bavoirs\/","og_site_name":"pitchounetcoton","article_modified_time":"2022-07-18T06:12:14+00:00","og_image":[{"width":908,"height":1210,"url":"https:\/\/projets.liure.fr\/pitchoune\/wp-content\/uploads\/sites\/8\/2022\/04\/20220224_085142.jpg","type":"image\/jpeg"}],"twitter_card":"summary_large_image","twitter_misc":{"Dur\u00e9e de lecture estim\u00e9e":"1 minute"},"schema":{"@context":"https:\/\/schema.org","@graph":[{"@type":"WebPage","@id":"https:\/\/projets.liure.fr\/pitchoune\/produit\/semainier-de-bavoirs\/","url":"https:\/\/projets.liure.fr\/pitchoune\/produit\/semainier-de-bavoirs\/","name":"Semainier de bavoirs Pitchoun & Coton","isPartOf":{"@id":"https:\/\/projets.liure.fr\/pitchoune\/#website"},"primaryImageOfPage":{"@id":"https:\/\/projets.liure.fr\/pitchoune\/produit\/semainier-de-bavoirs\/#primaryimage"},"image":{"@id":"https:\/\/projets.liure.fr\/pitchoune\/produit\/semainier-de-bavoirs\/#primaryimage"},"thumbnailUrl":"https:\/\/projets.liure.fr\/pitchoune\/wp-content\/uploads\/sites\/8\/2022\/04\/20220224_085142.jpg","datePublished":"2022-04-11T06:28:10+00:00","dateModified":"2022-07-18T06:12:14+00:00","description":"La collection semainier de bavoirs vous propose 7 bavoirs \u00e0 utiliser tout au long de la semaine pour accompagner b\u00e9b\u00e9 dans ses d\u00e9couvertes","breadcrumb":{"@id":"https:\/\/projets.liure.fr\/pitchoune\/produit\/semainier-de-bavoirs\/#breadcrumb"},"inLanguage":"fr-FR","potentialAction":[{"@type":"ReadAction","target":["https:\/\/projets.liure.fr\/pitchoune\/produit\/semainier-de-bavoirs\/"]}]},{"@type":"ImageObject","inLanguage":"fr-FR","@id":"https:\/\/projets.liure.fr\/pitchoune\/produit\/semainier-de-bavoirs\/#primaryimage","url":"https:\/\/projets.liure.fr\/pitchoune\/wp-content\/uploads\/sites\/8\/2022\/04\/20220224_085142.jpg","contentUrl":"https:\/\/projets.liure.fr\/pitchoune\/wp-content\/uploads\/sites\/8\/2022\/04\/20220224_085142.jpg","width":908,"height":1210,"caption":"collection semainier de bavoirsbandana pitchounetcoton"},{"@type":"WebSite","@id":"https:\/\/projets.liure.fr\/pitchoune\/#website","url":"https:\/\/projets.liure.fr\/pitchoune\/","name":"pitchounetcoton","description":"Un site utilisant Les sites de R\u00e9seau site puy de d\u00f4me 2","potentialAction":[{"@type":"SearchAction","target":{"@type":"EntryPoint","urlTemplate":"https:\/\/projets.liure.fr\/pitchoune\/?s={search_term_string}"},"query-input":{"@type":"PropertyValueSpecification","valueRequired":true,"valueName":"search_term_string"}}],"inLanguage":"fr-FR"}]}},"_links":{"self":[{"href":"https:\/\/projets.liure.fr\/pitchoune\/wp-json\/wp\/v2\/product\/115","targetHints":{"allow":["GET"]}}],"collection":[{"href":"https:\/\/projets.liure.fr\/pitchoune\/wp-json\/wp\/v2\/product"}],"about":[{"href":"https:\/\/projets.liure.fr\/pitchoune\/wp-json\/wp\/v2\/types\/product"}],"wp:featuredmedia":[{"embeddable":true,"href":"https:\/\/projets.liure.fr\/pitchoune\/wp-json\/wp\/v2\/media\/104"}],"wp:attachment":[{"href":"https:\/\/projets.liure.fr\/pitchoune\/wp-json\/wp\/v2\/media?parent=115"}],"wp:term":[{"taxonomy":"product_brand","embeddable":true,"href":"https:\/\/projets.liure.fr\/pitchoune\/wp-json\/wp\/v2\/product_brand?post=115"},{"taxonomy":"product_cat","embeddable":true,"href":"https:\/\/projets.liure.fr\/pitchoune\/wp-json\/wp\/v2\/product_cat?post=115"},{"taxonomy":"product_tag","embeddable":true,"href":"https:\/\/projets.liure.fr\/pitchoune\/wp-json\/wp\/v2\/product_tag?post=115"}],"curies":[{"name":"wp","href":"https:\/\/api.w.org\/{rel}","templated":true}]}}