{"id":1032,"date":"2022-05-23T11:42:37","date_gmt":"2022-05-23T09:42:37","guid":{"rendered":"https:\/\/www.cotonnerie-du-centre.fr\/?post_type=product&amp;p=1032"},"modified":"2022-05-23T11:42:37","modified_gmt":"2022-05-23T09:42:37","slug":"carte-couture-cours-enfant","status":"publish","type":"product","link":"https:\/\/projets.liure.fr\/pitchoune\/produit\/carte-couture-cours-enfant\/","title":{"rendered":"Carte cours pour enfant"},"content":{"rendered":"<?xml encoding=\"utf-8\" ?><div class=\"container\">\n<div class=\"row\">\n<div class=\"col-md-12\">Cotonnerie du Centre vous propose une <strong>carte cours de couture pour enfant<\/strong>. Celle-ci se compose de 5 cours de 1h30 chacun.\n<h4>O&ugrave; et comment ?<\/h4>\n<p>Les<a href=\"https:\/\/www.cotonnerie-du-centre.fr\/cours-couture\/\"> cours<\/a> de Cotonnerie du Centre se passent &agrave; l&rsquo;Atelier dans un espace convivial et chaleureux. Cotonnerie du Centre aime transmettre son savoir de fa&ccedil;on simple et ludique.<\/p>\n<p><strong>Une couturi&egrave;re dipl&ocirc;m&eacute;e<\/strong> &laquo;&nbsp;Fabricant de v&ecirc;tements sur mesure&nbsp;&raquo; aide votre enfant dans toutes les &eacute;tapes de son apprentissage.<\/p>\n<p>Cette carte de cours de couture pour enfant lui permet de <strong>prendre en main sa nouvelle machine<\/strong> ou l&rsquo;aide &agrave; <strong>confectionner des cr&eacute;ations simples.<\/strong><\/p>\n<p>Si vous n&rsquo;&ecirc;tes pas s&ucirc;r que votre enfant soit passionn&eacute; par la couture, l&rsquo;Atelier Cotonnerie du Centre vous propose <a href=\"https:\/\/www.cotonnerie-du-centre.fr\/produit\/cours-couture-enfant-decouverte-combronde-atelier-cotonnerie-couturiere\/\">un cours de couture de 1h30<\/a> pour lui permettre de s&rsquo;exercer et d&eacute;couvrir la couture.<\/p>\n<p>Faites moi part des envies de votre enfant <a href=\"https:\/\/www.cotonnerie-du-centre.fr\/contact\/\">ici<\/a> ou par t&eacute;l&eacute;phone<a href=\"https:\/\/www.cotonnerie-du-centre.fr\/#\"> ici<\/a>.<\/p>\n<p>Vous avez la possibilit&eacute; de venir&nbsp; la r&eacute;cup&eacute;rer &agrave; l&rsquo;Atelier ou je peux vous&nbsp; l&rsquo;envoyer gratuitement.<\/p><\/div>\n<\/div>\n<\/div>\n","protected":false},"excerpt":{"rendered":"<p>Carte de 5 cours de couture pour enfants<\/p>\n<p>Temps du cours : 1h30<\/p>\n","protected":false},"featured_media":1028,"template":"","meta":{"_acf_changed":false},"product_brand":[],"product_cat":[41],"product_tag":[],"class_list":{"0":"post-1032","1":"product","2":"type-product","3":"status-publish","4":"has-post-thumbnail","6":"product_cat-cours-couture-personnalises-couturiere-diplomee-cotonnerie-combronde","8":"first","9":"instock","10":"shipping-taxable","11":"purchasable","12":"product-type-simple"},"acf":[],"yoast_head":"<!-- This site is optimized with the Yoast SEO plugin v25.8 - https:\/\/yoast.com\/wordpress\/plugins\/seo\/ -->\n<title>carte cours couture pour enfant - d\u00e9couverte de la couture<\/title>\n<meta name=\"description\" content=\"carte cours couture pour enfant - permet \u00e0 votre enfant de savoir faire fonctionner une machine \u00e0 coudre et r\u00e9aliser des cr\u00e9ations simples\" \/>\n<meta name=\"robots\" content=\"noindex, follow, max-snippet:-1, max-image-preview:large, max-video-preview:-1\" \/>\n<meta property=\"og:locale\" content=\"fr_FR\" \/>\n<meta property=\"og:type\" content=\"article\" \/>\n<meta property=\"og:title\" content=\"carte cours couture pour enfant - d\u00e9couverte de la couture\" \/>\n<meta property=\"og:description\" content=\"carte cours couture pour enfant - permet \u00e0 votre enfant de savoir faire fonctionner une machine \u00e0 coudre et r\u00e9aliser des cr\u00e9ations simples\" \/>\n<meta property=\"og:url\" content=\"https:\/\/projets.liure.fr\/pitchoune\/produit\/carte-couture-cours-enfant\/\" \/>\n<meta property=\"og:site_name\" content=\"pitchounetcoton\" \/>\n<meta property=\"og:image\" content=\"https:\/\/projets.liure.fr\/pitchoune\/wp-content\/uploads\/sites\/8\/2021\/05\/tabeau-couture-2.jpg\" \/>\n\t<meta property=\"og:image:width\" content=\"886\" \/>\n\t<meta property=\"og:image:height\" content=\"770\" \/>\n\t<meta property=\"og:image:type\" content=\"image\/jpeg\" \/>\n<meta name=\"twitter:card\" content=\"summary_large_image\" \/>\n<meta name=\"twitter:label1\" content=\"Dur\u00e9e de lecture estim\u00e9e\" \/>\n\t<meta name=\"twitter:data1\" content=\"1 minute\" \/>\n<script type=\"application\/ld+json\" class=\"yoast-schema-graph\">{\"@context\":\"https:\/\/schema.org\",\"@graph\":[{\"@type\":\"WebPage\",\"@id\":\"https:\/\/projets.liure.fr\/pitchoune\/produit\/carte-couture-cours-enfant\/\",\"url\":\"https:\/\/projets.liure.fr\/pitchoune\/produit\/carte-couture-cours-enfant\/\",\"name\":\"carte cours couture pour enfant - d\u00e9couverte de la couture\",\"isPartOf\":{\"@id\":\"https:\/\/projets.liure.fr\/pitchoune\/#website\"},\"primaryImageOfPage\":{\"@id\":\"https:\/\/projets.liure.fr\/pitchoune\/produit\/carte-couture-cours-enfant\/#primaryimage\"},\"image\":{\"@id\":\"https:\/\/projets.liure.fr\/pitchoune\/produit\/carte-couture-cours-enfant\/#primaryimage\"},\"thumbnailUrl\":\"https:\/\/projets.liure.fr\/pitchoune\/wp-content\/uploads\/sites\/8\/2021\/05\/tabeau-couture-2.jpg\",\"datePublished\":\"2022-05-23T09:42:37+00:00\",\"description\":\"carte cours couture pour enfant - permet \u00e0 votre enfant de savoir faire fonctionner une machine \u00e0 coudre et r\u00e9aliser des cr\u00e9ations simples\",\"breadcrumb\":{\"@id\":\"https:\/\/projets.liure.fr\/pitchoune\/produit\/carte-couture-cours-enfant\/#breadcrumb\"},\"inLanguage\":\"fr-FR\",\"potentialAction\":[{\"@type\":\"ReadAction\",\"target\":[\"https:\/\/projets.liure.fr\/pitchoune\/produit\/carte-couture-cours-enfant\/\"]}]},{\"@type\":\"ImageObject\",\"inLanguage\":\"fr-FR\",\"@id\":\"https:\/\/projets.liure.fr\/pitchoune\/produit\/carte-couture-cours-enfant\/#primaryimage\",\"url\":\"https:\/\/projets.liure.fr\/pitchoune\/wp-content\/uploads\/sites\/8\/2021\/05\/tabeau-couture-2.jpg\",\"contentUrl\":\"https:\/\/projets.liure.fr\/pitchoune\/wp-content\/uploads\/sites\/8\/2021\/05\/tabeau-couture-2.jpg\",\"width\":886,\"height\":770,\"caption\":\"cours couture enfant adulte atelier couturi\u00e8re\"},{\"@type\":\"WebSite\",\"@id\":\"https:\/\/projets.liure.fr\/pitchoune\/#website\",\"url\":\"https:\/\/projets.liure.fr\/pitchoune\/\",\"name\":\"pitchounetcoton\",\"description\":\"Un site utilisant Les sites de R\u00e9seau site puy de d\u00f4me 2\",\"potentialAction\":[{\"@type\":\"SearchAction\",\"target\":{\"@type\":\"EntryPoint\",\"urlTemplate\":\"https:\/\/projets.liure.fr\/pitchoune\/?s={search_term_string}\"},\"query-input\":{\"@type\":\"PropertyValueSpecification\",\"valueRequired\":true,\"valueName\":\"search_term_string\"}}],\"inLanguage\":\"fr-FR\"}]}<\/script>\n<!-- \/ Yoast SEO plugin. -->","yoast_head_json":{"title":"carte cours couture pour enfant - d\u00e9couverte de la couture","description":"carte cours couture pour enfant - permet \u00e0 votre enfant de savoir faire fonctionner une machine \u00e0 coudre et r\u00e9aliser des cr\u00e9ations simples","robots":{"index":"noindex","follow":"follow","max-snippet":"max-snippet:-1","max-image-preview":"max-image-preview:large","max-video-preview":"max-video-preview:-1"},"og_locale":"fr_FR","og_type":"article","og_title":"carte cours couture pour enfant - d\u00e9couverte de la couture","og_description":"carte cours couture pour enfant - permet \u00e0 votre enfant de savoir faire fonctionner une machine \u00e0 coudre et r\u00e9aliser des cr\u00e9ations simples","og_url":"https:\/\/projets.liure.fr\/pitchoune\/produit\/carte-couture-cours-enfant\/","og_site_name":"pitchounetcoton","og_image":[{"width":886,"height":770,"url":"https:\/\/projets.liure.fr\/pitchoune\/wp-content\/uploads\/sites\/8\/2021\/05\/tabeau-couture-2.jpg","type":"image\/jpeg"}],"twitter_card":"summary_large_image","twitter_misc":{"Dur\u00e9e de lecture estim\u00e9e":"1 minute"},"schema":{"@context":"https:\/\/schema.org","@graph":[{"@type":"WebPage","@id":"https:\/\/projets.liure.fr\/pitchoune\/produit\/carte-couture-cours-enfant\/","url":"https:\/\/projets.liure.fr\/pitchoune\/produit\/carte-couture-cours-enfant\/","name":"carte cours couture pour enfant - d\u00e9couverte de la couture","isPartOf":{"@id":"https:\/\/projets.liure.fr\/pitchoune\/#website"},"primaryImageOfPage":{"@id":"https:\/\/projets.liure.fr\/pitchoune\/produit\/carte-couture-cours-enfant\/#primaryimage"},"image":{"@id":"https:\/\/projets.liure.fr\/pitchoune\/produit\/carte-couture-cours-enfant\/#primaryimage"},"thumbnailUrl":"https:\/\/projets.liure.fr\/pitchoune\/wp-content\/uploads\/sites\/8\/2021\/05\/tabeau-couture-2.jpg","datePublished":"2022-05-23T09:42:37+00:00","description":"carte cours couture pour enfant - permet \u00e0 votre enfant de savoir faire fonctionner une machine \u00e0 coudre et r\u00e9aliser des cr\u00e9ations simples","breadcrumb":{"@id":"https:\/\/projets.liure.fr\/pitchoune\/produit\/carte-couture-cours-enfant\/#breadcrumb"},"inLanguage":"fr-FR","potentialAction":[{"@type":"ReadAction","target":["https:\/\/projets.liure.fr\/pitchoune\/produit\/carte-couture-cours-enfant\/"]}]},{"@type":"ImageObject","inLanguage":"fr-FR","@id":"https:\/\/projets.liure.fr\/pitchoune\/produit\/carte-couture-cours-enfant\/#primaryimage","url":"https:\/\/projets.liure.fr\/pitchoune\/wp-content\/uploads\/sites\/8\/2021\/05\/tabeau-couture-2.jpg","contentUrl":"https:\/\/projets.liure.fr\/pitchoune\/wp-content\/uploads\/sites\/8\/2021\/05\/tabeau-couture-2.jpg","width":886,"height":770,"caption":"cours couture enfant adulte atelier couturi\u00e8re"},{"@type":"WebSite","@id":"https:\/\/projets.liure.fr\/pitchoune\/#website","url":"https:\/\/projets.liure.fr\/pitchoune\/","name":"pitchounetcoton","description":"Un site utilisant Les sites de R\u00e9seau site puy de d\u00f4me 2","potentialAction":[{"@type":"SearchAction","target":{"@type":"EntryPoint","urlTemplate":"https:\/\/projets.liure.fr\/pitchoune\/?s={search_term_string}"},"query-input":{"@type":"PropertyValueSpecification","valueRequired":true,"valueName":"search_term_string"}}],"inLanguage":"fr-FR"}]}},"_links":{"self":[{"href":"https:\/\/projets.liure.fr\/pitchoune\/wp-json\/wp\/v2\/product\/1032","targetHints":{"allow":["GET"]}}],"collection":[{"href":"https:\/\/projets.liure.fr\/pitchoune\/wp-json\/wp\/v2\/product"}],"about":[{"href":"https:\/\/projets.liure.fr\/pitchoune\/wp-json\/wp\/v2\/types\/product"}],"wp:featuredmedia":[{"embeddable":true,"href":"https:\/\/projets.liure.fr\/pitchoune\/wp-json\/wp\/v2\/media\/1028"}],"wp:attachment":[{"href":"https:\/\/projets.liure.fr\/pitchoune\/wp-json\/wp\/v2\/media?parent=1032"}],"wp:term":[{"taxonomy":"product_brand","embeddable":true,"href":"https:\/\/projets.liure.fr\/pitchoune\/wp-json\/wp\/v2\/product_brand?post=1032"},{"taxonomy":"product_cat","embeddable":true,"href":"https:\/\/projets.liure.fr\/pitchoune\/wp-json\/wp\/v2\/product_cat?post=1032"},{"taxonomy":"product_tag","embeddable":true,"href":"https:\/\/projets.liure.fr\/pitchoune\/wp-json\/wp\/v2\/product_tag?post=1032"}],"curies":[{"name":"wp","href":"https:\/\/api.w.org\/{rel}","templated":true}]}}