{"id":1027,"date":"2022-05-16T11:28:41","date_gmt":"2022-05-16T09:28:41","guid":{"rendered":"https:\/\/www.cotonnerie-du-centre.fr\/?post_type=product&amp;p=1027"},"modified":"2022-05-16T11:28:41","modified_gmt":"2022-05-16T09:28:41","slug":"cours-couture-enfant","status":"publish","type":"product","link":"https:\/\/projets.liure.fr\/pitchoune\/produit\/cours-couture-enfant\/","title":{"rendered":"Cours de couture enfant"},"content":{"rendered":"<?xml encoding=\"utf-8\" ?><div class=\"container\">\n<div class=\"row\">\n<div class=\"col-md-12\">Ce cours de couture unitaire de 1h30 permettra &agrave; votre enfant de d&eacute;couvrir la couture et permettre de confectionner un sac style &laquo;&nbsp;tote bag&nbsp;&raquo; par exemple. Il pourra d&eacute;couvrir comment fonctionne une machine, et cr&eacute;er des choses simples pour d&eacute;buter.\n<p>Il est bien de commencer par 1h30 de cours avant de prendre la carte de 5 cours. En effet, si c&rsquo;est une d&eacute;couverte pour l&rsquo;enfant, cela permettra de juger l&rsquo;int&eacute;r&ecirc;t pour cette activit&eacute;. Si votre enfant se d&eacute;couvre une passion, il sera alors int&eacute;ressant de passer sur une <a href=\"https:\/\/www.cotonnerie-du-centre.fr\/produit\/carte-couture-cours-enfant-couturiere-cotonnerie-machine-coudre\/\">carte<\/a> pour approfondir ses connaissances et d&eacute;velopper ses comp&eacute;tences.<\/p>\n<p>N&rsquo;h&eacute;sitez pas &agrave; me faire part de son projet, de ses d&eacute;sirs pour que je puisse au mieux vous guider dans ses choix de tissus.<\/p>\n<p>Vous pouvez contacter l&rsquo;Atelier Cotonnerie du Centre <a href=\"https:\/\/www.cotonnerie-du-centre.fr\/contact\/\">ici<\/a> ou par t&eacute;l&eacute;phone au 06 68 07 57 88.<\/p><\/div>\n<\/div>\n<\/div>\n","protected":false},"excerpt":{"rendered":"<p>Cours de couture\u00a0 pour enfants<\/p>\n<p>Temps du cours : 1h30<\/p>\n","protected":false},"featured_media":1031,"template":"","meta":{"_acf_changed":false},"product_brand":[],"product_cat":[41],"product_tag":[],"class_list":{"0":"post-1027","1":"product","2":"type-product","3":"status-publish","4":"has-post-thumbnail","6":"product_cat-cours-couture-personnalises-couturiere-diplomee-cotonnerie-combronde","8":"first","9":"instock","10":"shipping-taxable","11":"purchasable","12":"product-type-simple"},"acf":[],"yoast_head":"<!-- This site is optimized with the Yoast SEO plugin v25.8 - https:\/\/yoast.com\/wordpress\/plugins\/seo\/ -->\n<title>cours de couture enfant - d\u00e9couverte de la couture \u00e0 Combronde<\/title>\n<meta name=\"description\" content=\"cours de couture enfant - D\u00e9couverte de la couture de fa\u00e7on ludique et simple. Utiliser une machine \u00e0 coudre et monter des choses simples.\" \/>\n<meta name=\"robots\" content=\"noindex, follow, max-snippet:-1, max-image-preview:large, max-video-preview:-1\" \/>\n<meta property=\"og:locale\" content=\"fr_FR\" \/>\n<meta property=\"og:type\" content=\"article\" \/>\n<meta property=\"og:title\" content=\"cours de couture enfant - d\u00e9couverte de la couture \u00e0 Combronde\" \/>\n<meta property=\"og:description\" content=\"cours de couture enfant - D\u00e9couverte de la couture de fa\u00e7on ludique et simple. Utiliser une machine \u00e0 coudre et monter des choses simples.\" \/>\n<meta property=\"og:url\" content=\"https:\/\/projets.liure.fr\/pitchoune\/produit\/cours-couture-enfant\/\" \/>\n<meta property=\"og:site_name\" content=\"pitchounetcoton\" \/>\n<meta property=\"og:image\" content=\"https:\/\/projets.liure.fr\/pitchoune\/wp-content\/uploads\/sites\/8\/2021\/05\/tableau-couture3-1.jpg\" \/>\n\t<meta property=\"og:image:width\" content=\"1047\" \/>\n\t<meta property=\"og:image:height\" content=\"857\" \/>\n\t<meta property=\"og:image:type\" content=\"image\/jpeg\" \/>\n<meta name=\"twitter:card\" content=\"summary_large_image\" \/>\n<meta name=\"twitter:label1\" content=\"Dur\u00e9e de lecture estim\u00e9e\" \/>\n\t<meta name=\"twitter:data1\" content=\"1 minute\" \/>\n<script type=\"application\/ld+json\" class=\"yoast-schema-graph\">{\"@context\":\"https:\/\/schema.org\",\"@graph\":[{\"@type\":\"WebPage\",\"@id\":\"https:\/\/projets.liure.fr\/pitchoune\/produit\/cours-couture-enfant\/\",\"url\":\"https:\/\/projets.liure.fr\/pitchoune\/produit\/cours-couture-enfant\/\",\"name\":\"cours de couture enfant - d\u00e9couverte de la couture \u00e0 Combronde\",\"isPartOf\":{\"@id\":\"https:\/\/projets.liure.fr\/pitchoune\/#website\"},\"primaryImageOfPage\":{\"@id\":\"https:\/\/projets.liure.fr\/pitchoune\/produit\/cours-couture-enfant\/#primaryimage\"},\"image\":{\"@id\":\"https:\/\/projets.liure.fr\/pitchoune\/produit\/cours-couture-enfant\/#primaryimage\"},\"thumbnailUrl\":\"https:\/\/projets.liure.fr\/pitchoune\/wp-content\/uploads\/sites\/8\/2021\/05\/tableau-couture3-1.jpg\",\"datePublished\":\"2022-05-16T09:28:41+00:00\",\"description\":\"cours de couture enfant - D\u00e9couverte de la couture de fa\u00e7on ludique et simple. Utiliser une machine \u00e0 coudre et monter des choses simples.\",\"breadcrumb\":{\"@id\":\"https:\/\/projets.liure.fr\/pitchoune\/produit\/cours-couture-enfant\/#breadcrumb\"},\"inLanguage\":\"fr-FR\",\"potentialAction\":[{\"@type\":\"ReadAction\",\"target\":[\"https:\/\/projets.liure.fr\/pitchoune\/produit\/cours-couture-enfant\/\"]}]},{\"@type\":\"ImageObject\",\"inLanguage\":\"fr-FR\",\"@id\":\"https:\/\/projets.liure.fr\/pitchoune\/produit\/cours-couture-enfant\/#primaryimage\",\"url\":\"https:\/\/projets.liure.fr\/pitchoune\/wp-content\/uploads\/sites\/8\/2021\/05\/tableau-couture3-1.jpg\",\"contentUrl\":\"https:\/\/projets.liure.fr\/pitchoune\/wp-content\/uploads\/sites\/8\/2021\/05\/tableau-couture3-1.jpg\",\"width\":1047,\"height\":857,\"caption\":\"cours couture enfant\"},{\"@type\":\"WebSite\",\"@id\":\"https:\/\/projets.liure.fr\/pitchoune\/#website\",\"url\":\"https:\/\/projets.liure.fr\/pitchoune\/\",\"name\":\"pitchounetcoton\",\"description\":\"Un site utilisant Les sites de R\u00e9seau site puy de d\u00f4me 2\",\"potentialAction\":[{\"@type\":\"SearchAction\",\"target\":{\"@type\":\"EntryPoint\",\"urlTemplate\":\"https:\/\/projets.liure.fr\/pitchoune\/?s={search_term_string}\"},\"query-input\":{\"@type\":\"PropertyValueSpecification\",\"valueRequired\":true,\"valueName\":\"search_term_string\"}}],\"inLanguage\":\"fr-FR\"}]}<\/script>\n<!-- \/ Yoast SEO plugin. -->","yoast_head_json":{"title":"cours de couture enfant - d\u00e9couverte de la couture \u00e0 Combronde","description":"cours de couture enfant - D\u00e9couverte de la couture de fa\u00e7on ludique et simple. Utiliser une machine \u00e0 coudre et monter des choses simples.","robots":{"index":"noindex","follow":"follow","max-snippet":"max-snippet:-1","max-image-preview":"max-image-preview:large","max-video-preview":"max-video-preview:-1"},"og_locale":"fr_FR","og_type":"article","og_title":"cours de couture enfant - d\u00e9couverte de la couture \u00e0 Combronde","og_description":"cours de couture enfant - D\u00e9couverte de la couture de fa\u00e7on ludique et simple. Utiliser une machine \u00e0 coudre et monter des choses simples.","og_url":"https:\/\/projets.liure.fr\/pitchoune\/produit\/cours-couture-enfant\/","og_site_name":"pitchounetcoton","og_image":[{"width":1047,"height":857,"url":"https:\/\/projets.liure.fr\/pitchoune\/wp-content\/uploads\/sites\/8\/2021\/05\/tableau-couture3-1.jpg","type":"image\/jpeg"}],"twitter_card":"summary_large_image","twitter_misc":{"Dur\u00e9e de lecture estim\u00e9e":"1 minute"},"schema":{"@context":"https:\/\/schema.org","@graph":[{"@type":"WebPage","@id":"https:\/\/projets.liure.fr\/pitchoune\/produit\/cours-couture-enfant\/","url":"https:\/\/projets.liure.fr\/pitchoune\/produit\/cours-couture-enfant\/","name":"cours de couture enfant - d\u00e9couverte de la couture \u00e0 Combronde","isPartOf":{"@id":"https:\/\/projets.liure.fr\/pitchoune\/#website"},"primaryImageOfPage":{"@id":"https:\/\/projets.liure.fr\/pitchoune\/produit\/cours-couture-enfant\/#primaryimage"},"image":{"@id":"https:\/\/projets.liure.fr\/pitchoune\/produit\/cours-couture-enfant\/#primaryimage"},"thumbnailUrl":"https:\/\/projets.liure.fr\/pitchoune\/wp-content\/uploads\/sites\/8\/2021\/05\/tableau-couture3-1.jpg","datePublished":"2022-05-16T09:28:41+00:00","description":"cours de couture enfant - D\u00e9couverte de la couture de fa\u00e7on ludique et simple. Utiliser une machine \u00e0 coudre et monter des choses simples.","breadcrumb":{"@id":"https:\/\/projets.liure.fr\/pitchoune\/produit\/cours-couture-enfant\/#breadcrumb"},"inLanguage":"fr-FR","potentialAction":[{"@type":"ReadAction","target":["https:\/\/projets.liure.fr\/pitchoune\/produit\/cours-couture-enfant\/"]}]},{"@type":"ImageObject","inLanguage":"fr-FR","@id":"https:\/\/projets.liure.fr\/pitchoune\/produit\/cours-couture-enfant\/#primaryimage","url":"https:\/\/projets.liure.fr\/pitchoune\/wp-content\/uploads\/sites\/8\/2021\/05\/tableau-couture3-1.jpg","contentUrl":"https:\/\/projets.liure.fr\/pitchoune\/wp-content\/uploads\/sites\/8\/2021\/05\/tableau-couture3-1.jpg","width":1047,"height":857,"caption":"cours couture enfant"},{"@type":"WebSite","@id":"https:\/\/projets.liure.fr\/pitchoune\/#website","url":"https:\/\/projets.liure.fr\/pitchoune\/","name":"pitchounetcoton","description":"Un site utilisant Les sites de R\u00e9seau site puy de d\u00f4me 2","potentialAction":[{"@type":"SearchAction","target":{"@type":"EntryPoint","urlTemplate":"https:\/\/projets.liure.fr\/pitchoune\/?s={search_term_string}"},"query-input":{"@type":"PropertyValueSpecification","valueRequired":true,"valueName":"search_term_string"}}],"inLanguage":"fr-FR"}]}},"_links":{"self":[{"href":"https:\/\/projets.liure.fr\/pitchoune\/wp-json\/wp\/v2\/product\/1027","targetHints":{"allow":["GET"]}}],"collection":[{"href":"https:\/\/projets.liure.fr\/pitchoune\/wp-json\/wp\/v2\/product"}],"about":[{"href":"https:\/\/projets.liure.fr\/pitchoune\/wp-json\/wp\/v2\/types\/product"}],"wp:featuredmedia":[{"embeddable":true,"href":"https:\/\/projets.liure.fr\/pitchoune\/wp-json\/wp\/v2\/media\/1031"}],"wp:attachment":[{"href":"https:\/\/projets.liure.fr\/pitchoune\/wp-json\/wp\/v2\/media?parent=1027"}],"wp:term":[{"taxonomy":"product_brand","embeddable":true,"href":"https:\/\/projets.liure.fr\/pitchoune\/wp-json\/wp\/v2\/product_brand?post=1027"},{"taxonomy":"product_cat","embeddable":true,"href":"https:\/\/projets.liure.fr\/pitchoune\/wp-json\/wp\/v2\/product_cat?post=1027"},{"taxonomy":"product_tag","embeddable":true,"href":"https:\/\/projets.liure.fr\/pitchoune\/wp-json\/wp\/v2\/product_tag?post=1027"}],"curies":[{"name":"wp","href":"https:\/\/api.w.org\/{rel}","templated":true}]}}