{"id":1022,"date":"2022-05-16T09:49:34","date_gmt":"2022-05-16T07:49:34","guid":{"rendered":"https:\/\/www.cotonnerie-du-centre.fr\/?post_type=product&amp;p=1022"},"modified":"2022-05-16T09:49:34","modified_gmt":"2022-05-16T07:49:34","slug":"carte-cours-couture-adulte","status":"publish","type":"product","link":"https:\/\/projets.liure.fr\/pitchoune\/produit\/carte-cours-couture-adulte\/","title":{"rendered":"Carte cours de couture adulte"},"content":{"rendered":"<?xml encoding=\"utf-8\" ?><div class=\"container\">\n<div class=\"row\">\n<div class=\"col-md-12\">Cotonnerie du Centre vous propose une carte cours de couture pour adulte. Celle-ci se compose de 5 cours de 2 h chacun.\n<h4>O&ugrave; et comment ?<\/h4>\n<p>Les<a href=\"https:\/\/www.cotonnerie-du-centre.fr\/cours-couture\/\"> cours<\/a> de Cotonnerie du Centre se passent &agrave; l&rsquo;Atelier dans un espace convivial et chaleureux. Cotonnerie du Centre aime transmettre son savoir et le fait de fa&ccedil;on particuli&egrave;re avec vous seule ou &agrave; deux maximum. Cela permet d&rsquo;&ecirc;tre &agrave; votre &eacute;coute enti&egrave;rement pendant ces 2 h de cours. Les horaires sont libres et sont programm&eacute;es ensemble selon vos disponibilit&eacute;s.<\/p>\n<p><strong>Une couturi&egrave;re dipl&ocirc;m&eacute;e<\/strong> &laquo;&nbsp;Fabricant de v&ecirc;tements sur mesure&nbsp;&raquo; vous accompagne tout le long de vos cours. Par cons&eacute;quent, elle vous aide dans toutes les &eacute;tapes de votre apprentissage.<\/p>\n<p>Cette carte de cours de couture pour adulte&nbsp; vous permet de <strong>prendre en main votre nouvelle machine<\/strong> ou vous aide &agrave; <strong>confectionner un v&ecirc;tement unique<\/strong> et fait de vos propres mains.<\/p>\n<p>Alors que ce soit pour vous ou pour faire plaisir, commandez votre carte cours de couture.<\/p>\n<p>L&rsquo;article &laquo;&nbsp;<a href=\"https:\/\/www.cotonnerie-du-centre.fr\/cours-de-couture\/\">En quoi consiste un cours de couture<\/a>&nbsp;&raquo; vous permettra de vous faire une id&eacute;e de ce que vous pouvez apprendre chez Cotonnerie du Centre.<\/p>\n<p>Possibilit&eacute; de la r&eacute;cup&eacute;rer &agrave; l&rsquo;Atelier ou possibilit&eacute; de vous l&rsquo;envoyer gratuitement.<\/p><\/div>\n<\/div>\n<\/div>\n","protected":false},"excerpt":{"rendered":"<p>Carte de 5 cours de couture de 2h chacun.<\/p>\n<p>Cours personnalis\u00e9s selon vos besoins.<\/p>\n","protected":false},"featured_media":1021,"template":"","meta":{"_acf_changed":false},"product_brand":[],"product_cat":[41],"product_tag":[],"class_list":{"0":"post-1022","1":"product","2":"type-product","3":"status-publish","4":"has-post-thumbnail","6":"product_cat-cours-couture-personnalises-couturiere-diplomee-cotonnerie-combronde","8":"first","9":"instock","10":"shipping-taxable","11":"purchasable","12":"product-type-simple"},"acf":[],"yoast_head":"<!-- This site is optimized with the Yoast SEO plugin v25.8 - https:\/\/yoast.com\/wordpress\/plugins\/seo\/ -->\n<title>carte cours couture adulte - Atelier Cotonnerie du Centre<\/title>\n<meta name=\"description\" content=\"carte cours couture adulte. Prise en main de votre machine \u00e0 coudre, aide pour la cr\u00e9ation d&#039;un v\u00eatement. pour adultes et enfants.\" \/>\n<meta name=\"robots\" content=\"noindex, follow, max-snippet:-1, max-image-preview:large, max-video-preview:-1\" \/>\n<meta property=\"og:locale\" content=\"fr_FR\" \/>\n<meta property=\"og:type\" content=\"article\" \/>\n<meta property=\"og:title\" content=\"carte cours couture adulte - Atelier Cotonnerie du Centre\" \/>\n<meta property=\"og:description\" content=\"carte cours couture adulte. Prise en main de votre machine \u00e0 coudre, aide pour la cr\u00e9ation d&#039;un v\u00eatement. pour adultes et enfants.\" \/>\n<meta property=\"og:url\" content=\"https:\/\/projets.liure.fr\/pitchoune\/produit\/carte-cours-couture-adulte\/\" \/>\n<meta property=\"og:site_name\" content=\"pitchounetcoton\" \/>\n<meta property=\"og:image\" content=\"https:\/\/projets.liure.fr\/pitchoune\/wp-content\/uploads\/sites\/8\/2021\/05\/carte-cours-de-couture.png\" \/>\n\t<meta property=\"og:image:width\" content=\"477\" \/>\n\t<meta property=\"og:image:height\" content=\"298\" \/>\n\t<meta property=\"og:image:type\" content=\"image\/png\" \/>\n<meta name=\"twitter:card\" content=\"summary_large_image\" \/>\n<meta name=\"twitter:label1\" content=\"Dur\u00e9e de lecture estim\u00e9e\" \/>\n\t<meta name=\"twitter:data1\" content=\"2 minutes\" \/>\n<script type=\"application\/ld+json\" class=\"yoast-schema-graph\">{\"@context\":\"https:\/\/schema.org\",\"@graph\":[{\"@type\":\"WebPage\",\"@id\":\"https:\/\/projets.liure.fr\/pitchoune\/produit\/carte-cours-couture-adulte\/\",\"url\":\"https:\/\/projets.liure.fr\/pitchoune\/produit\/carte-cours-couture-adulte\/\",\"name\":\"carte cours couture adulte - Atelier Cotonnerie du Centre\",\"isPartOf\":{\"@id\":\"https:\/\/projets.liure.fr\/pitchoune\/#website\"},\"primaryImageOfPage\":{\"@id\":\"https:\/\/projets.liure.fr\/pitchoune\/produit\/carte-cours-couture-adulte\/#primaryimage\"},\"image\":{\"@id\":\"https:\/\/projets.liure.fr\/pitchoune\/produit\/carte-cours-couture-adulte\/#primaryimage\"},\"thumbnailUrl\":\"https:\/\/projets.liure.fr\/pitchoune\/wp-content\/uploads\/sites\/8\/2021\/05\/carte-cours-de-couture.png\",\"datePublished\":\"2022-05-16T07:49:34+00:00\",\"description\":\"carte cours couture adulte. Prise en main de votre machine \u00e0 coudre, aide pour la cr\u00e9ation d'un v\u00eatement. pour adultes et enfants.\",\"breadcrumb\":{\"@id\":\"https:\/\/projets.liure.fr\/pitchoune\/produit\/carte-cours-couture-adulte\/#breadcrumb\"},\"inLanguage\":\"fr-FR\",\"potentialAction\":[{\"@type\":\"ReadAction\",\"target\":[\"https:\/\/projets.liure.fr\/pitchoune\/produit\/carte-cours-couture-adulte\/\"]}]},{\"@type\":\"ImageObject\",\"inLanguage\":\"fr-FR\",\"@id\":\"https:\/\/projets.liure.fr\/pitchoune\/produit\/carte-cours-couture-adulte\/#primaryimage\",\"url\":\"https:\/\/projets.liure.fr\/pitchoune\/wp-content\/uploads\/sites\/8\/2021\/05\/carte-cours-de-couture.png\",\"contentUrl\":\"https:\/\/projets.liure.fr\/pitchoune\/wp-content\/uploads\/sites\/8\/2021\/05\/carte-cours-de-couture.png\",\"width\":477,\"height\":298,\"caption\":\"cours couture personnalis\u00e9 couturi\u00e8re diplom\u00e9e\"},{\"@type\":\"WebSite\",\"@id\":\"https:\/\/projets.liure.fr\/pitchoune\/#website\",\"url\":\"https:\/\/projets.liure.fr\/pitchoune\/\",\"name\":\"pitchounetcoton\",\"description\":\"Un site utilisant Les sites de R\u00e9seau site puy de d\u00f4me 2\",\"potentialAction\":[{\"@type\":\"SearchAction\",\"target\":{\"@type\":\"EntryPoint\",\"urlTemplate\":\"https:\/\/projets.liure.fr\/pitchoune\/?s={search_term_string}\"},\"query-input\":{\"@type\":\"PropertyValueSpecification\",\"valueRequired\":true,\"valueName\":\"search_term_string\"}}],\"inLanguage\":\"fr-FR\"}]}<\/script>\n<!-- \/ Yoast SEO plugin. -->","yoast_head_json":{"title":"carte cours couture adulte - Atelier Cotonnerie du Centre","description":"carte cours couture adulte. Prise en main de votre machine \u00e0 coudre, aide pour la cr\u00e9ation d'un v\u00eatement. pour adultes et enfants.","robots":{"index":"noindex","follow":"follow","max-snippet":"max-snippet:-1","max-image-preview":"max-image-preview:large","max-video-preview":"max-video-preview:-1"},"og_locale":"fr_FR","og_type":"article","og_title":"carte cours couture adulte - Atelier Cotonnerie du Centre","og_description":"carte cours couture adulte. Prise en main de votre machine \u00e0 coudre, aide pour la cr\u00e9ation d'un v\u00eatement. pour adultes et enfants.","og_url":"https:\/\/projets.liure.fr\/pitchoune\/produit\/carte-cours-couture-adulte\/","og_site_name":"pitchounetcoton","og_image":[{"width":477,"height":298,"url":"https:\/\/projets.liure.fr\/pitchoune\/wp-content\/uploads\/sites\/8\/2021\/05\/carte-cours-de-couture.png","type":"image\/png"}],"twitter_card":"summary_large_image","twitter_misc":{"Dur\u00e9e de lecture estim\u00e9e":"2 minutes"},"schema":{"@context":"https:\/\/schema.org","@graph":[{"@type":"WebPage","@id":"https:\/\/projets.liure.fr\/pitchoune\/produit\/carte-cours-couture-adulte\/","url":"https:\/\/projets.liure.fr\/pitchoune\/produit\/carte-cours-couture-adulte\/","name":"carte cours couture adulte - Atelier Cotonnerie du Centre","isPartOf":{"@id":"https:\/\/projets.liure.fr\/pitchoune\/#website"},"primaryImageOfPage":{"@id":"https:\/\/projets.liure.fr\/pitchoune\/produit\/carte-cours-couture-adulte\/#primaryimage"},"image":{"@id":"https:\/\/projets.liure.fr\/pitchoune\/produit\/carte-cours-couture-adulte\/#primaryimage"},"thumbnailUrl":"https:\/\/projets.liure.fr\/pitchoune\/wp-content\/uploads\/sites\/8\/2021\/05\/carte-cours-de-couture.png","datePublished":"2022-05-16T07:49:34+00:00","description":"carte cours couture adulte. Prise en main de votre machine \u00e0 coudre, aide pour la cr\u00e9ation d'un v\u00eatement. pour adultes et enfants.","breadcrumb":{"@id":"https:\/\/projets.liure.fr\/pitchoune\/produit\/carte-cours-couture-adulte\/#breadcrumb"},"inLanguage":"fr-FR","potentialAction":[{"@type":"ReadAction","target":["https:\/\/projets.liure.fr\/pitchoune\/produit\/carte-cours-couture-adulte\/"]}]},{"@type":"ImageObject","inLanguage":"fr-FR","@id":"https:\/\/projets.liure.fr\/pitchoune\/produit\/carte-cours-couture-adulte\/#primaryimage","url":"https:\/\/projets.liure.fr\/pitchoune\/wp-content\/uploads\/sites\/8\/2021\/05\/carte-cours-de-couture.png","contentUrl":"https:\/\/projets.liure.fr\/pitchoune\/wp-content\/uploads\/sites\/8\/2021\/05\/carte-cours-de-couture.png","width":477,"height":298,"caption":"cours couture personnalis\u00e9 couturi\u00e8re diplom\u00e9e"},{"@type":"WebSite","@id":"https:\/\/projets.liure.fr\/pitchoune\/#website","url":"https:\/\/projets.liure.fr\/pitchoune\/","name":"pitchounetcoton","description":"Un site utilisant Les sites de R\u00e9seau site puy de d\u00f4me 2","potentialAction":[{"@type":"SearchAction","target":{"@type":"EntryPoint","urlTemplate":"https:\/\/projets.liure.fr\/pitchoune\/?s={search_term_string}"},"query-input":{"@type":"PropertyValueSpecification","valueRequired":true,"valueName":"search_term_string"}}],"inLanguage":"fr-FR"}]}},"_links":{"self":[{"href":"https:\/\/projets.liure.fr\/pitchoune\/wp-json\/wp\/v2\/product\/1022","targetHints":{"allow":["GET"]}}],"collection":[{"href":"https:\/\/projets.liure.fr\/pitchoune\/wp-json\/wp\/v2\/product"}],"about":[{"href":"https:\/\/projets.liure.fr\/pitchoune\/wp-json\/wp\/v2\/types\/product"}],"wp:featuredmedia":[{"embeddable":true,"href":"https:\/\/projets.liure.fr\/pitchoune\/wp-json\/wp\/v2\/media\/1021"}],"wp:attachment":[{"href":"https:\/\/projets.liure.fr\/pitchoune\/wp-json\/wp\/v2\/media?parent=1022"}],"wp:term":[{"taxonomy":"product_brand","embeddable":true,"href":"https:\/\/projets.liure.fr\/pitchoune\/wp-json\/wp\/v2\/product_brand?post=1022"},{"taxonomy":"product_cat","embeddable":true,"href":"https:\/\/projets.liure.fr\/pitchoune\/wp-json\/wp\/v2\/product_cat?post=1022"},{"taxonomy":"product_tag","embeddable":true,"href":"https:\/\/projets.liure.fr\/pitchoune\/wp-json\/wp\/v2\/product_tag?post=1022"}],"curies":[{"name":"wp","href":"https:\/\/api.w.org\/{rel}","templated":true}]}}