{"id":101,"date":"2022-04-10T10:49:04","date_gmt":"2022-04-10T08:49:04","guid":{"rendered":"https:\/\/projets.liure.fr\/pitchoune\/?post_type=product&#038;p=101"},"modified":"2022-07-18T08:21:29","modified_gmt":"2022-07-18T06:21:29","slug":"couverture-bebe-arc-en-ciel","status":"publish","type":"product","link":"https:\/\/projets.liure.fr\/pitchoune\/produit\/couverture-bebe-arc-en-ciel\/","title":{"rendered":"Couverture b\u00e9b\u00e9 arc en ciel"},"content":{"rendered":"<?xml encoding=\"utf-8\" ?><div class=\"container\">\n<div class=\"row\">\n<div class=\"col-md-12\">En double gaze bleu marine 170g\/ml certifi&eacute;e oeko-tex standard 100 et coton imprim&eacute; petits lapins\/arc en ciel 115 g\/m&sup2; certifi&eacute; oeko-tex standard 100.\n<p>Int&eacute;rieur ouate de polyester 130 g\/m&sup2; certifi&eacute; oeko-tex , origine France et molleton de coton 250 g\/m&sup2; certifi&eacute; oeko-tex standard 100.<\/p>\n<p>Passepoil coton gris fonc&eacute;.<\/p>\n<p>Dimensions : 60 cm de large 90 cm de long.<\/p>\n<p>Conseils d&rsquo;entretiens :<\/p>\n<ul>\n<li>Laver &agrave; 30&deg;<\/li>\n<li>S&eacute;chage &agrave; plat, s&egrave;che linge interdit<\/li>\n<li>Repassage d&eacute;conseill&eacute; pour garder le moelleux de la couverture et ne pas aplatir la garniture int&eacute;rieure.<\/li>\n<\/ul>\n<p>&nbsp;<\/p>\n<p>&nbsp;<\/p>\n<p>&nbsp;<\/p>\n<p>&nbsp;<\/p><\/div>\n<\/div>\n<\/div>\n","protected":false},"excerpt":{"rendered":"<p>Couverture pour b\u00e9b\u00e9 motif arc en ciel fabriqu\u00e9e dans notre atelier situ\u00e9 entre Vichy et Clermont-Ferrand.<\/p>\n<p>Rehauss\u00e9e d&rsquo;un passepoil gris fonc\u00e9, cette couverture accompagnera votre b\u00e9b\u00e9 lors de ses sommeils ou ses balades et lui permettra de rester au chaud.<\/p>\n<p>Vous pouvez la personnaliser en nous demandant de broder le pr\u00e9nom de votre b\u00e9b\u00e9, ce qui apportera son c\u00f4t\u00e9 personnalis\u00e9 et unique.<\/p>\n<p>L&rsquo;atelier Pitchoun et Coton a choisi la double gaze de coton pour son c\u00f4t\u00e9 facile d&rsquo;entretien et sa douceur. Les mati\u00e8res qui la compose (tissu et garniture int\u00e9rieure) sont oeko-tex pour le respect total de la peau fragile de votre b\u00e9b\u00e9.<\/p>\n","protected":false},"featured_media":48,"template":"","meta":{"_acf_changed":false},"product_brand":[],"product_cat":[18],"product_tag":[],"class_list":{"0":"post-101","1":"product","2":"type-product","3":"status-publish","4":"has-post-thumbnail","6":"product_cat-couvertures-bebe","8":"first","9":"instock","10":"shipping-taxable","11":"purchasable","12":"product-type-simple"},"acf":[],"yoast_head":"<!-- This site is optimized with the Yoast SEO plugin v25.8 - https:\/\/yoast.com\/wordpress\/plugins\/seo\/ -->\n<title>Couverture b\u00e9b\u00e9 arc en ciel - pitchounetcoton<\/title>\n<meta name=\"description\" content=\"couverture b\u00e9b\u00e9 fabriqu\u00e9e artisanalement au c\u0153ur de l&#039;Auvergne entre Vichy et Clermont-Ferrand. En gaze de coton et tissu imprim\u00e9 oeko-tex\" \/>\n<meta name=\"robots\" content=\"noindex, follow, max-snippet:-1, max-image-preview:large, max-video-preview:-1\" \/>\n<meta property=\"og:locale\" content=\"fr_FR\" \/>\n<meta property=\"og:type\" content=\"article\" \/>\n<meta property=\"og:title\" content=\"Couverture b\u00e9b\u00e9 arc en ciel - pitchounetcoton\" \/>\n<meta property=\"og:description\" content=\"couverture b\u00e9b\u00e9 fabriqu\u00e9e artisanalement au c\u0153ur de l&#039;Auvergne entre Vichy et Clermont-Ferrand. En gaze de coton et tissu imprim\u00e9 oeko-tex\" \/>\n<meta property=\"og:url\" content=\"https:\/\/projets.liure.fr\/pitchoune\/produit\/couverture-bebe-arc-en-ciel\/\" \/>\n<meta property=\"og:site_name\" content=\"pitchounetcoton\" \/>\n<meta property=\"article:modified_time\" content=\"2022-07-18T06:21:29+00:00\" \/>\n<meta property=\"og:image\" content=\"https:\/\/projets.liure.fr\/pitchoune\/wp-content\/uploads\/sites\/8\/2022\/04\/arc-en-ciel6-1.jpg\" \/>\n\t<meta property=\"og:image:width\" content=\"908\" \/>\n\t<meta property=\"og:image:height\" content=\"1210\" \/>\n\t<meta property=\"og:image:type\" content=\"image\/jpeg\" \/>\n<meta name=\"twitter:card\" content=\"summary_large_image\" \/>\n<meta name=\"twitter:label1\" content=\"Dur\u00e9e de lecture estim\u00e9e\" \/>\n\t<meta name=\"twitter:data1\" content=\"1 minute\" \/>\n<script type=\"application\/ld+json\" class=\"yoast-schema-graph\">{\"@context\":\"https:\/\/schema.org\",\"@graph\":[{\"@type\":\"WebPage\",\"@id\":\"https:\/\/projets.liure.fr\/pitchoune\/produit\/couverture-bebe-arc-en-ciel\/\",\"url\":\"https:\/\/projets.liure.fr\/pitchoune\/produit\/couverture-bebe-arc-en-ciel\/\",\"name\":\"Couverture b\u00e9b\u00e9 arc en ciel - pitchounetcoton\",\"isPartOf\":{\"@id\":\"https:\/\/projets.liure.fr\/pitchoune\/#website\"},\"primaryImageOfPage\":{\"@id\":\"https:\/\/projets.liure.fr\/pitchoune\/produit\/couverture-bebe-arc-en-ciel\/#primaryimage\"},\"image\":{\"@id\":\"https:\/\/projets.liure.fr\/pitchoune\/produit\/couverture-bebe-arc-en-ciel\/#primaryimage\"},\"thumbnailUrl\":\"https:\/\/projets.liure.fr\/pitchoune\/wp-content\/uploads\/sites\/8\/2022\/04\/arc-en-ciel6-1.jpg\",\"datePublished\":\"2022-04-10T08:49:04+00:00\",\"dateModified\":\"2022-07-18T06:21:29+00:00\",\"description\":\"couverture b\u00e9b\u00e9 fabriqu\u00e9e artisanalement au c\u0153ur de l'Auvergne entre Vichy et Clermont-Ferrand. En gaze de coton et tissu imprim\u00e9 oeko-tex\",\"breadcrumb\":{\"@id\":\"https:\/\/projets.liure.fr\/pitchoune\/produit\/couverture-bebe-arc-en-ciel\/#breadcrumb\"},\"inLanguage\":\"fr-FR\",\"potentialAction\":[{\"@type\":\"ReadAction\",\"target\":[\"https:\/\/projets.liure.fr\/pitchoune\/produit\/couverture-bebe-arc-en-ciel\/\"]}]},{\"@type\":\"ImageObject\",\"inLanguage\":\"fr-FR\",\"@id\":\"https:\/\/projets.liure.fr\/pitchoune\/produit\/couverture-bebe-arc-en-ciel\/#primaryimage\",\"url\":\"https:\/\/projets.liure.fr\/pitchoune\/wp-content\/uploads\/sites\/8\/2022\/04\/arc-en-ciel6-1.jpg\",\"contentUrl\":\"https:\/\/projets.liure.fr\/pitchoune\/wp-content\/uploads\/sites\/8\/2022\/04\/arc-en-ciel6-1.jpg\",\"width\":908,\"height\":1210,\"caption\":\"couverture arc en ciel b\u00e9b\u00e9 cr\u00e9ation fran\u00e7aise vichy\"},{\"@type\":\"WebSite\",\"@id\":\"https:\/\/projets.liure.fr\/pitchoune\/#website\",\"url\":\"https:\/\/projets.liure.fr\/pitchoune\/\",\"name\":\"pitchounetcoton\",\"description\":\"Un site utilisant Les sites de R\u00e9seau site puy de d\u00f4me 2\",\"potentialAction\":[{\"@type\":\"SearchAction\",\"target\":{\"@type\":\"EntryPoint\",\"urlTemplate\":\"https:\/\/projets.liure.fr\/pitchoune\/?s={search_term_string}\"},\"query-input\":{\"@type\":\"PropertyValueSpecification\",\"valueRequired\":true,\"valueName\":\"search_term_string\"}}],\"inLanguage\":\"fr-FR\"}]}<\/script>\n<!-- \/ Yoast SEO plugin. -->","yoast_head_json":{"title":"Couverture b\u00e9b\u00e9 arc en ciel - pitchounetcoton","description":"couverture b\u00e9b\u00e9 fabriqu\u00e9e artisanalement au c\u0153ur de l'Auvergne entre Vichy et Clermont-Ferrand. En gaze de coton et tissu imprim\u00e9 oeko-tex","robots":{"index":"noindex","follow":"follow","max-snippet":"max-snippet:-1","max-image-preview":"max-image-preview:large","max-video-preview":"max-video-preview:-1"},"og_locale":"fr_FR","og_type":"article","og_title":"Couverture b\u00e9b\u00e9 arc en ciel - pitchounetcoton","og_description":"couverture b\u00e9b\u00e9 fabriqu\u00e9e artisanalement au c\u0153ur de l'Auvergne entre Vichy et Clermont-Ferrand. En gaze de coton et tissu imprim\u00e9 oeko-tex","og_url":"https:\/\/projets.liure.fr\/pitchoune\/produit\/couverture-bebe-arc-en-ciel\/","og_site_name":"pitchounetcoton","article_modified_time":"2022-07-18T06:21:29+00:00","og_image":[{"width":908,"height":1210,"url":"https:\/\/projets.liure.fr\/pitchoune\/wp-content\/uploads\/sites\/8\/2022\/04\/arc-en-ciel6-1.jpg","type":"image\/jpeg"}],"twitter_card":"summary_large_image","twitter_misc":{"Dur\u00e9e de lecture estim\u00e9e":"1 minute"},"schema":{"@context":"https:\/\/schema.org","@graph":[{"@type":"WebPage","@id":"https:\/\/projets.liure.fr\/pitchoune\/produit\/couverture-bebe-arc-en-ciel\/","url":"https:\/\/projets.liure.fr\/pitchoune\/produit\/couverture-bebe-arc-en-ciel\/","name":"Couverture b\u00e9b\u00e9 arc en ciel - pitchounetcoton","isPartOf":{"@id":"https:\/\/projets.liure.fr\/pitchoune\/#website"},"primaryImageOfPage":{"@id":"https:\/\/projets.liure.fr\/pitchoune\/produit\/couverture-bebe-arc-en-ciel\/#primaryimage"},"image":{"@id":"https:\/\/projets.liure.fr\/pitchoune\/produit\/couverture-bebe-arc-en-ciel\/#primaryimage"},"thumbnailUrl":"https:\/\/projets.liure.fr\/pitchoune\/wp-content\/uploads\/sites\/8\/2022\/04\/arc-en-ciel6-1.jpg","datePublished":"2022-04-10T08:49:04+00:00","dateModified":"2022-07-18T06:21:29+00:00","description":"couverture b\u00e9b\u00e9 fabriqu\u00e9e artisanalement au c\u0153ur de l'Auvergne entre Vichy et Clermont-Ferrand. En gaze de coton et tissu imprim\u00e9 oeko-tex","breadcrumb":{"@id":"https:\/\/projets.liure.fr\/pitchoune\/produit\/couverture-bebe-arc-en-ciel\/#breadcrumb"},"inLanguage":"fr-FR","potentialAction":[{"@type":"ReadAction","target":["https:\/\/projets.liure.fr\/pitchoune\/produit\/couverture-bebe-arc-en-ciel\/"]}]},{"@type":"ImageObject","inLanguage":"fr-FR","@id":"https:\/\/projets.liure.fr\/pitchoune\/produit\/couverture-bebe-arc-en-ciel\/#primaryimage","url":"https:\/\/projets.liure.fr\/pitchoune\/wp-content\/uploads\/sites\/8\/2022\/04\/arc-en-ciel6-1.jpg","contentUrl":"https:\/\/projets.liure.fr\/pitchoune\/wp-content\/uploads\/sites\/8\/2022\/04\/arc-en-ciel6-1.jpg","width":908,"height":1210,"caption":"couverture arc en ciel b\u00e9b\u00e9 cr\u00e9ation fran\u00e7aise vichy"},{"@type":"WebSite","@id":"https:\/\/projets.liure.fr\/pitchoune\/#website","url":"https:\/\/projets.liure.fr\/pitchoune\/","name":"pitchounetcoton","description":"Un site utilisant Les sites de R\u00e9seau site puy de d\u00f4me 2","potentialAction":[{"@type":"SearchAction","target":{"@type":"EntryPoint","urlTemplate":"https:\/\/projets.liure.fr\/pitchoune\/?s={search_term_string}"},"query-input":{"@type":"PropertyValueSpecification","valueRequired":true,"valueName":"search_term_string"}}],"inLanguage":"fr-FR"}]}},"_links":{"self":[{"href":"https:\/\/projets.liure.fr\/pitchoune\/wp-json\/wp\/v2\/product\/101","targetHints":{"allow":["GET"]}}],"collection":[{"href":"https:\/\/projets.liure.fr\/pitchoune\/wp-json\/wp\/v2\/product"}],"about":[{"href":"https:\/\/projets.liure.fr\/pitchoune\/wp-json\/wp\/v2\/types\/product"}],"wp:featuredmedia":[{"embeddable":true,"href":"https:\/\/projets.liure.fr\/pitchoune\/wp-json\/wp\/v2\/media\/48"}],"wp:attachment":[{"href":"https:\/\/projets.liure.fr\/pitchoune\/wp-json\/wp\/v2\/media?parent=101"}],"wp:term":[{"taxonomy":"product_brand","embeddable":true,"href":"https:\/\/projets.liure.fr\/pitchoune\/wp-json\/wp\/v2\/product_brand?post=101"},{"taxonomy":"product_cat","embeddable":true,"href":"https:\/\/projets.liure.fr\/pitchoune\/wp-json\/wp\/v2\/product_cat?post=101"},{"taxonomy":"product_tag","embeddable":true,"href":"https:\/\/projets.liure.fr\/pitchoune\/wp-json\/wp\/v2\/product_tag?post=101"}],"curies":[{"name":"wp","href":"https:\/\/api.w.org\/{rel}","templated":true}]}}