{"id":619,"date":"2022-11-06T18:56:39","date_gmt":"2022-11-06T17:56:39","guid":{"rendered":"https:\/\/projets.liure.fr\/pitchoune\/?page_id=619"},"modified":"2025-08-11T08:58:17","modified_gmt":"2025-08-11T06:58:17","slug":"trousse-toilette-bebe","status":"publish","type":"page","link":"https:\/\/projets.liure.fr\/pitchoune\/trousse-toilette-bebe\/","title":{"rendered":"La trousse de toilette Pitchoun et Coton"},"content":{"rendered":"<?xml encoding=\"utf-8\" ?><div class=\"container\"><div class=\"row\"><div class=\"col-md-12\"><div class=\"intro_h2\">\n\t<h2><\/h2><p>La trousse de toilette Pitchoun et Coton vous accompagne lors de vos d&eacute;placements et vous permet de transporter les affaires de votre b&eacute;b&eacute; en toute occasion. Alors choisissez la v&ocirc;tre !<\/p>\n\n<\/div><\/div><\/div><\/div><div class=\"container\"><div class=\"row\"><div class=\"col-md-12\">\n\n<\/div><\/div><\/div><div class=\"container\"><div class=\"row\"><div class=\"col-md-12\">\n<h2 class=\"wp-block-heading\">Fabrication et mati&egrave;re de la trousse de toilette Pitchoun et Coton <\/h2>\n<\/div><\/div><\/div><div class=\"container\"><div class=\"row\"><div class=\"col-md-12\">\n\n<\/div><\/div><\/div><div class=\"container\"><div class=\"row\"><div class=\"col-md-12\">\n<p>Votre trousse de toilette est confectionn&eacute;e avec un joli nid d&rsquo;abeille &agrave; l&rsquo;ext&eacute;rieur, un tissu gaufr&eacute; tr&egrave;s doux au toucher et qu&rsquo;affectionne particuli&egrave;rement Pitchoun et Coton.<\/p>\n<\/div><\/div><\/div><div class=\"container\"><div class=\"row\"><div class=\"col-md-12\">\n\n<\/div><\/div><\/div><div class=\"container\"><div class=\"row\"><div class=\"col-md-12\">\n<p>Vous d&eacute;couvrirez ici diff&eacute;rents coloris, alliant douceur, tendresse et couleurs chatoyantes.<\/p>\n<\/div><\/div><\/div><div class=\"container\"><div class=\"row\"><div class=\"col-md-12\">\n\n<\/div><\/div><\/div><div class=\"container\"><div class=\"row\"><div class=\"col-md-12\">\n<p>La trousse de toilette est ferm&eacute;e par une fermeture &agrave; glissi&egrave;re pour une facilit&eacute; d&rsquo;utilisation.<\/p>\n<\/div><\/div><\/div><div class=\"container\"><div class=\"row\"><div class=\"col-md-12\">\n\n<\/div><\/div><\/div><div class=\"container\"><div class=\"row\"><div class=\"col-md-12\">\n<p>L&rsquo;int&eacute;rieur est agr&eacute;ment&eacute; d&rsquo;une jolie doublure en coton et matelass&eacute;. Le matelass&eacute; est fabriqu&eacute; exclusivement  par nos soins avec de la ouate recycl&eacute;e et certifi&eacute;e oeko tex.<\/p>\n<\/div><\/div><\/div><div class=\"container\"><div class=\"row\"><div class=\"col-md-12\">\n\n<\/div><\/div><\/div><div class=\"container\"><div class=\"row\"><div class=\"col-md-12\">\n<p>Pitchoun et Coton a apport&eacute; beaucoup de soins et de minutie dans la fabrication de la trousse de toilette de votre b&eacute;b&eacute;.<\/p>\n<\/div><\/div><\/div><div class=\"container\"><div class=\"row\"><div class=\"col-md-12\">\n\n<\/div><\/div><\/div><div class=\"container\"><div class=\"row\"><div class=\"col-md-12\">\n<p><\/p>\n<\/div><\/div><\/div><div class=\"container\"><div class=\"row\"><div class=\"col-md-12\">\n\n<\/div><\/div><\/div><div class=\"container\"><div class=\"row\"><div class=\"col-md-12\">\n<h2 class=\"wp-block-heading\">Son utilisation<\/h2>\n<\/div><\/div><\/div><div class=\"container\"><div class=\"row\"><div class=\"col-md-12\">\n\n<\/div><\/div><\/div><div class=\"container\"><div class=\"row\"><div class=\"col-md-12\">\n<p>Vous pourrez utiliser la trousse de toilette Pitchoun et Coton lors de vos diff&eacute;rents d&eacute;placements avec votre b&eacute;b&eacute;.<\/p>\n<\/div><\/div><\/div><div class=\"container\"><div class=\"row\"><div class=\"col-md-12\">\n\n<\/div><\/div><\/div><div class=\"container\"><div class=\"row\"><div class=\"col-md-12\">\n<p>Envie d&rsquo;aller faire du shopping, un petit tour au parc, aller voir mamie ?<\/p>\n<\/div><\/div><\/div><div class=\"container\"><div class=\"row\"><div class=\"col-md-12\">\n\n<\/div><\/div><\/div><div class=\"container\"><div class=\"row\"><div class=\"col-md-12\">\n<p>Alors, choisissez notre trousse de toilette pour glisser le biberon, quelques couches et des lingettes pour un petit change impr&eacute;vu. Il pourra m&ecirc;me accompagner votre b&eacute;b&eacute; lors de vos voyages dans lequel vous pourrez glisser ses produits pour le change et sa toilette.<\/p>\n<\/div><\/div><\/div><div class=\"container\"><div class=\"row\"><div class=\"col-md-12\">\n\n<\/div><\/div><\/div><div class=\"container\"><div class=\"row\"><div class=\"col-md-12\">\n<p>Avec son petit format, la trousse de toilette Pitchoun et Coton sera votre meilleure alli&eacute;e et vous ne pourrez plus vous en passer.<\/p>\n<\/div><\/div><\/div>\n","protected":false},"excerpt":{"rendered":"<p>Fabrication et mati&egrave;re de la trousse de toilette Pitchoun et Coton Votre trousse de toilette est confectionn&eacute;e avec un joli nid d&rsquo;abeille &agrave; l&rsquo;ext&eacute;rieur, un tissu gaufr&eacute; tr&egrave;s doux au toucher et qu&rsquo;affectionne particuli&egrave;rement Pitchoun et Coton. Vous d&eacute;couvrirez ici diff&eacute;rents coloris, alliant douceur, tendresse et couleurs chatoyantes. La trousse de toilette est ferm&eacute;e par [&hellip;]<\/p>\n","protected":false},"author":85,"featured_media":614,"parent":0,"menu_order":0,"comment_status":"closed","ping_status":"closed","template":"","meta":{"_acf_changed":false,"footnotes":""},"class_list":["post-619","page","type-page","status-publish","has-post-thumbnail","hentry"],"acf":[],"yoast_head":"<!-- This site is optimized with the Yoast SEO plugin v25.8 - https:\/\/yoast.com\/wordpress\/plugins\/seo\/ -->\n<title>Trousse de toilette pour b\u00e9b\u00e9 - Pitchoun et Coton<\/title>\n<meta name=\"description\" content=\"Une jolie trousse de toilette pour b\u00e9b\u00e9 confectionn\u00e9e en Auvergne et qui vous accompagne lors de vos d\u00e9placements avec votre petit chou.\" \/>\n<meta name=\"robots\" content=\"noindex, follow, max-snippet:-1, max-image-preview:large, max-video-preview:-1\" \/>\n<meta property=\"og:locale\" content=\"fr_FR\" \/>\n<meta property=\"og:type\" content=\"article\" \/>\n<meta property=\"og:title\" content=\"Trousse de toilette pour b\u00e9b\u00e9 - Pitchoun et Coton\" \/>\n<meta property=\"og:description\" content=\"Une jolie trousse de toilette pour b\u00e9b\u00e9 confectionn\u00e9e en Auvergne et qui vous accompagne lors de vos d\u00e9placements avec votre petit chou.\" \/>\n<meta property=\"og:url\" content=\"https:\/\/projets.liure.fr\/pitchoune\/trousse-toilette-bebe\/\" \/>\n<meta property=\"og:site_name\" content=\"pitchounetcoton\" \/>\n<meta property=\"article:modified_time\" content=\"2025-08-11T06:58:17+00:00\" \/>\n<meta property=\"og:image\" content=\"https:\/\/projets.liure.fr\/pitchoune\/wp-content\/uploads\/sites\/8\/2022\/11\/20221102_124225.jpg\" \/>\n\t<meta property=\"og:image:width\" content=\"908\" \/>\n\t<meta property=\"og:image:height\" content=\"1210\" \/>\n\t<meta property=\"og:image:type\" content=\"image\/jpeg\" \/>\n<meta name=\"twitter:card\" content=\"summary_large_image\" \/>\n<meta name=\"twitter:label1\" content=\"Dur\u00e9e de lecture estim\u00e9e\" \/>\n\t<meta name=\"twitter:data1\" content=\"1 minute\" \/>\n<script type=\"application\/ld+json\" class=\"yoast-schema-graph\">{\"@context\":\"https:\/\/schema.org\",\"@graph\":[{\"@type\":\"WebPage\",\"@id\":\"https:\/\/projets.liure.fr\/pitchoune\/trousse-toilette-bebe\/\",\"url\":\"https:\/\/projets.liure.fr\/pitchoune\/trousse-toilette-bebe\/\",\"name\":\"Trousse de toilette pour b\u00e9b\u00e9 - Pitchoun et Coton\",\"isPartOf\":{\"@id\":\"https:\/\/projets.liure.fr\/pitchoune\/#website\"},\"primaryImageOfPage\":{\"@id\":\"https:\/\/projets.liure.fr\/pitchoune\/trousse-toilette-bebe\/#primaryimage\"},\"image\":{\"@id\":\"https:\/\/projets.liure.fr\/pitchoune\/trousse-toilette-bebe\/#primaryimage\"},\"thumbnailUrl\":\"https:\/\/projets.liure.fr\/pitchoune\/wp-content\/uploads\/sites\/8\/2022\/11\/20221102_124225.jpg\",\"datePublished\":\"2022-11-06T17:56:39+00:00\",\"dateModified\":\"2025-08-11T06:58:17+00:00\",\"description\":\"Une jolie trousse de toilette pour b\u00e9b\u00e9 confectionn\u00e9e en Auvergne et qui vous accompagne lors de vos d\u00e9placements avec votre petit chou.\",\"breadcrumb\":{\"@id\":\"https:\/\/projets.liure.fr\/pitchoune\/trousse-toilette-bebe\/#breadcrumb\"},\"inLanguage\":\"fr-FR\",\"potentialAction\":[{\"@type\":\"ReadAction\",\"target\":[\"https:\/\/projets.liure.fr\/pitchoune\/trousse-toilette-bebe\/\"]}]},{\"@type\":\"ImageObject\",\"inLanguage\":\"fr-FR\",\"@id\":\"https:\/\/projets.liure.fr\/pitchoune\/trousse-toilette-bebe\/#primaryimage\",\"url\":\"https:\/\/projets.liure.fr\/pitchoune\/wp-content\/uploads\/sites\/8\/2022\/11\/20221102_124225.jpg\",\"contentUrl\":\"https:\/\/projets.liure.fr\/pitchoune\/wp-content\/uploads\/sites\/8\/2022\/11\/20221102_124225.jpg\",\"width\":908,\"height\":1210},{\"@type\":\"WebSite\",\"@id\":\"https:\/\/projets.liure.fr\/pitchoune\/#website\",\"url\":\"https:\/\/projets.liure.fr\/pitchoune\/\",\"name\":\"pitchounetcoton\",\"description\":\"Un site utilisant Les sites de R\u00e9seau site puy de d\u00f4me 2\",\"potentialAction\":[{\"@type\":\"SearchAction\",\"target\":{\"@type\":\"EntryPoint\",\"urlTemplate\":\"https:\/\/projets.liure.fr\/pitchoune\/?s={search_term_string}\"},\"query-input\":{\"@type\":\"PropertyValueSpecification\",\"valueRequired\":true,\"valueName\":\"search_term_string\"}}],\"inLanguage\":\"fr-FR\"}]}<\/script>\n<!-- \/ Yoast SEO plugin. -->","yoast_head_json":{"title":"Trousse de toilette pour b\u00e9b\u00e9 - Pitchoun et Coton","description":"Une jolie trousse de toilette pour b\u00e9b\u00e9 confectionn\u00e9e en Auvergne et qui vous accompagne lors de vos d\u00e9placements avec votre petit chou.","robots":{"index":"noindex","follow":"follow","max-snippet":"max-snippet:-1","max-image-preview":"max-image-preview:large","max-video-preview":"max-video-preview:-1"},"og_locale":"fr_FR","og_type":"article","og_title":"Trousse de toilette pour b\u00e9b\u00e9 - Pitchoun et Coton","og_description":"Une jolie trousse de toilette pour b\u00e9b\u00e9 confectionn\u00e9e en Auvergne et qui vous accompagne lors de vos d\u00e9placements avec votre petit chou.","og_url":"https:\/\/projets.liure.fr\/pitchoune\/trousse-toilette-bebe\/","og_site_name":"pitchounetcoton","article_modified_time":"2025-08-11T06:58:17+00:00","og_image":[{"width":908,"height":1210,"url":"https:\/\/projets.liure.fr\/pitchoune\/wp-content\/uploads\/sites\/8\/2022\/11\/20221102_124225.jpg","type":"image\/jpeg"}],"twitter_card":"summary_large_image","twitter_misc":{"Dur\u00e9e de lecture estim\u00e9e":"1 minute"},"schema":{"@context":"https:\/\/schema.org","@graph":[{"@type":"WebPage","@id":"https:\/\/projets.liure.fr\/pitchoune\/trousse-toilette-bebe\/","url":"https:\/\/projets.liure.fr\/pitchoune\/trousse-toilette-bebe\/","name":"Trousse de toilette pour b\u00e9b\u00e9 - Pitchoun et Coton","isPartOf":{"@id":"https:\/\/projets.liure.fr\/pitchoune\/#website"},"primaryImageOfPage":{"@id":"https:\/\/projets.liure.fr\/pitchoune\/trousse-toilette-bebe\/#primaryimage"},"image":{"@id":"https:\/\/projets.liure.fr\/pitchoune\/trousse-toilette-bebe\/#primaryimage"},"thumbnailUrl":"https:\/\/projets.liure.fr\/pitchoune\/wp-content\/uploads\/sites\/8\/2022\/11\/20221102_124225.jpg","datePublished":"2022-11-06T17:56:39+00:00","dateModified":"2025-08-11T06:58:17+00:00","description":"Une jolie trousse de toilette pour b\u00e9b\u00e9 confectionn\u00e9e en Auvergne et qui vous accompagne lors de vos d\u00e9placements avec votre petit chou.","breadcrumb":{"@id":"https:\/\/projets.liure.fr\/pitchoune\/trousse-toilette-bebe\/#breadcrumb"},"inLanguage":"fr-FR","potentialAction":[{"@type":"ReadAction","target":["https:\/\/projets.liure.fr\/pitchoune\/trousse-toilette-bebe\/"]}]},{"@type":"ImageObject","inLanguage":"fr-FR","@id":"https:\/\/projets.liure.fr\/pitchoune\/trousse-toilette-bebe\/#primaryimage","url":"https:\/\/projets.liure.fr\/pitchoune\/wp-content\/uploads\/sites\/8\/2022\/11\/20221102_124225.jpg","contentUrl":"https:\/\/projets.liure.fr\/pitchoune\/wp-content\/uploads\/sites\/8\/2022\/11\/20221102_124225.jpg","width":908,"height":1210},{"@type":"WebSite","@id":"https:\/\/projets.liure.fr\/pitchoune\/#website","url":"https:\/\/projets.liure.fr\/pitchoune\/","name":"pitchounetcoton","description":"Un site utilisant Les sites de R\u00e9seau site puy de d\u00f4me 2","potentialAction":[{"@type":"SearchAction","target":{"@type":"EntryPoint","urlTemplate":"https:\/\/projets.liure.fr\/pitchoune\/?s={search_term_string}"},"query-input":{"@type":"PropertyValueSpecification","valueRequired":true,"valueName":"search_term_string"}}],"inLanguage":"fr-FR"}]}},"_links":{"self":[{"href":"https:\/\/projets.liure.fr\/pitchoune\/wp-json\/wp\/v2\/pages\/619","targetHints":{"allow":["GET"]}}],"collection":[{"href":"https:\/\/projets.liure.fr\/pitchoune\/wp-json\/wp\/v2\/pages"}],"about":[{"href":"https:\/\/projets.liure.fr\/pitchoune\/wp-json\/wp\/v2\/types\/page"}],"author":[{"embeddable":true,"href":"https:\/\/projets.liure.fr\/pitchoune\/wp-json\/wp\/v2\/users\/85"}],"replies":[{"embeddable":true,"href":"https:\/\/projets.liure.fr\/pitchoune\/wp-json\/wp\/v2\/comments?post=619"}],"version-history":[{"count":2,"href":"https:\/\/projets.liure.fr\/pitchoune\/wp-json\/wp\/v2\/pages\/619\/revisions"}],"predecessor-version":[{"id":621,"href":"https:\/\/projets.liure.fr\/pitchoune\/wp-json\/wp\/v2\/pages\/619\/revisions\/621"}],"wp:featuredmedia":[{"embeddable":true,"href":"https:\/\/projets.liure.fr\/pitchoune\/wp-json\/wp\/v2\/media\/614"}],"wp:attachment":[{"href":"https:\/\/projets.liure.fr\/pitchoune\/wp-json\/wp\/v2\/media?parent=619"}],"curies":[{"name":"wp","href":"https:\/\/api.w.org\/{rel}","templated":true}]}}