{"id":584,"date":"2022-09-16T08:04:19","date_gmt":"2022-09-16T06:04:19","guid":{"rendered":"https:\/\/projets.liure.fr\/pitchoune\/?page_id=584"},"modified":"2025-08-11T08:58:18","modified_gmt":"2025-08-11T06:58:18","slug":"housse-carnet-sante","status":"publish","type":"page","link":"https:\/\/projets.liure.fr\/pitchoune\/housse-carnet-sante\/","title":{"rendered":"Housses pour carnet de sant\u00e9"},"content":{"rendered":"<?xml encoding=\"utf-8\" ?><div class=\"container\"><div class=\"row\"><div class=\"col-md-12\"><div class=\"intro_h2\">\n\t<h2><\/h2><p>De jolies housses pour prot&eacute;ger et d&eacute;corer le carnet de sant&eacute; de votre b&eacute;b&eacute;. Voil&agrave; ce que vous propose Pitchoun et Coton. Vous d&eacute;couvrirez ici de jolies housses avec des mati&egrave;res douces et des motifs tendres.<\/p>\n\n<\/div><\/div><\/div><\/div><div class=\"container\"><div class=\"row\"><div class=\"col-md-12\">\n\n<\/div><\/div><\/div><div class=\"container\"><div class=\"row\"><div class=\"col-md-12\"><div class=\"intro_h2\">\n\t<h2><\/h2>\n<\/div><\/div><\/div><\/div><div class=\"container\"><div class=\"row\"><div class=\"col-md-12\">\n\n<\/div><\/div><\/div><div class=\"container\"><div class=\"row\"><div class=\"col-md-12\">\n<p><\/p>\n<\/div><\/div><\/div><div class=\"container\"><div class=\"row\"><div class=\"col-md-12\">\n\n<\/div><\/div><\/div><div class=\"container\"><div class=\"row\"><div class=\"col-md-12\">\n<h2 class=\"wp-block-heading\">Les mati&egrave;res<\/h2>\n<\/div><\/div><\/div><div class=\"container\"><div class=\"row\"><div class=\"col-md-12\">\n\n<\/div><\/div><\/div><div class=\"container\"><div class=\"row\"><div class=\"col-md-12\">\n<p>Les housses pour carnet de sant&eacute; Pitchoun et Coton sont fabriqu&eacute;es en  gaze de coton et avec de jolis coton imprim&eacute;s. Dans un souci de respect pour l&rsquo;environnement, l&rsquo; Atelier Pitchoun et Coton choisi ses mati&egrave;res avec le label oeko-tex.<\/p>\n<\/div><\/div><\/div><div class=\"container\"><div class=\"row\"><div class=\"col-md-12\">\n\n<\/div><\/div><\/div><div class=\"container\"><div class=\"row\"><div class=\"col-md-12\">\n<h2 class=\"wp-block-heading\">Utilisation de votre carnet de sant&eacute;<\/h2>\n<\/div><\/div><\/div><div class=\"container\"><div class=\"row\"><div class=\"col-md-12\">\n\n<\/div><\/div><\/div><div class=\"container\"><div class=\"row\"><div class=\"col-md-12\">\n<p>Vous pourrez utilisez cette housse  d&egrave;s la naissance de votre b&eacute;b&eacute; et la remise en main de celui-ci. Vous avez la possibilit&eacute; de marquer la page qui vous int&eacute;resse avec les deux liens qui vous servirons de marque page et de rep&egrave;re. La housse Pitchoun et Coton se ferme par une pression pour permettre de prot&eacute;ger les pages de votre carnet de sant&eacute;.<\/p>\n<\/div><\/div><\/div><div class=\"container\"><div class=\"row\"><div class=\"col-md-12\">\n\n<\/div><\/div><\/div><div class=\"container\"><div class=\"row\"><div class=\"col-md-12\">\n<p>Vous trouverez &agrave; l&rsquo;int&eacute;rieur de la housse des rangements pour glisser votre carte vitale dans la petite poche et des rabats des 2 c&ocirc;t&eacute;s pour y glisser les ordonnances et les diff&eacute;rents documents m&eacute;dicals qui peuvent &ecirc;tre utiles pour la sant&eacute; de votre b&eacute;b&eacute;.<\/p>\n<\/div><\/div><\/div><div class=\"container\"><div class=\"row\"><div class=\"col-md-12\">\n\n<\/div><\/div><\/div><div class=\"container\"><div class=\"row\"><div class=\"col-md-12\">\n<h2 class=\"wp-block-heading\">Personnalisation de votre housse Pitchoun et Coton<\/h2>\n<\/div><\/div><\/div><div class=\"container\"><div class=\"row\"><div class=\"col-md-12\">\n\n<\/div><\/div><\/div><div class=\"container\"><div class=\"row\"><div class=\"col-md-12\">\n<p>Lors de la commande de votre housse Pitchoun et Coton, n&rsquo;h&eacute;sitez pas &agrave; nous indiquer le pr&eacute;nom pour nous permettre de personnaliser celui-ci.<\/p>\n<\/div><\/div><\/div><div class=\"container\"><div class=\"row\"><div class=\"col-md-12\">\n\n<\/div><\/div><\/div><div class=\"container\"><div class=\"row\"><div class=\"col-md-12\">\n<p>Gr&acirc;ce &agrave; la broderie machine, vous pourrez poss&eacute;der un carnet de sant&eacute; unique et cr&eacute;&eacute; sp&eacute;cialement pour votre b&eacute;b&eacute;.<\/p>\n<\/div><\/div><\/div><div class=\"container\"><div class=\"row\"><div class=\"col-md-12\">\n\n<\/div><\/div><\/div><div class=\"container\"><div class=\"row\"><div class=\"col-md-12\">\n<p><\/p>\n<\/div><\/div><\/div><div class=\"container\"><div class=\"row\"><div class=\"col-md-12\">\n\n<\/div><\/div><\/div><div class=\"container\"><div class=\"row\"><div class=\"col-md-12\">\n<div class=\"wp-block-columns is-layout-flex wp-container-core-columns-is-layout-9d6595d7 wp-block-columns-is-layout-flex\">\n<div class=\"wp-block-column is-layout-flow wp-block-column-is-layout-flow\"><\/div>\n\n\n\n<div class=\"wp-block-column is-layout-flow wp-block-column-is-layout-flow\"><\/div>\n\n\n\n<div class=\"wp-block-column is-layout-flow wp-block-column-is-layout-flow\"><\/div>\n<\/div>\n<\/div><\/div><\/div><div class=\"container\"><div class=\"row\"><div class=\"col-md-12\">\n\n<\/div><\/div><\/div><div class=\"row_block_line row no-gutters \">\n\t\t\n\t\t\t<div class=\"col-\">\n\t\t\t<div class=\"inside_block_line d-flex justify-content-center flex-column h-100 height_auto\">\n\t\t\t\t\t\t\t\t\t\t\t\t\t<\/div>\n\t\t<\/div>\n\t\t<\/div><div class=\"container\"><div class=\"row\"><div class=\"col-md-12\">\n\n<\/div><\/div><\/div><div class=\"container\"><div class=\"row\"><div class=\"col-md-12\">\n<p><\/p>\n<\/div><\/div><\/div>\n","protected":false},"excerpt":{"rendered":"<p>Les mati&egrave;res Les housses pour carnet de sant&eacute; Pitchoun et Coton sont fabriqu&eacute;es en gaze de coton et avec de jolis coton imprim&eacute;s. Dans un souci de respect pour l&rsquo;environnement, l&rsquo; Atelier Pitchoun et Coton choisi ses mati&egrave;res avec le label oeko-tex. Utilisation de votre carnet de sant&eacute; Vous pourrez utilisez cette housse d&egrave;s la [&hellip;]<\/p>\n","protected":false},"author":85,"featured_media":579,"parent":0,"menu_order":0,"comment_status":"closed","ping_status":"closed","template":"","meta":{"_acf_changed":false,"footnotes":""},"class_list":["post-584","page","type-page","status-publish","has-post-thumbnail","hentry"],"acf":[],"yoast_head":"<!-- This site is optimized with the Yoast SEO plugin v25.8 - https:\/\/yoast.com\/wordpress\/plugins\/seo\/ -->\n<title>housse carnet de sant\u00e9<\/title>\n<meta name=\"description\" content=\"Housse pour carnet de sant\u00e9 fait main et personnalisable gr\u00e2ce \u00e0 la broderie du pr\u00e9nom de votre b\u00e9b\u00e9 fabriqu\u00e9 en Auvergne\" \/>\n<meta name=\"robots\" content=\"noindex, follow, max-snippet:-1, max-image-preview:large, max-video-preview:-1\" \/>\n<meta property=\"og:locale\" content=\"fr_FR\" \/>\n<meta property=\"og:type\" content=\"article\" \/>\n<meta property=\"og:title\" content=\"housse carnet de sant\u00e9\" \/>\n<meta property=\"og:description\" content=\"Housse pour carnet de sant\u00e9 fait main et personnalisable gr\u00e2ce \u00e0 la broderie du pr\u00e9nom de votre b\u00e9b\u00e9 fabriqu\u00e9 en Auvergne\" \/>\n<meta property=\"og:url\" content=\"https:\/\/projets.liure.fr\/pitchoune\/housse-carnet-sante\/\" \/>\n<meta property=\"og:site_name\" content=\"pitchounetcoton\" \/>\n<meta property=\"article:modified_time\" content=\"2025-08-11T06:58:18+00:00\" \/>\n<meta property=\"og:image\" content=\"https:\/\/projets.liure.fr\/pitchoune\/wp-content\/uploads\/sites\/8\/2022\/09\/20220915_143028.jpg\" \/>\n\t<meta property=\"og:image:width\" content=\"865\" \/>\n\t<meta property=\"og:image:height\" content=\"1085\" \/>\n\t<meta property=\"og:image:type\" content=\"image\/jpeg\" \/>\n<meta name=\"twitter:card\" content=\"summary_large_image\" \/>\n<meta name=\"twitter:label1\" content=\"Dur\u00e9e de lecture estim\u00e9e\" \/>\n\t<meta name=\"twitter:data1\" content=\"1 minute\" \/>\n<script type=\"application\/ld+json\" class=\"yoast-schema-graph\">{\"@context\":\"https:\/\/schema.org\",\"@graph\":[{\"@type\":\"WebPage\",\"@id\":\"https:\/\/projets.liure.fr\/pitchoune\/housse-carnet-sante\/\",\"url\":\"https:\/\/projets.liure.fr\/pitchoune\/housse-carnet-sante\/\",\"name\":\"housse carnet de sant\u00e9\",\"isPartOf\":{\"@id\":\"https:\/\/projets.liure.fr\/pitchoune\/#website\"},\"primaryImageOfPage\":{\"@id\":\"https:\/\/projets.liure.fr\/pitchoune\/housse-carnet-sante\/#primaryimage\"},\"image\":{\"@id\":\"https:\/\/projets.liure.fr\/pitchoune\/housse-carnet-sante\/#primaryimage\"},\"thumbnailUrl\":\"https:\/\/projets.liure.fr\/pitchoune\/wp-content\/uploads\/sites\/8\/2022\/09\/20220915_143028.jpg\",\"datePublished\":\"2022-09-16T06:04:19+00:00\",\"dateModified\":\"2025-08-11T06:58:18+00:00\",\"description\":\"Housse pour carnet de sant\u00e9 fait main et personnalisable gr\u00e2ce \u00e0 la broderie du pr\u00e9nom de votre b\u00e9b\u00e9 fabriqu\u00e9 en Auvergne\",\"breadcrumb\":{\"@id\":\"https:\/\/projets.liure.fr\/pitchoune\/housse-carnet-sante\/#breadcrumb\"},\"inLanguage\":\"fr-FR\",\"potentialAction\":[{\"@type\":\"ReadAction\",\"target\":[\"https:\/\/projets.liure.fr\/pitchoune\/housse-carnet-sante\/\"]}]},{\"@type\":\"ImageObject\",\"inLanguage\":\"fr-FR\",\"@id\":\"https:\/\/projets.liure.fr\/pitchoune\/housse-carnet-sante\/#primaryimage\",\"url\":\"https:\/\/projets.liure.fr\/pitchoune\/wp-content\/uploads\/sites\/8\/2022\/09\/20220915_143028.jpg\",\"contentUrl\":\"https:\/\/projets.liure.fr\/pitchoune\/wp-content\/uploads\/sites\/8\/2022\/09\/20220915_143028.jpg\",\"width\":865,\"height\":1085,\"caption\":\"carnet des sant\u00e9 b\u00e9b\u00e9 auvergne fait main pitchoun et coton\"},{\"@type\":\"WebSite\",\"@id\":\"https:\/\/projets.liure.fr\/pitchoune\/#website\",\"url\":\"https:\/\/projets.liure.fr\/pitchoune\/\",\"name\":\"pitchounetcoton\",\"description\":\"Un site utilisant Les sites de R\u00e9seau site puy de d\u00f4me 2\",\"potentialAction\":[{\"@type\":\"SearchAction\",\"target\":{\"@type\":\"EntryPoint\",\"urlTemplate\":\"https:\/\/projets.liure.fr\/pitchoune\/?s={search_term_string}\"},\"query-input\":{\"@type\":\"PropertyValueSpecification\",\"valueRequired\":true,\"valueName\":\"search_term_string\"}}],\"inLanguage\":\"fr-FR\"}]}<\/script>\n<!-- \/ Yoast SEO plugin. -->","yoast_head_json":{"title":"housse carnet de sant\u00e9","description":"Housse pour carnet de sant\u00e9 fait main et personnalisable gr\u00e2ce \u00e0 la broderie du pr\u00e9nom de votre b\u00e9b\u00e9 fabriqu\u00e9 en Auvergne","robots":{"index":"noindex","follow":"follow","max-snippet":"max-snippet:-1","max-image-preview":"max-image-preview:large","max-video-preview":"max-video-preview:-1"},"og_locale":"fr_FR","og_type":"article","og_title":"housse carnet de sant\u00e9","og_description":"Housse pour carnet de sant\u00e9 fait main et personnalisable gr\u00e2ce \u00e0 la broderie du pr\u00e9nom de votre b\u00e9b\u00e9 fabriqu\u00e9 en Auvergne","og_url":"https:\/\/projets.liure.fr\/pitchoune\/housse-carnet-sante\/","og_site_name":"pitchounetcoton","article_modified_time":"2025-08-11T06:58:18+00:00","og_image":[{"width":865,"height":1085,"url":"https:\/\/projets.liure.fr\/pitchoune\/wp-content\/uploads\/sites\/8\/2022\/09\/20220915_143028.jpg","type":"image\/jpeg"}],"twitter_card":"summary_large_image","twitter_misc":{"Dur\u00e9e de lecture estim\u00e9e":"1 minute"},"schema":{"@context":"https:\/\/schema.org","@graph":[{"@type":"WebPage","@id":"https:\/\/projets.liure.fr\/pitchoune\/housse-carnet-sante\/","url":"https:\/\/projets.liure.fr\/pitchoune\/housse-carnet-sante\/","name":"housse carnet de sant\u00e9","isPartOf":{"@id":"https:\/\/projets.liure.fr\/pitchoune\/#website"},"primaryImageOfPage":{"@id":"https:\/\/projets.liure.fr\/pitchoune\/housse-carnet-sante\/#primaryimage"},"image":{"@id":"https:\/\/projets.liure.fr\/pitchoune\/housse-carnet-sante\/#primaryimage"},"thumbnailUrl":"https:\/\/projets.liure.fr\/pitchoune\/wp-content\/uploads\/sites\/8\/2022\/09\/20220915_143028.jpg","datePublished":"2022-09-16T06:04:19+00:00","dateModified":"2025-08-11T06:58:18+00:00","description":"Housse pour carnet de sant\u00e9 fait main et personnalisable gr\u00e2ce \u00e0 la broderie du pr\u00e9nom de votre b\u00e9b\u00e9 fabriqu\u00e9 en Auvergne","breadcrumb":{"@id":"https:\/\/projets.liure.fr\/pitchoune\/housse-carnet-sante\/#breadcrumb"},"inLanguage":"fr-FR","potentialAction":[{"@type":"ReadAction","target":["https:\/\/projets.liure.fr\/pitchoune\/housse-carnet-sante\/"]}]},{"@type":"ImageObject","inLanguage":"fr-FR","@id":"https:\/\/projets.liure.fr\/pitchoune\/housse-carnet-sante\/#primaryimage","url":"https:\/\/projets.liure.fr\/pitchoune\/wp-content\/uploads\/sites\/8\/2022\/09\/20220915_143028.jpg","contentUrl":"https:\/\/projets.liure.fr\/pitchoune\/wp-content\/uploads\/sites\/8\/2022\/09\/20220915_143028.jpg","width":865,"height":1085,"caption":"carnet des sant\u00e9 b\u00e9b\u00e9 auvergne fait main pitchoun et coton"},{"@type":"WebSite","@id":"https:\/\/projets.liure.fr\/pitchoune\/#website","url":"https:\/\/projets.liure.fr\/pitchoune\/","name":"pitchounetcoton","description":"Un site utilisant Les sites de R\u00e9seau site puy de d\u00f4me 2","potentialAction":[{"@type":"SearchAction","target":{"@type":"EntryPoint","urlTemplate":"https:\/\/projets.liure.fr\/pitchoune\/?s={search_term_string}"},"query-input":{"@type":"PropertyValueSpecification","valueRequired":true,"valueName":"search_term_string"}}],"inLanguage":"fr-FR"}]}},"_links":{"self":[{"href":"https:\/\/projets.liure.fr\/pitchoune\/wp-json\/wp\/v2\/pages\/584","targetHints":{"allow":["GET"]}}],"collection":[{"href":"https:\/\/projets.liure.fr\/pitchoune\/wp-json\/wp\/v2\/pages"}],"about":[{"href":"https:\/\/projets.liure.fr\/pitchoune\/wp-json\/wp\/v2\/types\/page"}],"author":[{"embeddable":true,"href":"https:\/\/projets.liure.fr\/pitchoune\/wp-json\/wp\/v2\/users\/85"}],"replies":[{"embeddable":true,"href":"https:\/\/projets.liure.fr\/pitchoune\/wp-json\/wp\/v2\/comments?post=584"}],"version-history":[{"count":3,"href":"https:\/\/projets.liure.fr\/pitchoune\/wp-json\/wp\/v2\/pages\/584\/revisions"}],"predecessor-version":[{"id":612,"href":"https:\/\/projets.liure.fr\/pitchoune\/wp-json\/wp\/v2\/pages\/584\/revisions\/612"}],"wp:featuredmedia":[{"embeddable":true,"href":"https:\/\/projets.liure.fr\/pitchoune\/wp-json\/wp\/v2\/media\/579"}],"wp:attachment":[{"href":"https:\/\/projets.liure.fr\/pitchoune\/wp-json\/wp\/v2\/media?parent=584"}],"curies":[{"name":"wp","href":"https:\/\/api.w.org\/{rel}","templated":true}]}}