{"id":224,"date":"2022-05-04T22:17:22","date_gmt":"2022-05-04T20:17:22","guid":{"rendered":"https:\/\/projets.liure.fr\/pitchoune\/?page_id=224"},"modified":"2025-08-11T08:58:25","modified_gmt":"2025-08-11T06:58:25","slug":"les-capes-de-bain-pour-bebes-pitchoun-et-coton","status":"publish","type":"page","link":"https:\/\/projets.liure.fr\/pitchoune\/les-capes-de-bain-pour-bebes-pitchoun-et-coton\/","title":{"rendered":"Capes de bain pour b\u00e9b\u00e9"},"content":{"rendered":"<?xml encoding=\"utf-8\" ?><div class=\"container\"><div class=\"row\"><div class=\"col-md-12\">\n<h2 class=\"wp-block-heading\">Les capes de bain pour b&eacute;b&eacute;s Pitchoun et Coton<\/h2>\n<\/div><\/div><\/div><div class=\"container\"><div class=\"row\"><div class=\"col-md-12\">\n\n<\/div><\/div><\/div><div class=\"container\"><div class=\"row\"><div class=\"col-md-12\">\n<p>Les capes de bain accompagneront votre enfant  pour ses soins &agrave; la sortie du bain. Elles sont faites main dans notre atelier au coeur de l&rsquo;Auvergne entre Clermont-Ferrand et Vichy. Le mod&egrave;le de la cape Pitchoun et Coton est unique par sa conception et sa fabrication artisanale.<\/p>\n<\/div><\/div><\/div><div class=\"container\"><div class=\"row\"><div class=\"col-md-12\">\n\n<\/div><\/div><\/div><div class=\"container\"><div class=\"row\"><div class=\"col-md-12\">\n<h2 class=\"wp-block-heading\">Les capes de bain pour b&eacute;b&eacute;, un accessoire indispensable<\/h2>\n<\/div><\/div><\/div><div class=\"container\"><div class=\"row\"><div class=\"col-md-12\">\n\n<\/div><\/div><\/div><div class=\"container\"><div class=\"row\"><div class=\"col-md-12\">\n<p>La cape de bain est utilisable d&egrave;s la naissance et dispose d&rsquo;une capuche, ce qui permettra &agrave; votre b&eacute;b&eacute; de garder sa t&ecirc;te bien au chaud, d&egrave;s sa sortie de bain.<\/p>\n<\/div><\/div><\/div><div class=\"container\"><div class=\"row\"><div class=\"col-md-12\">\n\n<\/div><\/div><\/div><div class=\"container\"><div class=\"row\"><div class=\"col-md-12\">\n<p>Les capes de bain pour b&eacute;b&eacute;s Pitchoun et Coton vous raviront de par leur douceur et leurs couleurs douces.<\/p>\n<\/div><\/div><\/div><div class=\"container\"><div class=\"row\"><div class=\"col-md-12\">\n\n<\/div><\/div><\/div><div class=\"container\"><div class=\"row\"><div class=\"col-md-12\">\n<p>Elles sont con&ccedil;ues d&rsquo;une couche ext&eacute;rieure en &eacute;ponge et d&rsquo;une couche int&eacute;rieure en &eacute;ponge de bambou qui accueillera avec douceur et chaleur votre b&eacute;b&eacute; lors de sa sortie de bain.<\/p>\n<\/div><\/div><\/div><div class=\"container\"><div class=\"row\"><div class=\"col-md-12\">\n\n<\/div><\/div><\/div><div class=\"container\"><div class=\"row\"><div class=\"col-md-12\">\n<h2 class=\"wp-block-heading\">Les caract&eacute;ristiques de la cape Pitchoun et Coton :<\/h2>\n<\/div><\/div><\/div><div class=\"container\"><div class=\"row\"><div class=\"col-md-12\">\n\n<\/div><\/div><\/div><div class=\"container\"><div class=\"row\"><div class=\"col-md-12\">\n<ul class=\"wp-block-list\"><li>une grande qualit&eacute;<\/li><li>une &eacute;ponge jolie et douce<\/li><li>une cape r&eacute;sistante dans le temps m&ecirc;me apr&egrave;s plusieurs lavages<\/li><li>des mati&egrave;res certifi&eacute;es par le label oeko-tex<\/li><\/ul>\n<\/div><\/div><\/div><div class=\"container\"><div class=\"row\"><div class=\"col-md-12\">\n\n<\/div><\/div><\/div><div class=\"container\"><div class=\"row\"><div class=\"col-md-12\">\n<p>La cape de bain Pitchoun et Coton fait partie des indispensables de la liste de naissance.<\/p>\n<\/div><\/div><\/div><div class=\"container\"><div class=\"row\"><div class=\"col-md-12\">\n\n<\/div><\/div><\/div><div class=\"container\"><div class=\"row\"><div class=\"col-md-12\">\n<h2 class=\"wp-block-heading\">Personnalisez votre cape de bain avec Pitchoun et Coton<\/h2>\n<\/div><\/div><\/div><div class=\"container\"><div class=\"row\"><div class=\"col-md-12\">\n\n<\/div><\/div><\/div><div class=\"container\"><div class=\"row\"><div class=\"col-md-12\">\n<p>Chez Pitchoun et Coton, vous pourrez en plus la personnaliser avec une broderie au pr&eacute;nom du futur b&eacute;b&eacute;. Voil&agrave; une belle id&eacute;e de cadeau de naissance qui ravira les futurs parents.<\/p>\n<\/div><\/div><\/div><div class=\"container\"><div class=\"row\"><div class=\"col-md-12\">\n\n<\/div><\/div><\/div><div class=\"container\"><div class=\"row\"><div class=\"col-md-12\">\n<h2 class=\"wp-block-heading\">D&eacute;couvrez les capes de bain pour b&eacute;b&eacute; Pitchoun et Coton<\/h2>\n<\/div><\/div><\/div><div class=\"container\"><div class=\"row\"><div class=\"col-md-12\">\n\n<\/div><\/div><\/div><div data-block-name=\"woocommerce\/product-category\" data-categories=\"[33]\" class=\"container\"><div class=\"row\"><div class=\"col-md-12\"><div class=\"wc-block-grid wp-block-product-category wp-block-woocommerce-product-category wc-block-product-category has-3-columns has-multiple-rows\"><ul class=\"wc-block-grid__products\"><li class=\"wc-block-grid__product\">\n\t\t\t\t<a href=\"https:\/\/projets.liure.fr\/pitchoune\/produit\/cape-de-bain-et-gant-hortense\/\" class=\"wc-block-grid__product-link\">\n\t\t\t\t\t\n\t\t\t\t\t<div class=\"wc-block-grid__product-image\"><img decoding=\"async\" width=\"200\" height=\"200\" src=\"https:\/\/projets.liure.fr\/pitchoune\/wp-content\/uploads\/sites\/8\/2022\/08\/20220801_072144-200x200.jpg\" class=\"attachment-woocommerce_thumbnail size-woocommerce_thumbnail\" alt=\"cape de bain gant b&eacute;b&eacute; toilette auvergne\" srcset=\"https:\/\/projets.liure.fr\/pitchoune\/wp-content\/uploads\/sites\/8\/2022\/08\/20220801_072144-200x200.jpg 200w, https:\/\/projets.liure.fr\/pitchoune\/wp-content\/uploads\/sites\/8\/2022\/08\/20220801_072144-150x150.jpg 150w, https:\/\/projets.liure.fr\/pitchoune\/wp-content\/uploads\/sites\/8\/2022\/08\/20220801_072144-100x100.jpg 100w\" sizes=\"auto, (max-width: 200px) 100vw, 200px\" loading=\"lazy\"><\/div>\n\t\t\t\t\t<div class=\"wc-block-grid__product-title\">Ensemble cape de bain et gant Hortense<\/div>\n\t\t\t\t<\/a>\n\t\t\t\t<div class=\"wc-block-grid__product-price price\"><span class=\"woocommerce-Price-amount amount\">70,00&nbsp;<span class=\"woocommerce-Price-currencySymbol\">&euro;<\/span><\/span><\/div>\n\t\t\t\t\n\t\t\t\t<div class=\"wp-block-button wc-block-grid__product-add-to-cart\"><a href=\"https:\/\/projets.liure.fr\/pitchoune\/produit\/cape-de-bain-et-gant-hortense\/\" aria-label=\"Ajouter au panier&nbsp;: &ldquo;Ensemble cape de bain et gant Hortense&rdquo;\" data-quantity=\"1\" data-product_id=\"553\" data-product_sku=\"\" data-price=\"70\" rel=\"nofollow\" class=\"wp-block-button__link  add_to_cart_button ajax_add_to_cart\">Select options<\/a><\/div>\n\t\t\t<\/li><li class=\"wc-block-grid__product\">\n\t\t\t\t<a href=\"https:\/\/projets.liure.fr\/pitchoune\/produit\/ensemble-cape-de-bain-et-gant-coraline\/\" class=\"wc-block-grid__product-link\">\n\t\t\t\t\t\n\t\t\t\t\t<div class=\"wc-block-grid__product-image\"><img decoding=\"async\" width=\"200\" height=\"200\" src=\"https:\/\/projets.liure.fr\/pitchoune\/wp-content\/uploads\/sites\/8\/2022\/08\/20220801_072408-200x200.jpg\" class=\"attachment-woocommerce_thumbnail size-woocommerce_thumbnail\" alt=\"ensemble cape de bain gant b&eacute;b&eacute; personnalis&eacute; 03\" srcset=\"https:\/\/projets.liure.fr\/pitchoune\/wp-content\/uploads\/sites\/8\/2022\/08\/20220801_072408-200x200.jpg 200w, https:\/\/projets.liure.fr\/pitchoune\/wp-content\/uploads\/sites\/8\/2022\/08\/20220801_072408-150x150.jpg 150w, https:\/\/projets.liure.fr\/pitchoune\/wp-content\/uploads\/sites\/8\/2022\/08\/20220801_072408-100x100.jpg 100w\" sizes=\"auto, (max-width: 200px) 100vw, 200px\" loading=\"lazy\"><\/div>\n\t\t\t\t\t<div class=\"wc-block-grid__product-title\">Ensemble cape de bain et gant Coraline<\/div>\n\t\t\t\t<\/a>\n\t\t\t\t<div class=\"wc-block-grid__product-price price\"><span class=\"woocommerce-Price-amount amount\">70,00&nbsp;<span class=\"woocommerce-Price-currencySymbol\">&euro;<\/span><\/span><\/div>\n\t\t\t\t\n\t\t\t\t<div class=\"wp-block-button wc-block-grid__product-add-to-cart\"><a href=\"https:\/\/projets.liure.fr\/pitchoune\/produit\/ensemble-cape-de-bain-et-gant-coraline\/\" aria-label=\"Ajouter au panier&nbsp;: &ldquo;Ensemble cape de bain et gant Coraline&rdquo;\" data-quantity=\"1\" data-product_id=\"551\" data-product_sku=\"\" data-price=\"70\" rel=\"nofollow\" class=\"wp-block-button__link  add_to_cart_button ajax_add_to_cart\">Select options<\/a><\/div>\n\t\t\t<\/li><li class=\"wc-block-grid__product\">\n\t\t\t\t<a href=\"https:\/\/projets.liure.fr\/pitchoune\/produit\/cape-de-bain\/\" class=\"wc-block-grid__product-link\">\n\t\t\t\t\t\n\t\t\t\t\t<div class=\"wc-block-grid__product-image\"><img decoding=\"async\" width=\"200\" height=\"200\" src=\"https:\/\/projets.liure.fr\/pitchoune\/wp-content\/uploads\/sites\/8\/2022\/05\/20220413_174056-200x200.jpg\" class=\"attachment-woocommerce_thumbnail size-woocommerce_thumbnail\" alt=\"cape bain for&ecirc;t b&eacute;b&eacute; fait main\" srcset=\"https:\/\/projets.liure.fr\/pitchoune\/wp-content\/uploads\/sites\/8\/2022\/05\/20220413_174056-200x200.jpg 200w, https:\/\/projets.liure.fr\/pitchoune\/wp-content\/uploads\/sites\/8\/2022\/05\/20220413_174056-150x150.jpg 150w, https:\/\/projets.liure.fr\/pitchoune\/wp-content\/uploads\/sites\/8\/2022\/05\/20220413_174056-100x100.jpg 100w\" sizes=\"auto, (max-width: 200px) 100vw, 200px\" loading=\"lazy\"><\/div>\n\t\t\t\t\t<div class=\"wc-block-grid__product-title\">Cape de bain<\/div>\n\t\t\t\t<\/a>\n\t\t\t\t<div class=\"wc-block-grid__product-price price\"><span class=\"woocommerce-Price-amount amount\">60,00&nbsp;<span class=\"woocommerce-Price-currencySymbol\">&euro;<\/span><\/span><\/div>\n\t\t\t\t\n\t\t\t\t<div class=\"wp-block-button wc-block-grid__product-add-to-cart\"><a href=\"https:\/\/projets.liure.fr\/pitchoune\/produit\/cape-de-bain\/\" aria-label=\"Ajouter au panier&nbsp;: &ldquo;Cape de bain&rdquo;\" data-quantity=\"1\" data-product_id=\"232\" data-product_sku=\"\" data-price=\"60\" rel=\"nofollow\" class=\"wp-block-button__link  add_to_cart_button ajax_add_to_cart\">Select options<\/a><\/div>\n\t\t\t<\/li><\/ul><\/div><\/div><\/div><\/div><div class=\"container\"><div class=\"row\"><div class=\"col-md-12\">\n\n<\/div><\/div><\/div><div class=\"container\"><div class=\"row\"><div class=\"col-md-12\">\n<p><\/p>\n<\/div><\/div><\/div><div class=\"container\"><div class=\"row\"><div class=\"col-md-12\">\n\n<\/div><\/div><\/div><div class=\"container\"><div class=\"row\"><div class=\"col-md-12\">\n<p><\/p>\n<\/div><\/div><\/div><div class=\"container\"><div class=\"row\"><div class=\"col-md-12\">\n\n<\/div><\/div><\/div><div class=\"container\"><div class=\"row\"><div class=\"col-md-12\">\n<p><\/p>\n<\/div><\/div><\/div><div class=\"container\"><div class=\"row\"><div class=\"col-md-12\">\n\n<\/div><\/div><\/div><div class=\"container\"><div class=\"row\"><div class=\"col-md-12\">\n<p><\/p>\n<\/div><\/div><\/div><div class=\"container\"><div class=\"row\"><div class=\"col-md-12\">\n\n<\/div><\/div><\/div><div class=\"container\"><div class=\"row\"><div class=\"col-md-12\">\n<p><\/p>\n<\/div><\/div><\/div><div class=\"container\"><div class=\"row\"><div class=\"col-md-12\">\n\n<\/div><\/div><\/div><div class=\"container\"><div class=\"row\"><div class=\"col-md-12\">\n<p><\/p>\n<\/div><\/div><\/div><div class=\"container\"><div class=\"row\"><div class=\"col-md-12\">\n\n<\/div><\/div><\/div><div class=\"container\"><div class=\"row\"><div class=\"col-md-12\">\n<p><\/p>\n<\/div><\/div><\/div>\n","protected":false},"excerpt":{"rendered":"<p>Les capes de bain pour b&eacute;b&eacute;s Pitchoun et Coton Les capes de bain accompagneront votre enfant pour ses soins &agrave; la sortie du bain. Elles sont faites main dans notre atelier au coeur de l&rsquo;Auvergne entre Clermont-Ferrand et Vichy. Le mod&egrave;le de la cape Pitchoun et Coton est unique par sa conception et sa fabrication [&hellip;]<\/p>\n","protected":false},"author":85,"featured_media":471,"parent":0,"menu_order":5,"comment_status":"closed","ping_status":"closed","template":"","meta":{"_acf_changed":false,"footnotes":""},"class_list":["post-224","page","type-page","status-publish","has-post-thumbnail","hentry"],"acf":[],"yoast_head":"<!-- This site is optimized with the Yoast SEO plugin v25.8 - https:\/\/yoast.com\/wordpress\/plugins\/seo\/ -->\n<title>Capes de bain pour b\u00e9b\u00e9 Pitchoun &amp; Coton<\/title>\n<meta name=\"description\" content=\"Les capes de bain Pitchoun et Coton sont parfaites pour envelopper avec douceur votre b\u00e9b\u00e9. Elles sont fabriqu\u00e9es artisanalement en France.\" \/>\n<meta name=\"robots\" content=\"noindex, follow, max-snippet:-1, max-image-preview:large, max-video-preview:-1\" \/>\n<meta property=\"og:locale\" content=\"fr_FR\" \/>\n<meta property=\"og:type\" content=\"article\" \/>\n<meta property=\"og:title\" content=\"Capes de bain pour b\u00e9b\u00e9 Pitchoun &amp; Coton\" \/>\n<meta property=\"og:description\" content=\"Les capes de bain Pitchoun et Coton sont parfaites pour envelopper avec douceur votre b\u00e9b\u00e9. Elles sont fabriqu\u00e9es artisanalement en France.\" \/>\n<meta property=\"og:url\" content=\"https:\/\/projets.liure.fr\/pitchoune\/les-capes-de-bain-pour-bebes-pitchoun-et-coton\/\" \/>\n<meta property=\"og:site_name\" content=\"pitchounetcoton\" \/>\n<meta property=\"article:modified_time\" content=\"2025-08-11T06:58:25+00:00\" \/>\n<meta property=\"og:image\" content=\"https:\/\/projets.liure.fr\/pitchoune\/wp-content\/uploads\/sites\/8\/2022\/07\/20220415_085839.jpg\" \/>\n\t<meta property=\"og:image:width\" content=\"908\" \/>\n\t<meta property=\"og:image:height\" content=\"1210\" \/>\n\t<meta property=\"og:image:type\" content=\"image\/jpeg\" \/>\n<meta name=\"twitter:card\" content=\"summary_large_image\" \/>\n<meta name=\"twitter:label1\" content=\"Dur\u00e9e de lecture estim\u00e9e\" \/>\n\t<meta name=\"twitter:data1\" content=\"2 minutes\" \/>\n<script type=\"application\/ld+json\" class=\"yoast-schema-graph\">{\"@context\":\"https:\/\/schema.org\",\"@graph\":[{\"@type\":\"WebPage\",\"@id\":\"https:\/\/projets.liure.fr\/pitchoune\/les-capes-de-bain-pour-bebes-pitchoun-et-coton\/\",\"url\":\"https:\/\/projets.liure.fr\/pitchoune\/les-capes-de-bain-pour-bebes-pitchoun-et-coton\/\",\"name\":\"Capes de bain pour b\u00e9b\u00e9 Pitchoun & Coton\",\"isPartOf\":{\"@id\":\"https:\/\/projets.liure.fr\/pitchoune\/#website\"},\"primaryImageOfPage\":{\"@id\":\"https:\/\/projets.liure.fr\/pitchoune\/les-capes-de-bain-pour-bebes-pitchoun-et-coton\/#primaryimage\"},\"image\":{\"@id\":\"https:\/\/projets.liure.fr\/pitchoune\/les-capes-de-bain-pour-bebes-pitchoun-et-coton\/#primaryimage\"},\"thumbnailUrl\":\"https:\/\/projets.liure.fr\/pitchoune\/wp-content\/uploads\/sites\/8\/2022\/07\/20220415_085839.jpg\",\"datePublished\":\"2022-05-04T20:17:22+00:00\",\"dateModified\":\"2025-08-11T06:58:25+00:00\",\"description\":\"Les capes de bain Pitchoun et Coton sont parfaites pour envelopper avec douceur votre b\u00e9b\u00e9. Elles sont fabriqu\u00e9es artisanalement en France.\",\"breadcrumb\":{\"@id\":\"https:\/\/projets.liure.fr\/pitchoune\/les-capes-de-bain-pour-bebes-pitchoun-et-coton\/#breadcrumb\"},\"inLanguage\":\"fr-FR\",\"potentialAction\":[{\"@type\":\"ReadAction\",\"target\":[\"https:\/\/projets.liure.fr\/pitchoune\/les-capes-de-bain-pour-bebes-pitchoun-et-coton\/\"]}]},{\"@type\":\"ImageObject\",\"inLanguage\":\"fr-FR\",\"@id\":\"https:\/\/projets.liure.fr\/pitchoune\/les-capes-de-bain-pour-bebes-pitchoun-et-coton\/#primaryimage\",\"url\":\"https:\/\/projets.liure.fr\/pitchoune\/wp-content\/uploads\/sites\/8\/2022\/07\/20220415_085839.jpg\",\"contentUrl\":\"https:\/\/projets.liure.fr\/pitchoune\/wp-content\/uploads\/sites\/8\/2022\/07\/20220415_085839.jpg\",\"width\":908,\"height\":1210,\"caption\":\"sortie de bain fait main sur mesure couture 63\"},{\"@type\":\"WebSite\",\"@id\":\"https:\/\/projets.liure.fr\/pitchoune\/#website\",\"url\":\"https:\/\/projets.liure.fr\/pitchoune\/\",\"name\":\"pitchounetcoton\",\"description\":\"Un site utilisant Les sites de R\u00e9seau site puy de d\u00f4me 2\",\"potentialAction\":[{\"@type\":\"SearchAction\",\"target\":{\"@type\":\"EntryPoint\",\"urlTemplate\":\"https:\/\/projets.liure.fr\/pitchoune\/?s={search_term_string}\"},\"query-input\":{\"@type\":\"PropertyValueSpecification\",\"valueRequired\":true,\"valueName\":\"search_term_string\"}}],\"inLanguage\":\"fr-FR\"}]}<\/script>\n<!-- \/ Yoast SEO plugin. -->","yoast_head_json":{"title":"Capes de bain pour b\u00e9b\u00e9 Pitchoun & Coton","description":"Les capes de bain Pitchoun et Coton sont parfaites pour envelopper avec douceur votre b\u00e9b\u00e9. Elles sont fabriqu\u00e9es artisanalement en France.","robots":{"index":"noindex","follow":"follow","max-snippet":"max-snippet:-1","max-image-preview":"max-image-preview:large","max-video-preview":"max-video-preview:-1"},"og_locale":"fr_FR","og_type":"article","og_title":"Capes de bain pour b\u00e9b\u00e9 Pitchoun & Coton","og_description":"Les capes de bain Pitchoun et Coton sont parfaites pour envelopper avec douceur votre b\u00e9b\u00e9. Elles sont fabriqu\u00e9es artisanalement en France.","og_url":"https:\/\/projets.liure.fr\/pitchoune\/les-capes-de-bain-pour-bebes-pitchoun-et-coton\/","og_site_name":"pitchounetcoton","article_modified_time":"2025-08-11T06:58:25+00:00","og_image":[{"width":908,"height":1210,"url":"https:\/\/projets.liure.fr\/pitchoune\/wp-content\/uploads\/sites\/8\/2022\/07\/20220415_085839.jpg","type":"image\/jpeg"}],"twitter_card":"summary_large_image","twitter_misc":{"Dur\u00e9e de lecture estim\u00e9e":"2 minutes"},"schema":{"@context":"https:\/\/schema.org","@graph":[{"@type":"WebPage","@id":"https:\/\/projets.liure.fr\/pitchoune\/les-capes-de-bain-pour-bebes-pitchoun-et-coton\/","url":"https:\/\/projets.liure.fr\/pitchoune\/les-capes-de-bain-pour-bebes-pitchoun-et-coton\/","name":"Capes de bain pour b\u00e9b\u00e9 Pitchoun & Coton","isPartOf":{"@id":"https:\/\/projets.liure.fr\/pitchoune\/#website"},"primaryImageOfPage":{"@id":"https:\/\/projets.liure.fr\/pitchoune\/les-capes-de-bain-pour-bebes-pitchoun-et-coton\/#primaryimage"},"image":{"@id":"https:\/\/projets.liure.fr\/pitchoune\/les-capes-de-bain-pour-bebes-pitchoun-et-coton\/#primaryimage"},"thumbnailUrl":"https:\/\/projets.liure.fr\/pitchoune\/wp-content\/uploads\/sites\/8\/2022\/07\/20220415_085839.jpg","datePublished":"2022-05-04T20:17:22+00:00","dateModified":"2025-08-11T06:58:25+00:00","description":"Les capes de bain Pitchoun et Coton sont parfaites pour envelopper avec douceur votre b\u00e9b\u00e9. Elles sont fabriqu\u00e9es artisanalement en France.","breadcrumb":{"@id":"https:\/\/projets.liure.fr\/pitchoune\/les-capes-de-bain-pour-bebes-pitchoun-et-coton\/#breadcrumb"},"inLanguage":"fr-FR","potentialAction":[{"@type":"ReadAction","target":["https:\/\/projets.liure.fr\/pitchoune\/les-capes-de-bain-pour-bebes-pitchoun-et-coton\/"]}]},{"@type":"ImageObject","inLanguage":"fr-FR","@id":"https:\/\/projets.liure.fr\/pitchoune\/les-capes-de-bain-pour-bebes-pitchoun-et-coton\/#primaryimage","url":"https:\/\/projets.liure.fr\/pitchoune\/wp-content\/uploads\/sites\/8\/2022\/07\/20220415_085839.jpg","contentUrl":"https:\/\/projets.liure.fr\/pitchoune\/wp-content\/uploads\/sites\/8\/2022\/07\/20220415_085839.jpg","width":908,"height":1210,"caption":"sortie de bain fait main sur mesure couture 63"},{"@type":"WebSite","@id":"https:\/\/projets.liure.fr\/pitchoune\/#website","url":"https:\/\/projets.liure.fr\/pitchoune\/","name":"pitchounetcoton","description":"Un site utilisant Les sites de R\u00e9seau site puy de d\u00f4me 2","potentialAction":[{"@type":"SearchAction","target":{"@type":"EntryPoint","urlTemplate":"https:\/\/projets.liure.fr\/pitchoune\/?s={search_term_string}"},"query-input":{"@type":"PropertyValueSpecification","valueRequired":true,"valueName":"search_term_string"}}],"inLanguage":"fr-FR"}]}},"_links":{"self":[{"href":"https:\/\/projets.liure.fr\/pitchoune\/wp-json\/wp\/v2\/pages\/224","targetHints":{"allow":["GET"]}}],"collection":[{"href":"https:\/\/projets.liure.fr\/pitchoune\/wp-json\/wp\/v2\/pages"}],"about":[{"href":"https:\/\/projets.liure.fr\/pitchoune\/wp-json\/wp\/v2\/types\/page"}],"author":[{"embeddable":true,"href":"https:\/\/projets.liure.fr\/pitchoune\/wp-json\/wp\/v2\/users\/85"}],"replies":[{"embeddable":true,"href":"https:\/\/projets.liure.fr\/pitchoune\/wp-json\/wp\/v2\/comments?post=224"}],"version-history":[{"count":7,"href":"https:\/\/projets.liure.fr\/pitchoune\/wp-json\/wp\/v2\/pages\/224\/revisions"}],"predecessor-version":[{"id":249,"href":"https:\/\/projets.liure.fr\/pitchoune\/wp-json\/wp\/v2\/pages\/224\/revisions\/249"}],"wp:featuredmedia":[{"embeddable":true,"href":"https:\/\/projets.liure.fr\/pitchoune\/wp-json\/wp\/v2\/media\/471"}],"wp:attachment":[{"href":"https:\/\/projets.liure.fr\/pitchoune\/wp-json\/wp\/v2\/media?parent=224"}],"curies":[{"name":"wp","href":"https:\/\/api.w.org\/{rel}","templated":true}]}}