{"id":168,"date":"2020-10-23T14:16:29","date_gmt":"2020-10-23T12:16:29","guid":{"rendered":"https:\/\/www.cotonnerie-du-centre.fr\/?page_id=168"},"modified":"2025-08-11T08:58:58","modified_gmt":"2025-08-11T06:58:58","slug":"ameublement","status":"publish","type":"page","link":"https:\/\/projets.liure.fr\/pitchoune\/ameublement\/","title":{"rendered":"Ameublement"},"content":{"rendered":"<?xml encoding=\"utf-8\" ?><div class=\"container\"><div class=\"row\"><div class=\"col-md-12\">\n<p>Cotonnerie du Centre vous accompagne pour mettre en &oelig;uvre vos id&eacute;es d&rsquo;ameublement :<\/p>\n<\/div><\/div><\/div><div class=\"container\"><div class=\"row\"><div class=\"col-md-12\">\n\n<\/div><\/div><\/div><div class=\"container\"><div class=\"row\"><div class=\"col-md-12\">\n<blockquote class=\"wp-block-quote has-text-align-center is-style-large is-layout-flow wp-block-quote-is-layout-flow\"><p>V&oelig;ux de bien-&ecirc;tre &agrave; la maison et la passion de votre famille <\/p><\/blockquote>\n<\/div><\/div><\/div><div class=\"container\"><div class=\"row\"><div class=\"col-md-12\">\n\n<\/div><\/div><\/div><div class=\"container\"><div class=\"row\"><div class=\"col-md-12\">\n<div class=\"wp-block-columns is-layout-flex wp-container-core-columns-is-layout-9d6595d7 wp-block-columns-is-layout-flex\">\n<div class=\"wp-block-column is-layout-flow wp-block-column-is-layout-flow\"><div class=\"container\"><div class=\"row\"><div class=\"col-md-12\">\n<p>Voici quelques exemples d&rsquo;<strong>Ameublement et D&eacute;coration Passions retrouv&eacute;es<\/strong> cr&eacute;&eacute;s en atelier.<\/p>\n<\/div><\/div><\/div>\n\n<div class=\"container\"><div class=\"row\"><div class=\"col-md-12\">\n<p><\/p>\n<\/div><\/div><\/div>\n\n<div class=\"container\"><div class=\"row\"><div class=\"col-md-12\">\n<p><strong>L&rsquo;Atelier\/Boutique Cotonnerie du Centre <\/strong>est &agrave; votre disposition et &agrave; votre &eacute;coute pour r&eacute;aliser vos <strong>&laquo;&nbsp;envie de bien &ecirc;tre&nbsp;&raquo;<\/strong> dans toute la maison&hellip; ( Conseil en d&eacute;coration d&rsquo;int&eacute;rieur, agencement, relooking de mobilier)<\/p>\n<\/div><\/div><\/div>\n\n<div class=\"container\"><div class=\"row\"><div class=\"col-md-12\">\n<p><\/p>\n<\/div><\/div><\/div>\n\n<div class=\"container\"><div class=\"row\"><div class=\"col-md-12\">\n<ul class=\"wp-block-list\" id=\"block-eac39e34-1d7c-44e8-a42c-d65e50e6e811\"><li>Confection de nouveaux coussins pour votre &laquo;&nbsp;Canap&eacute; Passion&nbsp;&raquo;<\/li><li>Sans oublier le &laquo;&nbsp;Fauteuil Passion&nbsp;&raquo; de votre &laquo;&nbsp;tendre Amour&nbsp;&raquo; ou votre &laquo;&nbsp;Papa ou Papi Ch&eacute;ris&nbsp;&raquo;<\/li><li>Changer vos rideaux.<\/li><li>Un &laquo;&nbsp;<strong>&Eacute;v&egrave;nement Passion&nbsp;&raquo;<\/strong> ? N&rsquo;h&eacute;sitez pas &agrave; faire broder ce merveilleux souvenir<\/li><li>Maxime pr&eacute;f&eacute;r&eacute;e sur votre <strong>&laquo;&nbsp;Coussin Passion&nbsp;&raquo;<\/strong><\/li><li>Un pr&eacute;nom &agrave; broder pour un cadeau de naissance.<\/li><li>Pour un mariage<\/li><\/ul>\n<\/div><\/div><\/div>\n\n<div class=\"container\"><div class=\"row\"><div class=\"col-md-12\">\n<p>En bref&hellip;<\/p>\n<\/div><\/div><\/div><\/div>\n\n\n\n<div class=\"wp-block-column is-layout-flow wp-block-column-is-layout-flow\" style=\"flex-basis:44.5%\"><div class=\"container\"><div class=\"row\"><div class=\"col-md-12\">\n<div class=\"wp-block-image is-style-rounded\"><figure class=\"aligncenter size-large is-resized\"><img decoding=\"async\" src=\"https:\/\/projets.liure.fr\/pitchoune\/wp-content\/uploads\/sites\/8\/2020\/10\/0395224001543328622-e1604668032246.jpg\" alt=\"coussin logo entreprise couture combronde\" class=\"wp-image-48\" width=\"188\" height=\"189\" loading=\"lazy\"><\/figure><\/div>\n<\/div><\/div><\/div>\n\n<div class=\"container\"><div class=\"row\"><div class=\"col-md-12\">\n<p class=\"has-text-align-center\">coussin avec logo entreprise<\/p>\n<\/div><\/div><\/div>\n\n<div class=\"container\"><div class=\"row\"><div class=\"col-md-12\">\n<div class=\"wp-block-image is-style-rounded\"><figure class=\"aligncenter size-large is-resized\"><img decoding=\"async\" src=\"https:\/\/projets.liure.fr\/pitchoune\/wp-content\/uploads\/sites\/8\/2020\/11\/chaise-2.jpg\" alt=\"tapissier ameublement lin chaise couture cotonnerie\" class=\"wp-image-500\" width=\"191\" height=\"191\" loading=\"lazy\"><\/figure><\/div>\n<\/div><\/div><\/div>\n\n<div class=\"container\"><div class=\"row\"><div class=\"col-md-12\">\n<p class=\"has-text-align-center\">R&eacute;fection chaise m&eacute;daillon<\/p>\n<\/div><\/div><\/div><\/div>\n<\/div>\n<\/div><\/div><\/div><div class=\"container\"><div class=\"row\"><div class=\"col-md-12\">\n\n<\/div><\/div><\/div><div class=\"container\"><div class=\"row\"><div class=\"col-md-12\">\n<p>                                                                                                              <\/p>\n<\/div><\/div><\/div><div class=\"container\"><div class=\"row\"><div class=\"col-md-12\">\n\n<\/div><\/div><\/div><div class=\"container\"><div class=\"row\"><div class=\"col-md-12\">\n<blockquote class=\"wp-block-quote is-layout-flow wp-block-quote-is-layout-flow\"><p>                    La passion ce n&rsquo;est pas simplement ce qui ne se voit pas !<br>                                                       C&rsquo;est aussi &agrave; l&rsquo;int&eacute;rieur de chez soi ce qui se voit.<\/p><cite>Cotonnerie du Centre<\/cite><\/blockquote>\n<\/div><\/div><\/div><div class=\"container\"><div class=\"row\"><div class=\"col-md-12\">\n\n<\/div><\/div><\/div><div class=\"container\"><div class=\"row\"><div class=\"col-md-12\">\n<div class=\"wp-block-buttons aligncenter is-layout-flex wp-block-buttons-is-layout-flex\">\n<div class=\"wp-block-button\"><a class=\"wp-block-button__link\" href=\"https:\/\/www.cotonnerie-du-centre.fr\/contact\/\">Contactez nous !<\/a><\/div>\n<\/div>\n<\/div><\/div><\/div><div class=\"container\"><div class=\"row\"><div class=\"col-md-12\">\n\n<\/div><\/div><\/div><div class=\"container\"><div class=\"row\"><div class=\"col-md-12\">\n<hr class=\"wp-block-separator is-style-dots\">\n<\/div><\/div><\/div><div class=\"container\"><div class=\"row\"><div class=\"col-md-12\">\n\n<\/div><\/div><\/div><div class=\"container\"><div class=\"row\"><div class=\"col-md-12\">\n<p>Trouvez des id&eacute;es CI-DESSOUS<\/p>\n<\/div><\/div><\/div><div class=\"container\"><div class=\"row\"><div class=\"col-md-12\">\n\n<\/div><\/div><\/div><div class=\"container\"><div class=\"row\"><div class=\"col-md-12\">\t\t<\/div>\n\t<\/div>\n\t<div class=\"modal fade modal_block\" id=\"myCarousel_block_5f92cb3be69fd\" tabindex=\"-1\" role=\"dialog\" aria-labelledby=\"Modale_gallery\" slide=\"\" aria-hidden=\"true\">\n\t  <div class=\"modal-dialog\" role=\"document\">\n\t    <div class=\"modal-content\">\n\t      <div class=\"modal-body\">\n\t\t  \t<button type=\"button\" class=\"close\" data-dismiss=\"modal\" aria-label=\"Close\">\n\t          <span aria-hidden=\"true\">&times;<\/span>\n\t        <\/button>\n\t\t\t<div id=\"block_5f92cb3be69fd\" class=\"owl-carousel owl-theme\">\n\t\t\t\t\t\t\t<\/div>\n\t      <\/div>\n\t    <\/div>\n\t  <\/div>\n\t<\/div>\n\n\t<script type=\"text\/javascript\">\n\t\t(function ($) {\n\t\t$(document).ready(function(){\n\t\t\tvar mySlider = '#block_5f92cb3be69fd.owl-carousel.owl-theme';\n\t\t\t$(mySlider).owlCarousel({\n\t\t\t    loop:true,\n\t\t\t    margin:0,\n\t\t\t    nav:true,\n\t\t\t    dots:false,\n\t\t\t    responsive:{\n\t\t\t        0:{\n\t\t\t            items:1\n\t\t\t        },\n\t\t\t        600:{\n\t\t\t            items:1\n\t\t\t        },\n\t\t\t        1000:{\n\t\t\t            items:1\n\t\t\t        }\n\t\t\t    }\n\t\t\t})\n\t\t\t$('.single_image_gallery').click(function(){\n\t\t\t\tmySlide = parseInt($(this).attr('data-slide'));\n\t\t\t\t$(mySlider).trigger(\"to.owl.carousel\", [mySlide, 1,true])\t\n\t\t\t})\n\t\t\t$(mySlider).on('changed.owl.carousel',function(event){\n\t\t\t\tsetTimeout(function(){\n\t\t\t\t\tvar height_img = $(mySlider + ' .owl-item.active img').height();\n\t\t\t\t\tvar height_item = $(mySlider + ' .owl-item.active').height();\n\t\t\t\t\t\tvar position_vert = (height_item - height_img) \/ 2;\n\t\t\t\t\tif(position_vert > 0){\n\t\t\t\t\t\tvar position_vert_p = position_vert;\n\t\t\t\t\t}else{\n\t\t\t\t\t\tvar position_vert_p = 0;\n\t\t\t\t\t}\n\t\t\t\t\tvar horiz_img = $(mySlider + ' .owl-item.active img').width();\n\t\t\t\t\tvar horiz_item = $(mySlider + ' .owl-item.active').width();\n\t\t\t\t\tvar position_horiz = (horiz_item - horiz_img) \/ 2;\n\t\t\t\t\tif(position_horiz > 0){\n\t\t\t\t\t\tposition_horiz_p = position_horiz;\n\t\t\t\t\t}else{\n\t\t\t\t\t\tposition_horiz_p = 0\n\t\t\t\t\t}\n\t\t\t\t\t$(mySlider + ' .owl-item.active .item p').css({'bottom':position_vert_p,'left':position_horiz_p,'width':horiz_img})\n\t\t\t\t},1)\n\t\t\t})\n\n\t\t})\n\t\t})(jQuery)\n\t<\/script>\n\n<\/div><div class=\"container\"><div class=\"row\"><div class=\"col-md-12\">\n\n<\/div><\/div><\/div><div class=\"container\"><div class=\"row\"><div class=\"col-md-12\">\n<p><\/p>\n<\/div><\/div><\/div>\n","protected":false},"excerpt":{"rendered":"<p>Cotonnerie du Centre vous accompagne pour mettre en &oelig;uvre vos id&eacute;es d&rsquo;ameublement : V&oelig;ux de bien-&ecirc;tre &agrave; la maison et la passion de votre famille Voici quelques exemples d&rsquo;Ameublement et D&eacute;coration Passions retrouv&eacute;es cr&eacute;&eacute;s en atelier. L&rsquo;Atelier\/Boutique Cotonnerie du Centre est &agrave; votre disposition et &agrave; votre &eacute;coute pour r&eacute;aliser vos &laquo;&nbsp;envie de bien &ecirc;tre&nbsp;&raquo; [&hellip;]<\/p>\n","protected":false},"author":85,"featured_media":302,"parent":0,"menu_order":6,"comment_status":"closed","ping_status":"closed","template":"","meta":{"_acf_changed":false,"footnotes":""},"class_list":["post-168","page","type-page","status-publish","has-post-thumbnail","hentry"],"acf":[],"yoast_head":"<!-- This site is optimized with the Yoast SEO plugin v25.8 - https:\/\/yoast.com\/wordpress\/plugins\/seo\/ -->\n<title>Ameublement - Cotonnerie du centre - coussins - rideaux<\/title>\n<meta name=\"description\" content=\"La Cotonnerie du Centre vous accompagne pour mettre en \u0153uvre vos id\u00e9es d&#039;ameublement \u00e0 Combronde dans le Puy de d\u00f4me et en Auvergne\" \/>\n<meta name=\"robots\" content=\"noindex, follow, max-snippet:-1, max-image-preview:large, max-video-preview:-1\" \/>\n<meta property=\"og:locale\" content=\"fr_FR\" \/>\n<meta property=\"og:type\" content=\"article\" \/>\n<meta property=\"og:title\" content=\"Ameublement - Cotonnerie du centre - coussins - rideaux\" \/>\n<meta property=\"og:description\" content=\"La Cotonnerie du Centre vous accompagne pour mettre en \u0153uvre vos id\u00e9es d&#039;ameublement \u00e0 Combronde dans le Puy de d\u00f4me et en Auvergne\" \/>\n<meta property=\"og:url\" content=\"https:\/\/projets.liure.fr\/pitchoune\/ameublement\/\" \/>\n<meta property=\"og:site_name\" content=\"pitchounetcoton\" \/>\n<meta property=\"article:modified_time\" content=\"2025-08-11T06:58:58+00:00\" \/>\n<meta property=\"og:image\" content=\"https:\/\/projets.liure.fr\/pitchoune\/wp-content\/uploads\/sites\/8\/2020\/10\/20201030_091156.jpg\" \/>\n\t<meta property=\"og:image:width\" content=\"1201\" \/>\n\t<meta property=\"og:image:height\" content=\"663\" \/>\n\t<meta property=\"og:image:type\" content=\"image\/jpeg\" \/>\n<meta name=\"twitter:card\" content=\"summary_large_image\" \/>\n<meta name=\"twitter:label1\" content=\"Dur\u00e9e de lecture estim\u00e9e\" \/>\n\t<meta name=\"twitter:data1\" content=\"1 minute\" \/>\n<script type=\"application\/ld+json\" class=\"yoast-schema-graph\">{\"@context\":\"https:\/\/schema.org\",\"@graph\":[{\"@type\":\"WebPage\",\"@id\":\"https:\/\/projets.liure.fr\/pitchoune\/ameublement\/\",\"url\":\"https:\/\/projets.liure.fr\/pitchoune\/ameublement\/\",\"name\":\"Ameublement - Cotonnerie du centre - coussins - rideaux\",\"isPartOf\":{\"@id\":\"https:\/\/projets.liure.fr\/pitchoune\/#website\"},\"primaryImageOfPage\":{\"@id\":\"https:\/\/projets.liure.fr\/pitchoune\/ameublement\/#primaryimage\"},\"image\":{\"@id\":\"https:\/\/projets.liure.fr\/pitchoune\/ameublement\/#primaryimage\"},\"thumbnailUrl\":\"https:\/\/projets.liure.fr\/pitchoune\/wp-content\/uploads\/sites\/8\/2020\/10\/20201030_091156.jpg\",\"datePublished\":\"2020-10-23T12:16:29+00:00\",\"dateModified\":\"2025-08-11T06:58:58+00:00\",\"description\":\"La Cotonnerie du Centre vous accompagne pour mettre en \u0153uvre vos id\u00e9es d'ameublement \u00e0 Combronde dans le Puy de d\u00f4me et en Auvergne\",\"breadcrumb\":{\"@id\":\"https:\/\/projets.liure.fr\/pitchoune\/ameublement\/#breadcrumb\"},\"inLanguage\":\"fr-FR\",\"potentialAction\":[{\"@type\":\"ReadAction\",\"target\":[\"https:\/\/projets.liure.fr\/pitchoune\/ameublement\/\"]}]},{\"@type\":\"ImageObject\",\"inLanguage\":\"fr-FR\",\"@id\":\"https:\/\/projets.liure.fr\/pitchoune\/ameublement\/#primaryimage\",\"url\":\"https:\/\/projets.liure.fr\/pitchoune\/wp-content\/uploads\/sites\/8\/2020\/10\/20201030_091156.jpg\",\"contentUrl\":\"https:\/\/projets.liure.fr\/pitchoune\/wp-content\/uploads\/sites\/8\/2020\/10\/20201030_091156.jpg\",\"width\":1201,\"height\":663,\"caption\":\"coussin ameublement couture combronde auvergne\"},{\"@type\":\"WebSite\",\"@id\":\"https:\/\/projets.liure.fr\/pitchoune\/#website\",\"url\":\"https:\/\/projets.liure.fr\/pitchoune\/\",\"name\":\"pitchounetcoton\",\"description\":\"Un site utilisant Les sites de R\u00e9seau site puy de d\u00f4me 2\",\"potentialAction\":[{\"@type\":\"SearchAction\",\"target\":{\"@type\":\"EntryPoint\",\"urlTemplate\":\"https:\/\/projets.liure.fr\/pitchoune\/?s={search_term_string}\"},\"query-input\":{\"@type\":\"PropertyValueSpecification\",\"valueRequired\":true,\"valueName\":\"search_term_string\"}}],\"inLanguage\":\"fr-FR\"}]}<\/script>\n<!-- \/ Yoast SEO plugin. -->","yoast_head_json":{"title":"Ameublement - Cotonnerie du centre - coussins - rideaux","description":"La Cotonnerie du Centre vous accompagne pour mettre en \u0153uvre vos id\u00e9es d'ameublement \u00e0 Combronde dans le Puy de d\u00f4me et en Auvergne","robots":{"index":"noindex","follow":"follow","max-snippet":"max-snippet:-1","max-image-preview":"max-image-preview:large","max-video-preview":"max-video-preview:-1"},"og_locale":"fr_FR","og_type":"article","og_title":"Ameublement - Cotonnerie du centre - coussins - rideaux","og_description":"La Cotonnerie du Centre vous accompagne pour mettre en \u0153uvre vos id\u00e9es d'ameublement \u00e0 Combronde dans le Puy de d\u00f4me et en Auvergne","og_url":"https:\/\/projets.liure.fr\/pitchoune\/ameublement\/","og_site_name":"pitchounetcoton","article_modified_time":"2025-08-11T06:58:58+00:00","og_image":[{"width":1201,"height":663,"url":"https:\/\/projets.liure.fr\/pitchoune\/wp-content\/uploads\/sites\/8\/2020\/10\/20201030_091156.jpg","type":"image\/jpeg"}],"twitter_card":"summary_large_image","twitter_misc":{"Dur\u00e9e de lecture estim\u00e9e":"1 minute"},"schema":{"@context":"https:\/\/schema.org","@graph":[{"@type":"WebPage","@id":"https:\/\/projets.liure.fr\/pitchoune\/ameublement\/","url":"https:\/\/projets.liure.fr\/pitchoune\/ameublement\/","name":"Ameublement - Cotonnerie du centre - coussins - rideaux","isPartOf":{"@id":"https:\/\/projets.liure.fr\/pitchoune\/#website"},"primaryImageOfPage":{"@id":"https:\/\/projets.liure.fr\/pitchoune\/ameublement\/#primaryimage"},"image":{"@id":"https:\/\/projets.liure.fr\/pitchoune\/ameublement\/#primaryimage"},"thumbnailUrl":"https:\/\/projets.liure.fr\/pitchoune\/wp-content\/uploads\/sites\/8\/2020\/10\/20201030_091156.jpg","datePublished":"2020-10-23T12:16:29+00:00","dateModified":"2025-08-11T06:58:58+00:00","description":"La Cotonnerie du Centre vous accompagne pour mettre en \u0153uvre vos id\u00e9es d'ameublement \u00e0 Combronde dans le Puy de d\u00f4me et en Auvergne","breadcrumb":{"@id":"https:\/\/projets.liure.fr\/pitchoune\/ameublement\/#breadcrumb"},"inLanguage":"fr-FR","potentialAction":[{"@type":"ReadAction","target":["https:\/\/projets.liure.fr\/pitchoune\/ameublement\/"]}]},{"@type":"ImageObject","inLanguage":"fr-FR","@id":"https:\/\/projets.liure.fr\/pitchoune\/ameublement\/#primaryimage","url":"https:\/\/projets.liure.fr\/pitchoune\/wp-content\/uploads\/sites\/8\/2020\/10\/20201030_091156.jpg","contentUrl":"https:\/\/projets.liure.fr\/pitchoune\/wp-content\/uploads\/sites\/8\/2020\/10\/20201030_091156.jpg","width":1201,"height":663,"caption":"coussin ameublement couture combronde auvergne"},{"@type":"WebSite","@id":"https:\/\/projets.liure.fr\/pitchoune\/#website","url":"https:\/\/projets.liure.fr\/pitchoune\/","name":"pitchounetcoton","description":"Un site utilisant Les sites de R\u00e9seau site puy de d\u00f4me 2","potentialAction":[{"@type":"SearchAction","target":{"@type":"EntryPoint","urlTemplate":"https:\/\/projets.liure.fr\/pitchoune\/?s={search_term_string}"},"query-input":{"@type":"PropertyValueSpecification","valueRequired":true,"valueName":"search_term_string"}}],"inLanguage":"fr-FR"}]}},"_links":{"self":[{"href":"https:\/\/projets.liure.fr\/pitchoune\/wp-json\/wp\/v2\/pages\/168","targetHints":{"allow":["GET"]}}],"collection":[{"href":"https:\/\/projets.liure.fr\/pitchoune\/wp-json\/wp\/v2\/pages"}],"about":[{"href":"https:\/\/projets.liure.fr\/pitchoune\/wp-json\/wp\/v2\/types\/page"}],"author":[{"embeddable":true,"href":"https:\/\/projets.liure.fr\/pitchoune\/wp-json\/wp\/v2\/users\/85"}],"replies":[{"embeddable":true,"href":"https:\/\/projets.liure.fr\/pitchoune\/wp-json\/wp\/v2\/comments?post=168"}],"version-history":[{"count":1,"href":"https:\/\/projets.liure.fr\/pitchoune\/wp-json\/wp\/v2\/pages\/168\/revisions"}],"predecessor-version":[{"id":1194,"href":"https:\/\/projets.liure.fr\/pitchoune\/wp-json\/wp\/v2\/pages\/168\/revisions\/1194"}],"wp:featuredmedia":[{"embeddable":true,"href":"https:\/\/projets.liure.fr\/pitchoune\/wp-json\/wp\/v2\/media\/302"}],"wp:attachment":[{"href":"https:\/\/projets.liure.fr\/pitchoune\/wp-json\/wp\/v2\/media?parent=168"}],"curies":[{"name":"wp","href":"https:\/\/api.w.org\/{rel}","templated":true}]}}