{"id":1143,"date":"2020-10-15T16:23:17","date_gmt":"2020-10-15T14:23:17","guid":{"rendered":"https:\/\/www.cotonnerie-du-centre.fr\/?page_id=22"},"modified":"2025-08-11T08:58:59","modified_gmt":"2025-08-11T06:58:59","slug":"cours-couture","status":"publish","type":"page","link":"https:\/\/projets.liure.fr\/pitchoune\/cours-couture\/","title":{"rendered":"Cours de couture"},"content":{"rendered":"<?xml encoding=\"utf-8\" ?><div class=\"container\"><div class=\"row\"><div class=\"col-md-12\">\n<h2 class=\"wp-block-heading\"><strong>Le plaisir de transmettre &laquo;&nbsp;sa passion&nbsp;&raquo;<\/strong><\/h2>\n<\/div><\/div><\/div><div class=\"container\"><div class=\"row\"><div class=\"col-md-12\">\n\n<\/div><\/div><\/div><div class=\"container\"><div class=\"row\"><div class=\"col-md-12\">\n<div class=\"wp-block-columns is-layout-flex wp-container-core-columns-is-layout-9d6595d7 wp-block-columns-is-layout-flex\">\n<div class=\"wp-block-column is-vertically-aligned-center is-layout-flow wp-block-column-is-layout-flow\" style=\"flex-basis:63.6%\"><div class=\"container\"><div class=\"row\"><div class=\"col-md-12\">\n<p>Petite histoire vraie et v&eacute;rifiable:<\/p>\n<\/div><\/div><\/div>\n\n<div class=\"container\"><div class=\"row\"><div class=\"col-md-12\">\n<p>&laquo;&nbsp;Une cliente m&rsquo;avouait avoir pris un cours dans un magasin de tissus de notre grande m&eacute;tropole sp&eacute;cialis&eacute; dans les cours collectifs.&nbsp;&raquo; Et oui, certes, le taux horaire n&rsquo;est pas cher.<\/p>\n<\/div><\/div><\/div>\n\n<div class=\"container\"><div class=\"row\"><div class=\"col-md-12\">\n<p>O&ugrave; est le hic ? Vous &ecirc;tes pour reprendre l&rsquo;expression 5 ou 6 <strong>&laquo;&nbsp;SUR LA BETE&nbsp;&raquo;<\/strong> de couture bien s&ucirc;r !<\/p>\n<\/div><\/div><\/div>\n\n<div class=\"container\"><div class=\"row\"><div class=\"col-md-12\">\n<p>Mais au r&eacute;sultat, en une heure, cette pauvre cliente a eu droit &agrave; 5 minutes d&rsquo;attention de la <strong>&laquo;&nbsp;BETE&nbsp;&raquo; <\/strong>pseudo formatrice.<\/p>\n<\/div><\/div><\/div>\n\n<div class=\"container\"><div class=\"row\"><div class=\"col-md-12\">\n<p>Sans compter le temps que cette <strong>&laquo;&nbsp;pauvre cliente&nbsp;&raquo;<\/strong> a pris pour expliquer &agrave; sa voisine d&rsquo;&agrave; c&ocirc;t&eacute; comment utiliser sa machine &agrave; coudre par manque d&rsquo;attention de <strong>&laquo;&nbsp;LA BETE&nbsp;&raquo;<\/strong>.<\/p>\n<\/div><\/div><\/div>\n\n<div class=\"container\"><div class=\"row\"><div class=\"col-md-12\">\n<p>A <strong>l&rsquo;Atelier\/Boutique Cotonnerie du Centre<\/strong> nous ne prodiguons uniquement que des cours individuels ou exceptionnellement avec une copine ou un de vos enfants&hellip;<\/p>\n<\/div><\/div><\/div><\/div>\n\n\n\n<div class=\"wp-block-column is-vertically-aligned-center is-layout-flow wp-block-column-is-layout-flow\"><div class=\"container\"><div class=\"row\"><div class=\"col-md-12\">\n<figure class=\"wp-block-image size-large is-resized is-style-rounded\"><img decoding=\"async\" src=\"https:\/\/projets.liure.fr\/pitchoune\/wp-content\/uploads\/sites\/8\/2020\/11\/image-couture-cours2.jpg\" alt=\"cours couture combronde cotonnerie du centre\" class=\"wp-image-469\" width=\"215\" height=\"202\" loading=\"lazy\"><\/figure>\n<\/div><\/div><\/div>\n\n<div class=\"container\"><div class=\"row\"><div class=\"col-md-12\">\n<figure class=\"wp-block-image size-large is-resized is-style-rounded\"><img decoding=\"async\" src=\"https:\/\/projets.liure.fr\/pitchoune\/wp-content\/uploads\/sites\/8\/2020\/11\/chaise-cours.jpg\" alt=\"cours couture personnalis&eacute; atelier combronde\" class=\"wp-image-575\" width=\"209\" height=\"209\" loading=\"lazy\"><\/figure>\n<\/div><\/div><\/div><\/div>\n<\/div>\n<\/div><\/div><\/div><div class=\"container\"><div class=\"row\"><div class=\"col-md-12\">\n\n<\/div><\/div><\/div><div class=\"container\"><div class=\"row\"><div class=\"col-md-12\">\n<blockquote class=\"wp-block-quote is-layout-flow wp-block-quote-is-layout-flow\"><p>                                 <strong><span class=\"has-inline-color has-black-color\">HE OUI &laquo;&nbsp;LA PASSION&nbsp;&raquo; &agrave; deux c&rsquo;est mieux&hellip;<\/span><\/strong><\/p><\/blockquote>\n<\/div><\/div><\/div><div class=\"container\"><div class=\"row\"><div class=\"col-md-12\">\n\n<\/div><\/div><\/div><div class=\"container\"><div class=\"row\"><div class=\"col-md-12\">\n<h2 class=\"wp-block-heading\">Comme &agrave; l&rsquo;&eacute;cole&hellip; mais en mieux !<\/h2>\n<\/div><\/div><\/div><div class=\"container\"><div class=\"row\"><div class=\"col-md-12\">\n\n<\/div><\/div><\/div><div class=\"container\"><div class=\"row\"><div class=\"col-md-12\">\n<div class=\"wp-block-columns are-vertically-aligned-center is-layout-flex wp-container-core-columns-is-layout-9d6595d7 wp-block-columns-is-layout-flex\">\n<div class=\"wp-block-column is-vertically-aligned-center is-layout-flow wp-block-column-is-layout-flow\" style=\"flex-basis:63.6%\"><div class=\"container\"><div class=\"row\"><div class=\"col-md-12\">\n<p><strong>Vous avez envie:<\/strong> d&rsquo;apprendre les bases de la couture ou vous perfectionner ?                                                                                                                                                              Prendre en main votre machine &agrave; coudre ?<\/p>\n<\/div><\/div><\/div>\n\n<div class=\"container\"><div class=\"row\"><div class=\"col-md-12\">\n<p>Prenez rendez-vous, et venez me rejoindre &agrave; l&rsquo;<strong>Atelier <em>Cotonnerie du Centre<\/em><\/strong>&nbsp;(<a href=\"https:\/\/www.cotonnerie-du-centre.fr\/\">Votre artisan couturi&egrave;re<\/a>) o&ugrave; nous aurons le plaisir et la <strong>&laquo;&nbsp;Passion&nbsp;&raquo; <\/strong>de collaborer pour la r&eacute;alisation de votre accessoire, v&ecirc;tement, tout en b&eacute;n&eacute;ficiant de conseils personnalis&eacute;s et de l&rsquo;attention compl&egrave;te de notre couturi&egrave;re Karine.<\/p>\n<\/div><\/div><\/div>\n\n<div class=\"container\"><div class=\"row\"><div class=\"col-md-12\">\n<p>Munissez vous de votre tissu,  votre patron,  et apportez votre machine.<\/p>\n<\/div><\/div><\/div>\n\n<div class=\"container\"><div class=\"row\"><div class=\"col-md-12\">\n<p>Les&nbsp;cours de couture s&rsquo;adressent &eacute;galement aux enfants &agrave; partir de 10 ans. Ils permettront &agrave; votre enfant de d&eacute;couvrir les bases de la couture. Ils pourront ainsi r&eacute;aliser de petits projets qu&rsquo;ils emporteront &agrave; la maison.<\/p>\n<\/div><\/div><\/div>\n\n<div class=\"container\"><div class=\"row\"><div class=\"col-md-12\">\n<h3 class=\"wp-block-heading\">Cours de couture enfants (&agrave; partir de 10 ans)<\/h3>\n<\/div><\/div><\/div>\n\n<div class=\"container\"><div class=\"row\"><div class=\"col-md-12\">\n<p>Atelier unitaire de 1h30 &ndash;&gt; 30&euro;<\/p>\n<\/div><\/div><\/div>\n\n<div class=\"container\"><div class=\"row\"><div class=\"col-md-12\">\n<p>Carte de 5 ateliers de 1h30 &ndash;&gt; 140&euro;<\/p>\n<\/div><\/div><\/div>\n\n<div class=\"container\"><div class=\"row\"><div class=\"col-md-12\">\n<h3 class=\"wp-block-heading\">Cours de couture adultes<\/h3>\n<\/div><\/div><\/div>\n\n<div class=\"container\"><div class=\"row\"><div class=\"col-md-12\">\n<p>Cours de couture &agrave; la carte de 1h &ndash;&gt; 20&euro;<\/p>\n<\/div><\/div><\/div>\n\n<div class=\"container\"><div class=\"row\"><div class=\"col-md-12\">\n<p>Carte de 5 s&eacute;ances de 2h &ndash;&gt; 180&euro;<\/p>\n<\/div><\/div><\/div>\n\n<div class=\"container\"><div class=\"row\"><div class=\"col-md-12\">\n<p>Retrouvez <a href=\"https:\/\/www.cotonnerie-du-centre.fr\/categorie-produit\/cours-couture-personnalises-couturiere-diplomee-cotonnerie-combronde\/\">ici<\/a> vos cours de couture.<\/p>\n<\/div><\/div><\/div><\/div>\n\n\n\n<div class=\"wp-block-column is-vertically-aligned-center is-layout-flow wp-block-column-is-layout-flow\"><div class=\"container\"><div class=\"row\"><div class=\"col-md-12\">\n<figure class=\"wp-block-image size-large is-resized is-style-rounded\"><img decoding=\"async\" src=\"https:\/\/projets.liure.fr\/pitchoune\/wp-content\/uploads\/sites\/8\/2020\/11\/coursremy2-e1604658092273.jpg\" alt=\"cours personnalis&eacute; combronde auvergne\" class=\"wp-image-468\" width=\"227\" height=\"230\" loading=\"lazy\"><\/figure>\n<\/div><\/div><\/div>\n\n<div class=\"container\"><div class=\"row\"><div class=\"col-md-12\">\n<figure class=\"wp-block-image size-large is-resized is-style-rounded\"><img decoding=\"async\" src=\"https:\/\/projets.liure.fr\/pitchoune\/wp-content\/uploads\/sites\/8\/2020\/11\/photo-cours-zak.jpg\" alt=\"cours couture combronde auvergne\" class=\"wp-image-477\" width=\"225\" height=\"234\" loading=\"lazy\"><\/figure>\n<\/div><\/div><\/div><\/div>\n<\/div>\n<\/div><\/div><\/div><div class=\"container\"><div class=\"row\"><div class=\"col-md-12\">\n\n<\/div><\/div><\/div><div class=\"container\"><div class=\"row\"><div class=\"col-md-12\">\n<div class=\"wp-block-buttons is-content-justification-center is-layout-flex wp-block-buttons-is-layout-flex\">\n<div class=\"wp-block-button\"><a class=\"wp-block-button__link\" href=\"https:\/\/www.cotonnerie-du-centre.fr\/contact\/\">Contactez-nous !<\/a><\/div>\n<\/div>\n<\/div><\/div><\/div>\n","protected":false},"excerpt":{"rendered":"<p>Le plaisir de transmettre &laquo;&nbsp;sa passion&nbsp;&raquo; Petite histoire vraie et v&eacute;rifiable: &laquo;&nbsp;Une cliente m&rsquo;avouait avoir pris un cours dans un magasin de tissus de notre grande m&eacute;tropole sp&eacute;cialis&eacute; dans les cours collectifs.&nbsp;&raquo; Et oui, certes, le taux horaire n&rsquo;est pas cher. O&ugrave; est le hic ? Vous &ecirc;tes pour reprendre l&rsquo;expression 5 ou 6 &laquo;&nbsp;SUR [&hellip;]<\/p>\n","protected":false},"author":85,"featured_media":711,"parent":0,"menu_order":8,"comment_status":"closed","ping_status":"closed","template":"","meta":{"_acf_changed":false,"footnotes":""},"class_list":["post-1143","page","type-page","status-publish","has-post-thumbnail","hentry"],"acf":[],"yoast_head":"<!-- This site is optimized with the Yoast SEO plugin v25.8 - https:\/\/yoast.com\/wordpress\/plugins\/seo\/ -->\n<title>Cours de couture - cours - adultes - enfants - couture - individuel - atelier<\/title>\n<meta name=\"description\" content=\"cours bases de couture adultes enfants individuel collaborer r\u00e9alisation accessoire,v\u00eatement, conseils personnalis\u00e9s attention couturi\u00e8re\" \/>\n<meta name=\"robots\" content=\"noindex, follow, max-snippet:-1, max-image-preview:large, max-video-preview:-1\" \/>\n<meta property=\"og:locale\" content=\"fr_FR\" \/>\n<meta property=\"og:type\" content=\"article\" \/>\n<meta property=\"og:title\" content=\"Cours de couture - cours - adultes - enfants - couture - individuel - atelier\" \/>\n<meta property=\"og:description\" content=\"cours bases de couture adultes enfants individuel collaborer r\u00e9alisation accessoire,v\u00eatement, conseils personnalis\u00e9s attention couturi\u00e8re\" \/>\n<meta property=\"og:url\" content=\"https:\/\/projets.liure.fr\/pitchoune\/cours-couture\/\" \/>\n<meta property=\"og:site_name\" content=\"pitchounetcoton\" \/>\n<meta property=\"article:modified_time\" content=\"2025-08-11T06:58:59+00:00\" \/>\n<meta property=\"og:image\" content=\"https:\/\/projets.liure.fr\/pitchoune\/wp-content\/uploads\/sites\/8\/2020\/10\/20201030_081436.jpg\" \/>\n\t<meta property=\"og:image:width\" content=\"1187\" \/>\n\t<meta property=\"og:image:height\" content=\"675\" \/>\n\t<meta property=\"og:image:type\" content=\"image\/jpeg\" \/>\n<meta name=\"twitter:card\" content=\"summary_large_image\" \/>\n<meta name=\"twitter:label1\" content=\"Dur\u00e9e de lecture estim\u00e9e\" \/>\n\t<meta name=\"twitter:data1\" content=\"3 minutes\" \/>\n<script type=\"application\/ld+json\" class=\"yoast-schema-graph\">{\"@context\":\"https:\/\/schema.org\",\"@graph\":[{\"@type\":\"WebPage\",\"@id\":\"https:\/\/projets.liure.fr\/pitchoune\/cours-couture\/\",\"url\":\"https:\/\/projets.liure.fr\/pitchoune\/cours-couture\/\",\"name\":\"Cours de couture - cours - adultes - enfants - couture - individuel - atelier\",\"isPartOf\":{\"@id\":\"https:\/\/projets.liure.fr\/pitchoune\/#website\"},\"primaryImageOfPage\":{\"@id\":\"https:\/\/projets.liure.fr\/pitchoune\/cours-couture\/#primaryimage\"},\"image\":{\"@id\":\"https:\/\/projets.liure.fr\/pitchoune\/cours-couture\/#primaryimage\"},\"thumbnailUrl\":\"https:\/\/projets.liure.fr\/pitchoune\/wp-content\/uploads\/sites\/8\/2020\/10\/20201030_081436.jpg\",\"datePublished\":\"2020-10-15T14:23:17+00:00\",\"dateModified\":\"2025-08-11T06:58:59+00:00\",\"description\":\"cours bases de couture adultes enfants individuel collaborer r\u00e9alisation accessoire,v\u00eatement, conseils personnalis\u00e9s attention couturi\u00e8re\",\"breadcrumb\":{\"@id\":\"https:\/\/projets.liure.fr\/pitchoune\/cours-couture\/#breadcrumb\"},\"inLanguage\":\"fr-FR\",\"potentialAction\":[{\"@type\":\"ReadAction\",\"target\":[\"https:\/\/projets.liure.fr\/pitchoune\/cours-couture\/\"]}]},{\"@type\":\"ImageObject\",\"inLanguage\":\"fr-FR\",\"@id\":\"https:\/\/projets.liure.fr\/pitchoune\/cours-couture\/#primaryimage\",\"url\":\"https:\/\/projets.liure.fr\/pitchoune\/wp-content\/uploads\/sites\/8\/2020\/10\/20201030_081436.jpg\",\"contentUrl\":\"https:\/\/projets.liure.fr\/pitchoune\/wp-content\/uploads\/sites\/8\/2020\/10\/20201030_081436.jpg\",\"width\":1187,\"height\":675,\"caption\":\"cours couture personnalis\u00e9 cr\u00e9ation textile\"},{\"@type\":\"WebSite\",\"@id\":\"https:\/\/projets.liure.fr\/pitchoune\/#website\",\"url\":\"https:\/\/projets.liure.fr\/pitchoune\/\",\"name\":\"pitchounetcoton\",\"description\":\"Un site utilisant Les sites de R\u00e9seau site puy de d\u00f4me 2\",\"potentialAction\":[{\"@type\":\"SearchAction\",\"target\":{\"@type\":\"EntryPoint\",\"urlTemplate\":\"https:\/\/projets.liure.fr\/pitchoune\/?s={search_term_string}\"},\"query-input\":{\"@type\":\"PropertyValueSpecification\",\"valueRequired\":true,\"valueName\":\"search_term_string\"}}],\"inLanguage\":\"fr-FR\"}]}<\/script>\n<!-- \/ Yoast SEO plugin. -->","yoast_head_json":{"title":"Cours de couture - cours - adultes - enfants - couture - individuel - atelier","description":"cours bases de couture adultes enfants individuel collaborer r\u00e9alisation accessoire,v\u00eatement, conseils personnalis\u00e9s attention couturi\u00e8re","robots":{"index":"noindex","follow":"follow","max-snippet":"max-snippet:-1","max-image-preview":"max-image-preview:large","max-video-preview":"max-video-preview:-1"},"og_locale":"fr_FR","og_type":"article","og_title":"Cours de couture - cours - adultes - enfants - couture - individuel - atelier","og_description":"cours bases de couture adultes enfants individuel collaborer r\u00e9alisation accessoire,v\u00eatement, conseils personnalis\u00e9s attention couturi\u00e8re","og_url":"https:\/\/projets.liure.fr\/pitchoune\/cours-couture\/","og_site_name":"pitchounetcoton","article_modified_time":"2025-08-11T06:58:59+00:00","og_image":[{"width":1187,"height":675,"url":"https:\/\/projets.liure.fr\/pitchoune\/wp-content\/uploads\/sites\/8\/2020\/10\/20201030_081436.jpg","type":"image\/jpeg"}],"twitter_card":"summary_large_image","twitter_misc":{"Dur\u00e9e de lecture estim\u00e9e":"3 minutes"},"schema":{"@context":"https:\/\/schema.org","@graph":[{"@type":"WebPage","@id":"https:\/\/projets.liure.fr\/pitchoune\/cours-couture\/","url":"https:\/\/projets.liure.fr\/pitchoune\/cours-couture\/","name":"Cours de couture - cours - adultes - enfants - couture - individuel - atelier","isPartOf":{"@id":"https:\/\/projets.liure.fr\/pitchoune\/#website"},"primaryImageOfPage":{"@id":"https:\/\/projets.liure.fr\/pitchoune\/cours-couture\/#primaryimage"},"image":{"@id":"https:\/\/projets.liure.fr\/pitchoune\/cours-couture\/#primaryimage"},"thumbnailUrl":"https:\/\/projets.liure.fr\/pitchoune\/wp-content\/uploads\/sites\/8\/2020\/10\/20201030_081436.jpg","datePublished":"2020-10-15T14:23:17+00:00","dateModified":"2025-08-11T06:58:59+00:00","description":"cours bases de couture adultes enfants individuel collaborer r\u00e9alisation accessoire,v\u00eatement, conseils personnalis\u00e9s attention couturi\u00e8re","breadcrumb":{"@id":"https:\/\/projets.liure.fr\/pitchoune\/cours-couture\/#breadcrumb"},"inLanguage":"fr-FR","potentialAction":[{"@type":"ReadAction","target":["https:\/\/projets.liure.fr\/pitchoune\/cours-couture\/"]}]},{"@type":"ImageObject","inLanguage":"fr-FR","@id":"https:\/\/projets.liure.fr\/pitchoune\/cours-couture\/#primaryimage","url":"https:\/\/projets.liure.fr\/pitchoune\/wp-content\/uploads\/sites\/8\/2020\/10\/20201030_081436.jpg","contentUrl":"https:\/\/projets.liure.fr\/pitchoune\/wp-content\/uploads\/sites\/8\/2020\/10\/20201030_081436.jpg","width":1187,"height":675,"caption":"cours couture personnalis\u00e9 cr\u00e9ation textile"},{"@type":"WebSite","@id":"https:\/\/projets.liure.fr\/pitchoune\/#website","url":"https:\/\/projets.liure.fr\/pitchoune\/","name":"pitchounetcoton","description":"Un site utilisant Les sites de R\u00e9seau site puy de d\u00f4me 2","potentialAction":[{"@type":"SearchAction","target":{"@type":"EntryPoint","urlTemplate":"https:\/\/projets.liure.fr\/pitchoune\/?s={search_term_string}"},"query-input":{"@type":"PropertyValueSpecification","valueRequired":true,"valueName":"search_term_string"}}],"inLanguage":"fr-FR"}]}},"_links":{"self":[{"href":"https:\/\/projets.liure.fr\/pitchoune\/wp-json\/wp\/v2\/pages\/1143","targetHints":{"allow":["GET"]}}],"collection":[{"href":"https:\/\/projets.liure.fr\/pitchoune\/wp-json\/wp\/v2\/pages"}],"about":[{"href":"https:\/\/projets.liure.fr\/pitchoune\/wp-json\/wp\/v2\/types\/page"}],"author":[{"embeddable":true,"href":"https:\/\/projets.liure.fr\/pitchoune\/wp-json\/wp\/v2\/users\/85"}],"replies":[{"embeddable":true,"href":"https:\/\/projets.liure.fr\/pitchoune\/wp-json\/wp\/v2\/comments?post=1143"}],"version-history":[{"count":1,"href":"https:\/\/projets.liure.fr\/pitchoune\/wp-json\/wp\/v2\/pages\/1143\/revisions"}],"predecessor-version":[{"id":1195,"href":"https:\/\/projets.liure.fr\/pitchoune\/wp-json\/wp\/v2\/pages\/1143\/revisions\/1195"}],"wp:featuredmedia":[{"embeddable":true,"href":"https:\/\/projets.liure.fr\/pitchoune\/wp-json\/wp\/v2\/media\/711"}],"wp:attachment":[{"href":"https:\/\/projets.liure.fr\/pitchoune\/wp-json\/wp\/v2\/media?parent=1143"}],"curies":[{"name":"wp","href":"https:\/\/api.w.org\/{rel}","templated":true}]}}