{"id":1134,"date":"2020-10-15T16:20:27","date_gmt":"2020-10-15T14:20:27","guid":{"rendered":"https:\/\/www.cotonnerie-du-centre.fr\/?page_id=18"},"modified":"2025-08-11T08:59:02","modified_gmt":"2025-08-11T06:59:02","slug":"personnalisation-broderies","status":"publish","type":"page","link":"https:\/\/projets.liure.fr\/pitchoune\/personnalisation-broderies\/","title":{"rendered":"Broderies"},"content":{"rendered":"<?xml encoding=\"utf-8\" ?><div class=\"container\"><div class=\"row\"><div class=\"col-md-12\">\n<blockquote class=\"wp-block-quote is-layout-flow wp-block-quote-is-layout-flow\"><p>Il y a beaucoup plus de plaisir &agrave; offrir qu&rsquo;&agrave; recevoir<\/p><\/blockquote>\n<\/div><\/div><\/div><div class=\"container\"><div class=\"row\"><div class=\"col-md-12\">\n\n<\/div><\/div><\/div><div class=\"container\"><div class=\"row\"><div class=\"col-md-12\">\n<div class=\"wp-block-columns are-vertically-aligned-center is-layout-flex wp-container-core-columns-is-layout-9d6595d7 wp-block-columns-is-layout-flex\">\n<div class=\"wp-block-column is-vertically-aligned-center is-layout-flow wp-block-column-is-layout-flow\"><div class=\"container\"><div class=\"row\"><div class=\"col-md-12\">\n<p>Vous l&rsquo;avez certainement constat&eacute;&hellip;                                                                                                                                                    le premier v&eacute;lo de votre tendre petit qui a bien grandit, la premi&egrave;re dinette ou poussette.<\/p>\n<\/div><\/div><\/div>\n\n<div class=\"container\"><div class=\"row\"><div class=\"col-md-12\">\n<p><\/p>\n<\/div><\/div><\/div>\n\n<div class=\"container\"><div class=\"row\"><div class=\"col-md-12\">\n<p>Mais ce qui fait souvent tr&egrave;s plaisir c&rsquo;est le cadeau personnalis&eacute;. L&rsquo;astuce?<\/p>\n<\/div><\/div><\/div>\n\n<div class=\"container\"><div class=\"row\"><div class=\"col-md-12\">\n<p class=\"has-text-align-left\">   &laquo;&nbsp;<strong>LA BRODERIE PASSION PERSONNALISEE<\/strong> &laquo;&nbsp;<\/p>\n<\/div><\/div><\/div>\n\n<div class=\"container\"><div class=\"row\"><div class=\"col-md-12\">\n<p><\/p>\n<\/div><\/div><\/div>\n\n<div class=\"container\"><div class=\"row\"><div class=\"col-md-12\">\n<p>Retrouvez ci-dessous quelques exemples de r&eacute;alisations passion unique, passion originale et personnalis&eacute;es. <\/p>\n<\/div><\/div><\/div>\n\n<div class=\"container\"><div class=\"row\"><div class=\"col-md-12\">\n<p><\/p>\n<\/div><\/div><\/div>\n\n<div class=\"container\"><div class=\"row\"><div class=\"col-md-12\">\n<p>Je n&rsquo;ai qu&rsquo;un mot &agrave; vous dire :&nbsp;<\/p>\n<\/div><\/div><\/div><\/div>\n\n\n\n<div class=\"wp-block-column is-vertically-aligned-center is-layout-flow wp-block-column-is-layout-flow\" style=\"flex-basis:38.4%\"><div class=\"container\"><div class=\"row\"><div class=\"col-md-12\">\n<div class=\"wp-block-image is-style-rounded\"><figure class=\"aligncenter size-large is-resized\"><img decoding=\"async\" src=\"https:\/\/projets.liure.fr\/pitchoune\/wp-content\/uploads\/sites\/8\/2020\/11\/la-vie-est-belle.jpg\" alt=\"ameublement broderie citation cotonnerie combronde\" class=\"wp-image-537\" width=\"176\" height=\"176\" loading=\"lazy\"><\/figure><\/div>\n<\/div><\/div><\/div>\n\n<div class=\"container\"><div class=\"row\"><div class=\"col-md-12\">\n<div class=\"wp-block-image is-style-rounded\"><figure class=\"aligncenter size-large is-resized\"><img decoding=\"async\" src=\"https:\/\/projets.liure.fr\/pitchoune\/wp-content\/uploads\/sites\/8\/2020\/11\/panneau-de-bienvenue.jpg\" alt=\"personnalisation cadeau cotonnerie combronde couturi&egrave;re\" class=\"wp-image-539\" width=\"188\" height=\"188\" loading=\"lazy\"><\/figure><\/div>\n<\/div><\/div><\/div><\/div>\n<\/div>\n<\/div><\/div><\/div><div class=\"container\"><div class=\"row\"><div class=\"col-md-12\">\n\n<\/div><\/div><\/div><div class=\"container\"><div class=\"row\"><div class=\"col-md-12\">\n<blockquote class=\"wp-block-quote is-layout-flow wp-block-quote-is-layout-flow\"><p>Place &agrave; votre imagination, place &agrave; votre passion !<\/p><p><\/p><\/blockquote>\n<\/div><\/div><\/div><div class=\"container\"><div class=\"row\"><div class=\"col-md-12\">\n\n<\/div><\/div><\/div><div class=\"container\"><div class=\"row\"><div class=\"col-md-12\">\n<div class=\"wp-block-buttons aligncenter is-layout-flex wp-block-buttons-is-layout-flex\">\n<div class=\"wp-block-button\"><a class=\"wp-block-button__link\" href=\"https:\/\/www.cotonnerie-du-centre.fr\/contact\/\">Contactez-nous !<\/a><\/div>\n<\/div>\n<\/div><\/div><\/div>\n","protected":false},"excerpt":{"rendered":"<p>Il y a beaucoup plus de plaisir &agrave; offrir qu&rsquo;&agrave; recevoir Vous l&rsquo;avez certainement constat&eacute;&hellip; le premier v&eacute;lo de votre tendre petit qui a bien grandit, la premi&egrave;re dinette ou poussette. Mais ce qui fait souvent tr&egrave;s plaisir c&rsquo;est le cadeau personnalis&eacute;. L&rsquo;astuce? &laquo;&nbsp;LA BRODERIE PASSION PERSONNALISEE &laquo;&nbsp; Retrouvez ci-dessous quelques exemples de r&eacute;alisations passion [&hellip;]<\/p>\n","protected":false},"author":85,"featured_media":708,"parent":0,"menu_order":7,"comment_status":"closed","ping_status":"closed","template":"","meta":{"_acf_changed":false,"footnotes":""},"class_list":["post-1134","page","type-page","status-publish","has-post-thumbnail","hentry"],"acf":[],"yoast_head":"<!-- This site is optimized with the Yoast SEO plugin v25.8 - https:\/\/yoast.com\/wordpress\/plugins\/seo\/ -->\n<title>Broderies - passion - r\u00e9alisations personnalis\u00e9es pitchounetcoton<\/title>\n<meta name=\"description\" content=\"cadeau personnalis\u00e9 broderies passion personnalis\u00e9e unique originale imagination r\u00e9alisations plaisir astuce exmples de r\u00e9alisations\" \/>\n<meta name=\"robots\" content=\"noindex, follow, max-snippet:-1, max-image-preview:large, max-video-preview:-1\" \/>\n<meta property=\"og:locale\" content=\"fr_FR\" \/>\n<meta property=\"og:type\" content=\"article\" \/>\n<meta property=\"og:title\" content=\"Broderies - passion - r\u00e9alisations personnalis\u00e9es pitchounetcoton\" \/>\n<meta property=\"og:description\" content=\"cadeau personnalis\u00e9 broderies passion personnalis\u00e9e unique originale imagination r\u00e9alisations plaisir astuce exmples de r\u00e9alisations\" \/>\n<meta property=\"og:url\" content=\"https:\/\/projets.liure.fr\/pitchoune\/personnalisation-broderies\/\" \/>\n<meta property=\"og:site_name\" content=\"pitchounetcoton\" \/>\n<meta property=\"article:modified_time\" content=\"2025-08-11T06:59:02+00:00\" \/>\n<meta property=\"og:image\" content=\"https:\/\/projets.liure.fr\/pitchoune\/wp-content\/uploads\/sites\/8\/2020\/10\/tablier-couture-e1603460344511.jpg\" \/>\n\t<meta property=\"og:image:width\" content=\"1076\" \/>\n\t<meta property=\"og:image:height\" content=\"559\" \/>\n\t<meta property=\"og:image:type\" content=\"image\/jpeg\" \/>\n<meta name=\"twitter:card\" content=\"summary_large_image\" \/>\n<script type=\"application\/ld+json\" class=\"yoast-schema-graph\">{\"@context\":\"https:\/\/schema.org\",\"@graph\":[{\"@type\":\"WebPage\",\"@id\":\"https:\/\/projets.liure.fr\/pitchoune\/personnalisation-broderies\/\",\"url\":\"https:\/\/projets.liure.fr\/pitchoune\/personnalisation-broderies\/\",\"name\":\"Broderies - passion - r\u00e9alisations personnalis\u00e9es pitchounetcoton\",\"isPartOf\":{\"@id\":\"https:\/\/projets.liure.fr\/pitchoune\/#website\"},\"primaryImageOfPage\":{\"@id\":\"https:\/\/projets.liure.fr\/pitchoune\/personnalisation-broderies\/#primaryimage\"},\"image\":{\"@id\":\"https:\/\/projets.liure.fr\/pitchoune\/personnalisation-broderies\/#primaryimage\"},\"thumbnailUrl\":\"https:\/\/projets.liure.fr\/pitchoune\/wp-content\/uploads\/sites\/8\/2020\/10\/tablier-couture-e1603460344511.jpg\",\"datePublished\":\"2020-10-15T14:20:27+00:00\",\"dateModified\":\"2025-08-11T06:59:02+00:00\",\"description\":\"cadeau personnalis\u00e9 broderies passion personnalis\u00e9e unique originale imagination r\u00e9alisations plaisir astuce exmples de r\u00e9alisations\",\"breadcrumb\":{\"@id\":\"https:\/\/projets.liure.fr\/pitchoune\/personnalisation-broderies\/#breadcrumb\"},\"inLanguage\":\"fr-FR\",\"potentialAction\":[{\"@type\":\"ReadAction\",\"target\":[\"https:\/\/projets.liure.fr\/pitchoune\/personnalisation-broderies\/\"]}]},{\"@type\":\"ImageObject\",\"inLanguage\":\"fr-FR\",\"@id\":\"https:\/\/projets.liure.fr\/pitchoune\/personnalisation-broderies\/#primaryimage\",\"url\":\"https:\/\/projets.liure.fr\/pitchoune\/wp-content\/uploads\/sites\/8\/2020\/10\/tablier-couture-e1603460344511.jpg\",\"contentUrl\":\"https:\/\/projets.liure.fr\/pitchoune\/wp-content\/uploads\/sites\/8\/2020\/10\/tablier-couture-e1603460344511.jpg\",\"width\":1076,\"height\":559,\"caption\":\"tablier professionnel couture broderie\"},{\"@type\":\"WebSite\",\"@id\":\"https:\/\/projets.liure.fr\/pitchoune\/#website\",\"url\":\"https:\/\/projets.liure.fr\/pitchoune\/\",\"name\":\"pitchounetcoton\",\"description\":\"Un site utilisant Les sites de R\u00e9seau site puy de d\u00f4me 2\",\"potentialAction\":[{\"@type\":\"SearchAction\",\"target\":{\"@type\":\"EntryPoint\",\"urlTemplate\":\"https:\/\/projets.liure.fr\/pitchoune\/?s={search_term_string}\"},\"query-input\":{\"@type\":\"PropertyValueSpecification\",\"valueRequired\":true,\"valueName\":\"search_term_string\"}}],\"inLanguage\":\"fr-FR\"}]}<\/script>\n<!-- \/ Yoast SEO plugin. -->","yoast_head_json":{"title":"Broderies - passion - r\u00e9alisations personnalis\u00e9es pitchounetcoton","description":"cadeau personnalis\u00e9 broderies passion personnalis\u00e9e unique originale imagination r\u00e9alisations plaisir astuce exmples de r\u00e9alisations","robots":{"index":"noindex","follow":"follow","max-snippet":"max-snippet:-1","max-image-preview":"max-image-preview:large","max-video-preview":"max-video-preview:-1"},"og_locale":"fr_FR","og_type":"article","og_title":"Broderies - passion - r\u00e9alisations personnalis\u00e9es pitchounetcoton","og_description":"cadeau personnalis\u00e9 broderies passion personnalis\u00e9e unique originale imagination r\u00e9alisations plaisir astuce exmples de r\u00e9alisations","og_url":"https:\/\/projets.liure.fr\/pitchoune\/personnalisation-broderies\/","og_site_name":"pitchounetcoton","article_modified_time":"2025-08-11T06:59:02+00:00","og_image":[{"width":1076,"height":559,"url":"https:\/\/projets.liure.fr\/pitchoune\/wp-content\/uploads\/sites\/8\/2020\/10\/tablier-couture-e1603460344511.jpg","type":"image\/jpeg"}],"twitter_card":"summary_large_image","schema":{"@context":"https:\/\/schema.org","@graph":[{"@type":"WebPage","@id":"https:\/\/projets.liure.fr\/pitchoune\/personnalisation-broderies\/","url":"https:\/\/projets.liure.fr\/pitchoune\/personnalisation-broderies\/","name":"Broderies - passion - r\u00e9alisations personnalis\u00e9es pitchounetcoton","isPartOf":{"@id":"https:\/\/projets.liure.fr\/pitchoune\/#website"},"primaryImageOfPage":{"@id":"https:\/\/projets.liure.fr\/pitchoune\/personnalisation-broderies\/#primaryimage"},"image":{"@id":"https:\/\/projets.liure.fr\/pitchoune\/personnalisation-broderies\/#primaryimage"},"thumbnailUrl":"https:\/\/projets.liure.fr\/pitchoune\/wp-content\/uploads\/sites\/8\/2020\/10\/tablier-couture-e1603460344511.jpg","datePublished":"2020-10-15T14:20:27+00:00","dateModified":"2025-08-11T06:59:02+00:00","description":"cadeau personnalis\u00e9 broderies passion personnalis\u00e9e unique originale imagination r\u00e9alisations plaisir astuce exmples de r\u00e9alisations","breadcrumb":{"@id":"https:\/\/projets.liure.fr\/pitchoune\/personnalisation-broderies\/#breadcrumb"},"inLanguage":"fr-FR","potentialAction":[{"@type":"ReadAction","target":["https:\/\/projets.liure.fr\/pitchoune\/personnalisation-broderies\/"]}]},{"@type":"ImageObject","inLanguage":"fr-FR","@id":"https:\/\/projets.liure.fr\/pitchoune\/personnalisation-broderies\/#primaryimage","url":"https:\/\/projets.liure.fr\/pitchoune\/wp-content\/uploads\/sites\/8\/2020\/10\/tablier-couture-e1603460344511.jpg","contentUrl":"https:\/\/projets.liure.fr\/pitchoune\/wp-content\/uploads\/sites\/8\/2020\/10\/tablier-couture-e1603460344511.jpg","width":1076,"height":559,"caption":"tablier professionnel couture broderie"},{"@type":"WebSite","@id":"https:\/\/projets.liure.fr\/pitchoune\/#website","url":"https:\/\/projets.liure.fr\/pitchoune\/","name":"pitchounetcoton","description":"Un site utilisant Les sites de R\u00e9seau site puy de d\u00f4me 2","potentialAction":[{"@type":"SearchAction","target":{"@type":"EntryPoint","urlTemplate":"https:\/\/projets.liure.fr\/pitchoune\/?s={search_term_string}"},"query-input":{"@type":"PropertyValueSpecification","valueRequired":true,"valueName":"search_term_string"}}],"inLanguage":"fr-FR"}]}},"_links":{"self":[{"href":"https:\/\/projets.liure.fr\/pitchoune\/wp-json\/wp\/v2\/pages\/1134","targetHints":{"allow":["GET"]}}],"collection":[{"href":"https:\/\/projets.liure.fr\/pitchoune\/wp-json\/wp\/v2\/pages"}],"about":[{"href":"https:\/\/projets.liure.fr\/pitchoune\/wp-json\/wp\/v2\/types\/page"}],"author":[{"embeddable":true,"href":"https:\/\/projets.liure.fr\/pitchoune\/wp-json\/wp\/v2\/users\/85"}],"replies":[{"embeddable":true,"href":"https:\/\/projets.liure.fr\/pitchoune\/wp-json\/wp\/v2\/comments?post=1134"}],"version-history":[{"count":1,"href":"https:\/\/projets.liure.fr\/pitchoune\/wp-json\/wp\/v2\/pages\/1134\/revisions"}],"predecessor-version":[{"id":1197,"href":"https:\/\/projets.liure.fr\/pitchoune\/wp-json\/wp\/v2\/pages\/1134\/revisions\/1197"}],"wp:featuredmedia":[{"embeddable":true,"href":"https:\/\/projets.liure.fr\/pitchoune\/wp-json\/wp\/v2\/media\/708"}],"wp:attachment":[{"href":"https:\/\/projets.liure.fr\/pitchoune\/wp-json\/wp\/v2\/media?parent=1134"}],"curies":[{"name":"wp","href":"https:\/\/api.w.org\/{rel}","templated":true}]}}