{"id":1133,"date":"2020-10-15T16:18:36","date_gmt":"2020-10-15T14:18:36","guid":{"rendered":"https:\/\/www.cotonnerie-du-centre.fr\/?page_id=14"},"modified":"2025-08-11T08:59:04","modified_gmt":"2025-08-11T06:59:04","slug":"creations-couture","status":"publish","type":"page","link":"https:\/\/projets.liure.fr\/pitchoune\/creations-couture\/","title":{"rendered":"Cr\u00e9ations couture"},"content":{"rendered":"<?xml encoding=\"utf-8\" ?><div class=\"container\"><div class=\"row\"><div class=\"col-md-12\">\n<blockquote class=\"wp-block-quote is-layout-flow wp-block-quote-is-layout-flow\"><p>               <strong>Des cr&eacute;ations couture pour &laquo;&nbsp;la Passion&nbsp;&raquo; du style !<\/strong><\/p><\/blockquote>\n<\/div><\/div><\/div><div class=\"container\"><div class=\"row\"><div class=\"col-md-12\">\n\n<\/div><\/div><\/div><div class=\"container\"><div class=\"row\"><div class=\"col-md-12\">\n<div class=\"wp-block-columns are-vertically-aligned-center is-layout-flex wp-container-core-columns-is-layout-9d6595d7 wp-block-columns-is-layout-flex\">\n<div class=\"wp-block-column is-vertically-aligned-center is-layout-flow wp-block-column-is-layout-flow\"><div class=\"container\"><div class=\"row\"><div class=\"col-md-12\">\n<p>Vous &ecirc;tes <strong>&laquo;&nbsp;Passionn&eacute;s&nbsp;&raquo;<\/strong> jusqu&rsquo;au bout des doigts dans le choix de vos tenues &eacute;v&egrave;nementiels &hellip; Vous d&eacute;sirez des cr&eacute;ations couture uniques ?<\/p>\n<\/div><\/div><\/div>\n\n<div class=\"container\"><div class=\"row\"><div class=\"col-md-12\">\n<p>           <strong>NOUS AVONS CE QU&rsquo;IL VOUS FAUT<\/strong><\/p>\n<\/div><\/div><\/div>\n\n<div class=\"container\"><div class=\"row\"><div class=\"col-md-12\">\n<p>                                      <strong> POUR VOUS DEMARQUER<\/strong><\/p>\n<\/div><\/div><\/div>\n\n<div class=\"container\"><div class=\"row\"><div class=\"col-md-12\">\n<p>Pour accompagner votre tenue, <strong>l&rsquo;Atelier\/Boutique<\/strong> <em><strong>&laquo;&nbsp;Cotonnerie du Centre&nbsp;&raquo;<\/strong><\/em>&nbsp;cr&eacute;&eacute;&nbsp;des accessoires uniques pour compl&eacute;ter vos tenues :<\/p>\n<\/div><\/div><\/div>\n\n<div class=\"container\"><div class=\"row\"><div class=\"col-md-12\">\n<p>Rajout de dentelle, cr&eacute;ation de boutons d&rsquo;une veste pour coordonner &agrave; la cravate ou  n&oelig;ud papillon&hellip;<\/p>\n<\/div><\/div><\/div><\/div>\n\n\n\n<div class=\"wp-block-column is-vertically-aligned-center is-layout-flow wp-block-column-is-layout-flow\" style=\"flex-basis:35%\"><div class=\"container\"><div class=\"row\"><div class=\"col-md-12\">\n<div class=\"wp-block-image is-style-rounded\"><figure class=\"aligncenter size-large is-resized\"><img decoding=\"async\" src=\"https:\/\/projets.liure.fr\/pitchoune\/wp-content\/uploads\/sites\/8\/2020\/10\/0787102001543919090-e1604658685658.jpg\" alt=\"noeud de papillon mariage unique couture\" class=\"wp-image-63\" width=\"185\" height=\"199\" loading=\"lazy\"><\/figure><\/div>\n<\/div><\/div><\/div><\/div>\n<\/div>\n<\/div><\/div><\/div><div class=\"container\"><div class=\"row\"><div class=\"col-md-12\">\n\n<\/div><\/div><\/div><div class=\"container\"><div class=\"row\"><div class=\"col-md-12\">\n<p>                           <em>SANS LIMITE LAISSEZ LIBRE COURS A VOTRE <\/em><strong>&laquo;&nbsp;PASSION ET VOS VOEUX&nbsp;&raquo;<\/strong>&nbsp;<\/p>\n<\/div><\/div><\/div><div class=\"container\"><div class=\"row\"><div class=\"col-md-12\">\n\n<\/div><\/div><\/div><div class=\"container\"><div class=\"row\"><div class=\"col-md-12\">\n<div class=\"wp-block-columns are-vertically-aligned-center is-layout-flex wp-container-core-columns-is-layout-9d6595d7 wp-block-columns-is-layout-flex\">\n<div class=\"wp-block-column is-vertically-aligned-center is-layout-flow wp-block-column-is-layout-flow\"><div class=\"container\"><div class=\"row\"><div class=\"col-md-12\">\n<ol class=\"wp-block-list\"><li><em><strong>Choisissez la forme, le tissu,&nbsp;<\/strong><\/em><\/li><li><em><strong>Le moyen de fermeture pour qu&rsquo;il ressemble &agrave; 100 % &agrave; votre imagination. (pochette,sac&hellip;)<\/strong><\/em><\/li><\/ol>\n<\/div><\/div><\/div>\n\n<div class=\"container\"><div class=\"row\"><div class=\"col-md-12\">\n<p>A l&rsquo;occasion d&rsquo;une c&eacute;r&eacute;monie telle qu&rsquo;un mariage, une r&eacute;ception, une soir&eacute;e,  <strong>l&rsquo;Atelier\/Boutique<\/strong> <em><strong>&laquo;&nbsp;Cotonnerie du Centre&nbsp;&raquo;<\/strong><\/em>&nbsp;vous propose d&rsquo;harmoniser votre costume avec un authentique n&oelig;ud papillon ou une cravate cr&eacute;&eacute; uniquement pour vous.<\/p>\n<\/div><\/div><\/div>\n\n<div class=\"container\"><div class=\"row\"><div class=\"col-md-12\">\n<p>N&rsquo;h&eacute;sitez pas &agrave;&nbsp;faire part de vos envies.                                                                                                                  <strong>L&rsquo;Atelier\/Boutique <\/strong><em><strong>&laquo;&nbsp;Cotonnerie du Centre&nbsp;&raquo;<\/strong><\/em>&nbsp;c&rsquo;est la garantie de trouver ensemble l&rsquo;accessoire qui vous conviendra le mieux.<\/p>\n<\/div><\/div><\/div>\n\n<div class=\"container\"><div class=\"row\"><div class=\"col-md-12\">\n<p>N&oelig;ud papillon, cravate, confection de votre robe de mari&eacute;e, robe de soir&eacute;e, de votre pochette&hellip; Vos cr&eacute;ations couture n&rsquo;ont plus de limite !<\/p>\n<\/div><\/div><\/div><\/div>\n\n\n\n<div class=\"wp-block-column is-vertically-aligned-center is-layout-flow wp-block-column-is-layout-flow\" style=\"flex-basis:35%\"><div class=\"container\"><div class=\"row\"><div class=\"col-md-12\">\n<div class=\"wp-block-image is-style-rounded\"><figure class=\"aligncenter size-large is-resized\"><img decoding=\"async\" src=\"https:\/\/projets.liure.fr\/pitchoune\/wp-content\/uploads\/sites\/8\/2020\/11\/robe-karine-rose-1.jpg\" alt=\"robe mariage sur mesure cotonnerie combronde\" class=\"wp-image-483\" width=\"185\" height=\"185\" loading=\"lazy\"><\/figure><\/div>\n<\/div><\/div><\/div>\n\n<div class=\"container\"><div class=\"row\"><div class=\"col-md-12\">\n<div class=\"wp-block-image is-style-rounded\"><figure class=\"aligncenter size-large is-resized\"><img decoding=\"async\" src=\"https:\/\/projets.liure.fr\/pitchoune\/wp-content\/uploads\/sites\/8\/2020\/11\/robe-ilo.jpg\" alt=\"mariage confection sur mesure dentelle combronde\" class=\"wp-image-482\" width=\"185\" height=\"183\" loading=\"lazy\" srcset=\"https:\/\/projets.liure.fr\/pitchoune\/wp-content\/uploads\/sites\/8\/2020\/11\/robe-ilo.jpg 726w, https:\/\/projets.liure.fr\/pitchoune\/wp-content\/uploads\/sites\/8\/2020\/11\/robe-ilo-350x349.jpg 350w, https:\/\/projets.liure.fr\/pitchoune\/wp-content\/uploads\/sites\/8\/2020\/11\/robe-ilo-500x498.jpg 500w, https:\/\/projets.liure.fr\/pitchoune\/wp-content\/uploads\/sites\/8\/2020\/11\/robe-ilo-100x100.jpg 100w\" sizes=\"auto, (max-width: 185px) 100vw, 185px\" \/><\/figure><\/div>\n<\/div><\/div><\/div><\/div>\n<\/div>\n<\/div><\/div><\/div><div class=\"container\"><div class=\"row\"><div class=\"col-md-12\">\n\n<\/div><\/div><\/div><div class=\"container\"><div class=\"row\"><div class=\"col-md-12\">\n<blockquote class=\"wp-block-quote is-layout-flow wp-block-quote-is-layout-flow\"><p>                                     <strong>NE DIT-ON PAS &laquo;&nbsp;POINT DE MARIAGE SANS PASSION&nbsp;&raquo;<\/strong><\/p><\/blockquote>\n<\/div><\/div><\/div><div class=\"container\"><div class=\"row\"><div class=\"col-md-12\">\n\n<\/div><\/div><\/div><div class=\"container\"><div class=\"row\"><div class=\"col-md-12\">\n<div class=\"wp-block-buttons aligncenter is-layout-flex wp-block-buttons-is-layout-flex\">\n<div class=\"wp-block-button\"><a class=\"wp-block-button__link\" href=\"https:\/\/www.cotonnerie-du-centre.fr\/contact\/\">Contactez-nous !<\/a><\/div>\n<\/div>\n<\/div><\/div><\/div>\n","protected":false},"excerpt":{"rendered":"<p>Des cr&eacute;ations couture pour &laquo;&nbsp;la Passion&nbsp;&raquo; du style ! Vous &ecirc;tes &laquo;&nbsp;Passionn&eacute;s&nbsp;&raquo; jusqu&rsquo;au bout des doigts dans le choix de vos tenues &eacute;v&egrave;nementiels &hellip; Vous d&eacute;sirez des cr&eacute;ations couture uniques ? NOUS AVONS CE QU&rsquo;IL VOUS FAUT POUR VOUS DEMARQUER Pour accompagner votre tenue, l&rsquo;Atelier\/Boutique &laquo;&nbsp;Cotonnerie du Centre&nbsp;&raquo;&nbsp;cr&eacute;&eacute;&nbsp;des accessoires uniques pour compl&eacute;ter vos tenues : [&hellip;]<\/p>\n","protected":false},"author":85,"featured_media":639,"parent":0,"menu_order":9,"comment_status":"closed","ping_status":"closed","template":"","meta":{"_acf_changed":false,"footnotes":""},"class_list":["post-1133","page","type-page","status-publish","has-post-thumbnail","hentry"],"acf":[],"yoast_head":"<!-- This site is optimized with the Yoast SEO plugin v25.8 - https:\/\/yoast.com\/wordpress\/plugins\/seo\/ -->\n<title>Cr\u00e9ations couture - mariage - robe - noeud - papillon - cravate - mari\u00e9e<\/title>\n<meta name=\"description\" content=\"mariage cr\u00e9ations couture personnalis\u00e9es uniques robe mari\u00e9e cravates pochettes noeud papillon tenues dentelle imagination passion soir\u00e9e\" \/>\n<meta name=\"robots\" content=\"noindex, follow, max-snippet:-1, max-image-preview:large, max-video-preview:-1\" \/>\n<meta property=\"og:locale\" content=\"fr_FR\" \/>\n<meta property=\"og:type\" content=\"article\" \/>\n<meta property=\"og:title\" content=\"Cr\u00e9ations couture - mariage - robe - noeud - papillon - cravate - mari\u00e9e\" \/>\n<meta property=\"og:description\" content=\"mariage cr\u00e9ations couture personnalis\u00e9es uniques robe mari\u00e9e cravates pochettes noeud papillon tenues dentelle imagination passion soir\u00e9e\" \/>\n<meta property=\"og:url\" content=\"https:\/\/projets.liure.fr\/pitchoune\/creations-couture\/\" \/>\n<meta property=\"og:site_name\" content=\"pitchounetcoton\" \/>\n<meta property=\"article:modified_time\" content=\"2025-08-11T06:59:04+00:00\" \/>\n<meta property=\"og:image\" content=\"https:\/\/projets.liure.fr\/pitchoune\/wp-content\/uploads\/sites\/8\/2020\/10\/0240376001543312077.jpg\" \/>\n\t<meta property=\"og:image:width\" content=\"600\" \/>\n\t<meta property=\"og:image:height\" content=\"337\" \/>\n\t<meta property=\"og:image:type\" content=\"image\/jpeg\" \/>\n<meta name=\"twitter:card\" content=\"summary_large_image\" \/>\n<meta name=\"twitter:label1\" content=\"Dur\u00e9e de lecture estim\u00e9e\" \/>\n\t<meta name=\"twitter:data1\" content=\"1 minute\" \/>\n<script type=\"application\/ld+json\" class=\"yoast-schema-graph\">{\"@context\":\"https:\/\/schema.org\",\"@graph\":[{\"@type\":\"WebPage\",\"@id\":\"https:\/\/projets.liure.fr\/pitchoune\/creations-couture\/\",\"url\":\"https:\/\/projets.liure.fr\/pitchoune\/creations-couture\/\",\"name\":\"Cr\u00e9ations couture - mariage - robe - noeud - papillon - cravate - mari\u00e9e\",\"isPartOf\":{\"@id\":\"https:\/\/projets.liure.fr\/pitchoune\/#website\"},\"primaryImageOfPage\":{\"@id\":\"https:\/\/projets.liure.fr\/pitchoune\/creations-couture\/#primaryimage\"},\"image\":{\"@id\":\"https:\/\/projets.liure.fr\/pitchoune\/creations-couture\/#primaryimage\"},\"thumbnailUrl\":\"https:\/\/projets.liure.fr\/pitchoune\/wp-content\/uploads\/sites\/8\/2020\/10\/0240376001543312077.jpg\",\"datePublished\":\"2020-10-15T14:18:36+00:00\",\"dateModified\":\"2025-08-11T06:59:04+00:00\",\"description\":\"mariage cr\u00e9ations couture personnalis\u00e9es uniques robe mari\u00e9e cravates pochettes noeud papillon tenues dentelle imagination passion soir\u00e9e\",\"breadcrumb\":{\"@id\":\"https:\/\/projets.liure.fr\/pitchoune\/creations-couture\/#breadcrumb\"},\"inLanguage\":\"fr-FR\",\"potentialAction\":[{\"@type\":\"ReadAction\",\"target\":[\"https:\/\/projets.liure.fr\/pitchoune\/creations-couture\/\"]}]},{\"@type\":\"ImageObject\",\"inLanguage\":\"fr-FR\",\"@id\":\"https:\/\/projets.liure.fr\/pitchoune\/creations-couture\/#primaryimage\",\"url\":\"https:\/\/projets.liure.fr\/pitchoune\/wp-content\/uploads\/sites\/8\/2020\/10\/0240376001543312077.jpg\",\"contentUrl\":\"https:\/\/projets.liure.fr\/pitchoune\/wp-content\/uploads\/sites\/8\/2020\/10\/0240376001543312077.jpg\",\"width\":600,\"height\":337,\"caption\":\"noeud papillon mariage pi\u00e8ce unique\"},{\"@type\":\"WebSite\",\"@id\":\"https:\/\/projets.liure.fr\/pitchoune\/#website\",\"url\":\"https:\/\/projets.liure.fr\/pitchoune\/\",\"name\":\"pitchounetcoton\",\"description\":\"Un site utilisant Les sites de R\u00e9seau site puy de d\u00f4me 2\",\"potentialAction\":[{\"@type\":\"SearchAction\",\"target\":{\"@type\":\"EntryPoint\",\"urlTemplate\":\"https:\/\/projets.liure.fr\/pitchoune\/?s={search_term_string}\"},\"query-input\":{\"@type\":\"PropertyValueSpecification\",\"valueRequired\":true,\"valueName\":\"search_term_string\"}}],\"inLanguage\":\"fr-FR\"}]}<\/script>\n<!-- \/ Yoast SEO plugin. -->","yoast_head_json":{"title":"Cr\u00e9ations couture - mariage - robe - noeud - papillon - cravate - mari\u00e9e","description":"mariage cr\u00e9ations couture personnalis\u00e9es uniques robe mari\u00e9e cravates pochettes noeud papillon tenues dentelle imagination passion soir\u00e9e","robots":{"index":"noindex","follow":"follow","max-snippet":"max-snippet:-1","max-image-preview":"max-image-preview:large","max-video-preview":"max-video-preview:-1"},"og_locale":"fr_FR","og_type":"article","og_title":"Cr\u00e9ations couture - mariage - robe - noeud - papillon - cravate - mari\u00e9e","og_description":"mariage cr\u00e9ations couture personnalis\u00e9es uniques robe mari\u00e9e cravates pochettes noeud papillon tenues dentelle imagination passion soir\u00e9e","og_url":"https:\/\/projets.liure.fr\/pitchoune\/creations-couture\/","og_site_name":"pitchounetcoton","article_modified_time":"2025-08-11T06:59:04+00:00","og_image":[{"width":600,"height":337,"url":"https:\/\/projets.liure.fr\/pitchoune\/wp-content\/uploads\/sites\/8\/2020\/10\/0240376001543312077.jpg","type":"image\/jpeg"}],"twitter_card":"summary_large_image","twitter_misc":{"Dur\u00e9e de lecture estim\u00e9e":"1 minute"},"schema":{"@context":"https:\/\/schema.org","@graph":[{"@type":"WebPage","@id":"https:\/\/projets.liure.fr\/pitchoune\/creations-couture\/","url":"https:\/\/projets.liure.fr\/pitchoune\/creations-couture\/","name":"Cr\u00e9ations couture - mariage - robe - noeud - papillon - cravate - mari\u00e9e","isPartOf":{"@id":"https:\/\/projets.liure.fr\/pitchoune\/#website"},"primaryImageOfPage":{"@id":"https:\/\/projets.liure.fr\/pitchoune\/creations-couture\/#primaryimage"},"image":{"@id":"https:\/\/projets.liure.fr\/pitchoune\/creations-couture\/#primaryimage"},"thumbnailUrl":"https:\/\/projets.liure.fr\/pitchoune\/wp-content\/uploads\/sites\/8\/2020\/10\/0240376001543312077.jpg","datePublished":"2020-10-15T14:18:36+00:00","dateModified":"2025-08-11T06:59:04+00:00","description":"mariage cr\u00e9ations couture personnalis\u00e9es uniques robe mari\u00e9e cravates pochettes noeud papillon tenues dentelle imagination passion soir\u00e9e","breadcrumb":{"@id":"https:\/\/projets.liure.fr\/pitchoune\/creations-couture\/#breadcrumb"},"inLanguage":"fr-FR","potentialAction":[{"@type":"ReadAction","target":["https:\/\/projets.liure.fr\/pitchoune\/creations-couture\/"]}]},{"@type":"ImageObject","inLanguage":"fr-FR","@id":"https:\/\/projets.liure.fr\/pitchoune\/creations-couture\/#primaryimage","url":"https:\/\/projets.liure.fr\/pitchoune\/wp-content\/uploads\/sites\/8\/2020\/10\/0240376001543312077.jpg","contentUrl":"https:\/\/projets.liure.fr\/pitchoune\/wp-content\/uploads\/sites\/8\/2020\/10\/0240376001543312077.jpg","width":600,"height":337,"caption":"noeud papillon mariage pi\u00e8ce unique"},{"@type":"WebSite","@id":"https:\/\/projets.liure.fr\/pitchoune\/#website","url":"https:\/\/projets.liure.fr\/pitchoune\/","name":"pitchounetcoton","description":"Un site utilisant Les sites de R\u00e9seau site puy de d\u00f4me 2","potentialAction":[{"@type":"SearchAction","target":{"@type":"EntryPoint","urlTemplate":"https:\/\/projets.liure.fr\/pitchoune\/?s={search_term_string}"},"query-input":{"@type":"PropertyValueSpecification","valueRequired":true,"valueName":"search_term_string"}}],"inLanguage":"fr-FR"}]}},"_links":{"self":[{"href":"https:\/\/projets.liure.fr\/pitchoune\/wp-json\/wp\/v2\/pages\/1133","targetHints":{"allow":["GET"]}}],"collection":[{"href":"https:\/\/projets.liure.fr\/pitchoune\/wp-json\/wp\/v2\/pages"}],"about":[{"href":"https:\/\/projets.liure.fr\/pitchoune\/wp-json\/wp\/v2\/types\/page"}],"author":[{"embeddable":true,"href":"https:\/\/projets.liure.fr\/pitchoune\/wp-json\/wp\/v2\/users\/85"}],"replies":[{"embeddable":true,"href":"https:\/\/projets.liure.fr\/pitchoune\/wp-json\/wp\/v2\/comments?post=1133"}],"version-history":[{"count":1,"href":"https:\/\/projets.liure.fr\/pitchoune\/wp-json\/wp\/v2\/pages\/1133\/revisions"}],"predecessor-version":[{"id":1198,"href":"https:\/\/projets.liure.fr\/pitchoune\/wp-json\/wp\/v2\/pages\/1133\/revisions\/1198"}],"wp:featuredmedia":[{"embeddable":true,"href":"https:\/\/projets.liure.fr\/pitchoune\/wp-json\/wp\/v2\/media\/639"}],"wp:attachment":[{"href":"https:\/\/projets.liure.fr\/pitchoune\/wp-json\/wp\/v2\/media?parent=1133"}],"curies":[{"name":"wp","href":"https:\/\/api.w.org\/{rel}","templated":true}]}}