{"id":1130,"date":"2020-10-15T15:03:20","date_gmt":"2020-10-15T13:03:20","guid":{"rendered":"https:\/\/www.cotonnerie-du-centre.fr\/accueil\/"},"modified":"2025-08-11T08:59:08","modified_gmt":"2025-08-11T06:59:08","slug":"accueil","status":"publish","type":"page","link":"https:\/\/projets.liure.fr\/pitchoune\/","title":{"rendered":"Votre artisan couturi\u00e8re"},"content":{"rendered":"<?xml encoding=\"utf-8\" ?><div class=\"container\"><div class=\"row\"><div class=\"col-md-12\">\n<div class=\"wp-block-columns is-layout-flex wp-container-core-columns-is-layout-9d6595d7 wp-block-columns-is-layout-flex\">\n<div class=\"wp-block-column is-layout-flow wp-block-column-is-layout-flow\"><div class=\"card \">\n\t\t\t\t\t\t\t\t\t\t<a href=\"https:\/\/www.cotonnerie-du-centre.fr\/personnalisation-broderies\/\" class=\"card_titre stretched-link\" target=\"\">\n\t\t\t\t<h3 class=\"text-center\">Broderies<\/h3>\n\t\t\t<\/a>\n\t\t\t\t\t\t\t\n\t<div class=\"card_content\">\n\t\t\t\t<div class=\"pl-2 pr-2\"><p>Broder un pr&eacute;nom ou un logo pour en faire une cr&eacute;ation unique et personnalis&eacute;e.<\/p>\n<\/div>\n\t<\/div>\n\t\t\t<span class=\"mx-auto card_btn bg-dark\">En savoir plus<\/span>\n\t<\/div><\/div>\n\n\n\n<div class=\"wp-block-column is-layout-flow wp-block-column-is-layout-flow\"><div class=\"card image_card\">\n\t\t<div class=\"card_image\">\n\t\t<img decoding=\"async\" src=\"https:\/\/projets.liure.fr\/pitchoune\/wp-content\/uploads\/sites\/8\/2022\/07\/20220717_191036-500x666.jpg\" alt=\"Bavoir b&eacute;b&eacute; voiture cr&eacute;atrice auvergne\" loading=\"lazy\">\n\t\t\t<\/div>\n\t\t\t\t\t\t\t\t\t\t<a href=\"https:\/\/www.cotonnerie-du-centre.fr\/creations-couture\/\" class=\"card_titre stretched-link\" target=\"\">\n\t\t\t\t<h3 class=\"text-center\">Cr&eacute;ation<\/h3>\n\t\t\t<\/a>\n\t\t\t\t\t\t\t\n\t<div class=\"card_content\">\n\t\t\t\t<div class=\"pl-2 pr-2\"><p>Faire confectionner sur mesure pour avoir une pi&egrave;ce unique et exceptionnelle.<\/p>\n<\/div>\n\t<\/div>\n\t\t\t<span class=\"mx-auto card_btn bg-dark\">En savoir plus<\/span>\n\t<\/div><\/div>\n\n\n\n<div class=\"wp-block-column is-layout-flow wp-block-column-is-layout-flow\"><div class=\"card image_card\">\n\t\t<div class=\"card_image\">\n\t\t<img decoding=\"async\" src=\"https:\/\/projets.liure.fr\/pitchoune\/wp-content\/uploads\/sites\/8\/2022\/07\/20220717_190018-e1658080065347-500x708.jpg\" alt=\"bavoir fleurs b&eacute;b&eacute; repas auvergne\" loading=\"lazy\">\n\t\t\t<\/div>\n\t\t\t\t\t\t\t\t\t\t<a href=\"https:\/\/www.cotonnerie-du-centre.fr\/services-retouche-repassage\/\" class=\"card_titre stretched-link\" target=\"\">\n\t\t\t\t<h3 class=\"text-center\">Services<\/h3>\n\t\t\t<\/a>\n\t\t\t\t\t\t\t\n\t<div class=\"card_content\">\n\t\t\t\t<div class=\"pl-2 pr-2\"><p>Faire retoucher son v&ecirc;tement favoris ou faire revivre une tenue oubli&eacute;e au fond de l&rsquo;armoire.<\/p>\n<\/div>\n\t<\/div>\n\t\t\t<span class=\"mx-auto card_btn bg-dark\">En savoir plus<\/span>\n\t<\/div><\/div>\n\n\n\n<div class=\"wp-block-column is-layout-flow wp-block-column-is-layout-flow\"><div class=\"card image_card\">\n\t\t<div class=\"card_image\">\n\t\t<img decoding=\"async\" src=\"https:\/\/projets.liure.fr\/pitchoune\/wp-content\/uploads\/sites\/8\/2022\/04\/DSC04412-500x333.jpg\" alt=\"pitchounetcoton b&eacute;b&eacute;s enfants fait main\" loading=\"lazy\">\n\t\t\t<\/div>\n\t\t\t\t\t\t\t\t\t\t<a href=\"https:\/\/www.cotonnerie-du-centre.fr\/boutique\/\" class=\"card_titre stretched-link\" target=\"\">\n\t\t\t\t<h3 class=\"text-center\">Boutique<\/h3>\n\t\t\t<\/a>\n\t\t\t\t\t\t\t\n\t<div class=\"card_content\">\n\t\t\t\t<div class=\"pl-2 pr-2\"><p>Trouver un article unique confectionn&eacute; par une couturi&egrave;re passionn&eacute;e 100% fran&ccedil;ais.<\/p>\n<\/div>\n\t<\/div>\n\t\t\t<span class=\"mx-auto card_btn bg-dark\">En savoir plus<\/span>\n\t<\/div><\/div>\n<\/div>\n<\/div><\/div><\/div><div class=\"container\"><div class=\"row\"><div class=\"col-md-12\">\n\n<\/div><\/div><\/div><div class=\"container\"><div class=\"row\"><div class=\"col-md-12\">\n<p>Citation d&rsquo;une artisan couturi&egrave;re :<\/p>\n<\/div><\/div><\/div><div class=\"container\"><div class=\"row\"><div class=\"col-md-12\">\n\n<\/div><\/div><\/div><div class=\"container\"><div class=\"row\"><div class=\"col-md-12\">\n<blockquote class=\"wp-block-quote has-text-align-center is-style-large is-layout-flow wp-block-quote-is-layout-flow\"><p><em>La passion c&rsquo;est ce qui fait briller nos yeux<\/em><br>La couture c&rsquo;est ce qui fait r&eacute;aliser nos v&oelig;ux<\/p><cite>Cotonnerie du Centre<\/cite><\/blockquote>\n<\/div><\/div><\/div><div class=\"container\"><div class=\"row\"><div class=\"col-md-12\">\n\n<\/div><\/div><\/div><div class=\"container\"><div class=\"row\"><div class=\"col-md-12\">\n<hr class=\"wp-block-separator is-style-dots\">\n<\/div><\/div><\/div><div class=\"container\"><div class=\"row\"><div class=\"col-md-12\">\n\n<\/div><\/div><\/div><div class=\"container\"><div class=\"row\"><div class=\"col-md-12\">\n<h3 class=\"wp-block-heading\">Faisons connaissance<\/h3>\n<\/div><\/div><\/div><div class=\"container\"><div class=\"row\"><div class=\"col-md-12\">\n\n<\/div><\/div><\/div><div class=\"container\"><div class=\"row\"><div class=\"col-md-12\">\n<p>Karine couturi&egrave;re de l&rsquo;Atelier, Boutique: <em><strong>Cotonnerie du Centre<\/strong><\/em> est une &laquo;&nbsp;Passionn&eacute;e de couture&nbsp;&raquo; depuis l&rsquo;enfance <strong><em>[#mamancouturi&egrave;re].<\/em><\/strong><\/p>\n<\/div><\/div><\/div><div class=\"container\"><div class=\"row\"><div class=\"col-md-12\">\n\n<\/div><\/div><\/div><div class=\"container\"><div class=\"row\"><div class=\"col-md-12\">\n<p>Issue d&rsquo;une formation <strong>&laquo;&nbsp;Fabricant de v&ecirc;tements sur mesure&nbsp;&raquo;<\/strong>,                                                                      <strong><em>Cotonnerie du Centre <\/em><\/strong>imagine et confectionne pour vous et avec vous ce qui fera briller vos yeux et r&eacute;aliser vos v&oelig;ux.<\/p>\n<\/div><\/div><\/div><div class=\"container\"><div class=\"row\"><div class=\"col-md-12\">\n\n<\/div><\/div><\/div><div class=\"container\"><div class=\"row\"><div class=\"col-md-12\">\n<p>En bref : <\/p>\n<\/div><\/div><\/div><div class=\"container\"><div class=\"row\"><div class=\"col-md-12\">\n\n<\/div><\/div><\/div><div class=\"container\"><div class=\"row\"><div class=\"col-md-12\">\n<div class=\"wp-block-columns is-layout-flex wp-container-core-columns-is-layout-9d6595d7 wp-block-columns-is-layout-flex\">\n<div class=\"wp-block-column is-layout-flow wp-block-column-is-layout-flow\" style=\"flex-basis:25%\"><div class=\"container\"><div class=\"row\"><div class=\"col-md-12\">\n<figure class=\"wp-block-image size-large is-resized is-style-rounded\"><img decoding=\"async\" src=\"https:\/\/projets.liure.fr\/pitchoune\/wp-content\/uploads\/sites\/8\/2020\/10\/0189621001543315049.jpg\" alt=\"atelier couture retouche cr&eacute;ation cosy\" class=\"wp-image-38\" width=\"332\" height=\"339\" loading=\"lazy\"><\/figure>\n<\/div><\/div><\/div><\/div>\n\n\n\n<div class=\"wp-block-column is-layout-flow wp-block-column-is-layout-flow\" style=\"flex-basis:50%\"><div class=\"container\"><div class=\"row\"><div class=\"col-md-12\">\n<h3 class=\"has-text-align-center has-background wp-block-heading\" style=\"background-color:#bcbc93\">&laquo;&nbsp;De la passion que de la passion!&nbsp;&raquo;<\/h3>\n<\/div><\/div><\/div>\n\n<div class=\"container\"><div class=\"row\"><div class=\"col-md-12\">\n<h4 class=\"has-text-align-center has-background wp-block-heading\" style=\"background-color:#bcbc93\"><strong><span style=\"color:#6b7184\" class=\"has-inline-color\">Du fait main artisanal<\/span><br><br><span style=\"color:#6b7184\" class=\"has-inline-color\">Des pi&egrave;ces uniques et exclusives<br><br>Du 100% fran&ccedil;ais<\/span><\/strong><\/h4>\n<\/div><\/div><\/div><\/div>\n\n\n\n<div class=\"wp-block-column is-layout-flow wp-block-column-is-layout-flow\" style=\"flex-basis:25%\"><div class=\"container\"><div class=\"row\"><div class=\"col-md-12\">\n<figure class=\"wp-block-image size-large is-resized is-style-rounded\"><img decoding=\"async\" src=\"https:\/\/projets.liure.fr\/pitchoune\/wp-content\/uploads\/sites\/8\/2020\/11\/photo-de-moi2.jpg\" alt=\"couturi&egrave;re combronde cotonnerie du centre\" class=\"wp-image-459\" width=\"316\" height=\"346\" loading=\"lazy\"><\/figure>\n<\/div><\/div><\/div><\/div>\n<\/div>\n<\/div><\/div><\/div><div class=\"container\"><div class=\"row\"><div class=\"col-md-12\">\n\n<\/div><\/div><\/div><div class=\"container\"><div class=\"row\"><div class=\"col-md-12\">\n<p>N&eacute;e de la passion de cr&eacute;er de ses mains, &agrave; l&rsquo;&eacute;coute de vos envies, vous pouvez partager avec Karine artisan couturi&egrave;re,  qui vous guide dans la r&eacute;alisation et la personnalisation de vos projets coutures.<\/p>\n<\/div><\/div><\/div><div class=\"container\"><div class=\"row\"><div class=\"col-md-12\">\n\n<\/div><\/div><\/div><div class=\"container\"><div class=\"row\"><div class=\"col-md-12\">\n<p>L&rsquo;atelier vous propose des v&ecirc;tements sur mesures, accessoires, articles de d&eacute;coration et d&rsquo;ameublements, linge de maison, articles cadeaux, v&ecirc;tements enfants.<\/p>\n<\/div><\/div><\/div><div class=\"container\"><div class=\"row\"><div class=\"col-md-12\">\n\n<\/div><\/div><\/div><div class=\"container\"><div class=\"row\"><div class=\"col-md-12\">\n<p>Cotonnerie du Centre r&eacute;alise &eacute;galement des retouches diverses, telles que ourlets, changement de fermeture, raccommodage, modification de taille, customisation de vos v&ecirc;tements, articles maisons.<\/p>\n<\/div><\/div><\/div><div class=\"container\"><div class=\"row\"><div class=\"col-md-12\">\n\n<\/div><\/div><\/div><div class=\"container\"><div class=\"row\"><div class=\"col-md-12\">\n<p>Cr&eacute;&eacute; en octobre 2018 en Auvergne, l&rsquo;Atelier\/Boutique Cotonnerie du Centre vous accueille dans un espace cosy et chaleureux, avec une couturi&egrave;re &agrave; l&rsquo;&eacute;coute de vos envies.<\/p>\n<\/div><\/div><\/div><div class=\"container\"><div class=\"row\"><div class=\"col-md-12\">\n\n<\/div><\/div><\/div><div class=\"container\"><div class=\"row\"><div class=\"col-md-12\">\n<p>Bienvenue &agrave; l&rsquo;Atelier\/Boutique Cotonnerie du Centre. Partez &agrave; la rencontre de notre atelier et de nos cr&eacute;ations. <\/p>\n<\/div><\/div><\/div><div class=\"container\"><div class=\"row\"><div class=\"col-md-12\">\n\n<\/div><\/div><\/div><div class=\"container\"><div class=\"row\"><div class=\"col-md-12\">\n<p>Bonne visite sur notre site en attendant le plaisir de voir vos yeux briller &laquo;&nbsp;de Passion et de V&oelig;ux&nbsp;&raquo; dans notre Atelier\/Boutique.<\/p>\n<\/div><\/div><\/div><div class=\"container\"><div class=\"row\"><div class=\"col-md-12\">\n\n<\/div><\/div><\/div><div class=\"container\"><div class=\"row\"><div class=\"col-md-12\">\n<ul class=\"wp-block-list\"><li>&Eacute;tude commune de votre projet&hellip; et cours de couture possible <a href=\"https:\/\/www.cotonnerie-du-centre.fr\/cours-de-couture-adulte-et-enfant\/\">(voir la rubrique COURS) <\/a><\/li><li>Cr&eacute;ations pour les bambins&hellip; D&eacute;couvrez la marque exclusive de cr&eacute;ation de l&rsquo;Atelier\/Boutique Cotonnerie du Centre  <strong><em>&laquo;&nbsp;<a href=\"https:\/\/www.cotonnerie-du-centre.fr\/boutique\/\">Pitchoun et Coton<\/a>&laquo;&nbsp;<\/em><\/strong>      <\/li><li>Des id&eacute;es de broderies et de confections pour des cadeaux personnalis&eacute;s et uniques.                                                                                                                            <\/li><\/ul>\n<\/div><\/div><\/div><div class=\"container\"><div class=\"row\"><div class=\"col-md-12\">\n\n<\/div><\/div><\/div><div class=\"container\"><div class=\"row\"><div class=\"col-md-12\">\n<h2 class=\"wp-block-heading\"><strong>Horaires<\/strong><\/h2>\n<\/div><\/div><\/div><div class=\"container\"><div class=\"row\"><div class=\"col-md-12\">\n\n<\/div><\/div><\/div><div class=\"container\"><div class=\"row\"><div class=\"col-md-12\">\n<p>L&rsquo;Atelier Cotonnerie du Centre vous accueille :<\/p>\n<\/div><\/div><\/div><div class=\"container\"><div class=\"row\"><div class=\"col-md-12\">\n\n<\/div><\/div><\/div><div class=\"container\"><div class=\"row\"><div class=\"col-md-12\">\n<div class=\"wp-block-columns is-layout-flex wp-container-core-columns-is-layout-9d6595d7 wp-block-columns-is-layout-flex\">\n<div class=\"wp-block-column is-layout-flow wp-block-column-is-layout-flow\" style=\"flex-basis:25%\"><div class=\"container\"><div class=\"row\"><div class=\"col-md-12\">\n<figure class=\"wp-block-image size-large is-style-rounded\"><img decoding=\"async\" src=\"https:\/\/projets.liure.fr\/pitchoune\/wp-content\/uploads\/sites\/8\/2020\/11\/horaire.jpg\" alt=\"cr&eacute;ation couture retouche atelier combronde\" class=\"wp-image-532\" loading=\"lazy\"><\/figure>\n<\/div><\/div><\/div><\/div>\n\n\n\n<div class=\"wp-block-column is-layout-flow wp-block-column-is-layout-flow\" style=\"flex-basis:50%\"><div class=\"container\"><div class=\"row\"><div class=\"col-md-12\">\n<p class=\"has-text-align-center has-background\" style=\"background-color:#bcbc93\"><strong>Le lundi sur RDV<br>Du mardi au vendredi de 9h &agrave; 12h et de 14h &agrave; 18h<br>Le samedi sur RDV<\/strong><\/p>\n<\/div><\/div><\/div><\/div>\n\n\n\n<div class=\"wp-block-column is-layout-flow wp-block-column-is-layout-flow\" style=\"flex-basis:25%\"><div class=\"container\"><div class=\"row\"><div class=\"col-md-12\">\n<figure class=\"wp-block-image size-large is-style-rounded\"><img decoding=\"async\" src=\"https:\/\/projets.liure.fr\/pitchoune\/wp-content\/uploads\/sites\/8\/2020\/11\/machine-225x300-1.jpg\" alt=\"atelier couture retouche combronde cotonnerie\" class=\"wp-image-533\" loading=\"lazy\"><\/figure>\n<\/div><\/div><\/div><\/div>\n<\/div>\n<\/div><\/div><\/div><div class=\"container\"><div class=\"row\"><div class=\"col-md-12\">\n\n<\/div><\/div><\/div><div class=\"container\"><div class=\"row\"><div class=\"col-md-12\">\n<p><a href=\"https:\/\/www.facebook.com\/Cotonnerie-du-centre-445115399173342\">https:\/\/www.facebook.com\/Cotonnerie-du-centre-445115399173342<\/a><\/p>\n<\/div><\/div><\/div>\n","protected":false},"excerpt":{"rendered":"<p>Citation d&rsquo;une artisan couturi&egrave;re : La passion c&rsquo;est ce qui fait briller nos yeuxLa couture c&rsquo;est ce qui fait r&eacute;aliser nos v&oelig;ux Cotonnerie du Centre Faisons connaissance Karine couturi&egrave;re de l&rsquo;Atelier, Boutique: Cotonnerie du Centre est une &laquo;&nbsp;Passionn&eacute;e de couture&nbsp;&raquo; depuis l&rsquo;enfance [#mamancouturi&egrave;re]. Issue d&rsquo;une formation &laquo;&nbsp;Fabricant de v&ecirc;tements sur mesure&nbsp;&raquo;, Cotonnerie du Centre imagine [&hellip;]<\/p>\n","protected":false},"author":85,"featured_media":708,"parent":0,"menu_order":4,"comment_status":"closed","ping_status":"closed","template":"","meta":{"_acf_changed":false,"footnotes":""},"class_list":["post-1130","page","type-page","status-publish","has-post-thumbnail","hentry"],"acf":[],"yoast_head":"<!-- This site is optimized with the Yoast SEO plugin v25.8 - https:\/\/yoast.com\/wordpress\/plugins\/seo\/ -->\n<title>Votre artisan couturi\u00e8re - couturi\u00e8re - artisan- horaires- couture- pitchounetcoton<\/title>\n<meta name=\"description\" content=\"Artisan couturi\u00e8re, atelier de couture, retouches,, cr\u00e9ations, broderies, customisation, ourlets, changement de fermeture, boutique, horaires\" \/>\n<meta name=\"robots\" content=\"noindex, follow, max-snippet:-1, max-image-preview:large, max-video-preview:-1\" \/>\n<meta property=\"og:locale\" content=\"fr_FR\" \/>\n<meta property=\"og:type\" content=\"article\" \/>\n<meta property=\"og:title\" content=\"Votre artisan couturi\u00e8re - couturi\u00e8re - artisan- horaires- couture- pitchounetcoton\" \/>\n<meta property=\"og:description\" content=\"Artisan couturi\u00e8re, atelier de couture, retouches,, cr\u00e9ations, broderies, customisation, ourlets, changement de fermeture, boutique, horaires\" \/>\n<meta property=\"og:url\" content=\"https:\/\/projets.liure.fr\/pitchoune\/\" \/>\n<meta property=\"og:site_name\" content=\"pitchounetcoton\" \/>\n<meta property=\"article:modified_time\" content=\"2025-08-11T06:59:08+00:00\" \/>\n<meta property=\"og:image\" content=\"https:\/\/projets.liure.fr\/pitchoune\/wp-content\/uploads\/sites\/8\/2020\/10\/tablier-couture-e1603460344511.jpg\" \/>\n\t<meta property=\"og:image:width\" content=\"1076\" \/>\n\t<meta property=\"og:image:height\" content=\"559\" \/>\n\t<meta property=\"og:image:type\" content=\"image\/jpeg\" \/>\n<meta name=\"twitter:card\" content=\"summary_large_image\" \/>\n<meta name=\"twitter:label1\" content=\"Dur\u00e9e de lecture estim\u00e9e\" \/>\n\t<meta name=\"twitter:data1\" content=\"3 minutes\" \/>\n<script type=\"application\/ld+json\" class=\"yoast-schema-graph\">{\"@context\":\"https:\/\/schema.org\",\"@graph\":[{\"@type\":\"WebPage\",\"@id\":\"https:\/\/projets.liure.fr\/pitchoune\/\",\"url\":\"https:\/\/projets.liure.fr\/pitchoune\/\",\"name\":\"Votre artisan couturi\u00e8re - couturi\u00e8re - artisan- horaires- couture- pitchounetcoton\",\"isPartOf\":{\"@id\":\"https:\/\/projets.liure.fr\/pitchoune\/#website\"},\"primaryImageOfPage\":{\"@id\":\"https:\/\/projets.liure.fr\/pitchoune\/#primaryimage\"},\"image\":{\"@id\":\"https:\/\/projets.liure.fr\/pitchoune\/#primaryimage\"},\"thumbnailUrl\":\"https:\/\/projets.liure.fr\/pitchoune\/wp-content\/uploads\/sites\/8\/2020\/10\/tablier-couture-e1603460344511.jpg\",\"datePublished\":\"2020-10-15T13:03:20+00:00\",\"dateModified\":\"2025-08-11T06:59:08+00:00\",\"description\":\"Artisan couturi\u00e8re, atelier de couture, retouches,, cr\u00e9ations, broderies, customisation, ourlets, changement de fermeture, boutique, horaires\",\"breadcrumb\":{\"@id\":\"https:\/\/projets.liure.fr\/pitchoune\/#breadcrumb\"},\"inLanguage\":\"fr-FR\",\"potentialAction\":[{\"@type\":\"ReadAction\",\"target\":[\"https:\/\/projets.liure.fr\/pitchoune\/\"]}]},{\"@type\":\"ImageObject\",\"inLanguage\":\"fr-FR\",\"@id\":\"https:\/\/projets.liure.fr\/pitchoune\/#primaryimage\",\"url\":\"https:\/\/projets.liure.fr\/pitchoune\/wp-content\/uploads\/sites\/8\/2020\/10\/tablier-couture-e1603460344511.jpg\",\"contentUrl\":\"https:\/\/projets.liure.fr\/pitchoune\/wp-content\/uploads\/sites\/8\/2020\/10\/tablier-couture-e1603460344511.jpg\",\"width\":1076,\"height\":559,\"caption\":\"tablier professionnel couture broderie\"},{\"@type\":\"WebSite\",\"@id\":\"https:\/\/projets.liure.fr\/pitchoune\/#website\",\"url\":\"https:\/\/projets.liure.fr\/pitchoune\/\",\"name\":\"pitchounetcoton\",\"description\":\"Un site utilisant Les sites de R\u00e9seau site puy de d\u00f4me 2\",\"potentialAction\":[{\"@type\":\"SearchAction\",\"target\":{\"@type\":\"EntryPoint\",\"urlTemplate\":\"https:\/\/projets.liure.fr\/pitchoune\/?s={search_term_string}\"},\"query-input\":{\"@type\":\"PropertyValueSpecification\",\"valueRequired\":true,\"valueName\":\"search_term_string\"}}],\"inLanguage\":\"fr-FR\"}]}<\/script>\n<!-- \/ Yoast SEO plugin. -->","yoast_head_json":{"title":"Votre artisan couturi\u00e8re - couturi\u00e8re - artisan- horaires- couture- pitchounetcoton","description":"Artisan couturi\u00e8re, atelier de couture, retouches,, cr\u00e9ations, broderies, customisation, ourlets, changement de fermeture, boutique, horaires","robots":{"index":"noindex","follow":"follow","max-snippet":"max-snippet:-1","max-image-preview":"max-image-preview:large","max-video-preview":"max-video-preview:-1"},"og_locale":"fr_FR","og_type":"article","og_title":"Votre artisan couturi\u00e8re - couturi\u00e8re - artisan- horaires- couture- pitchounetcoton","og_description":"Artisan couturi\u00e8re, atelier de couture, retouches,, cr\u00e9ations, broderies, customisation, ourlets, changement de fermeture, boutique, horaires","og_url":"https:\/\/projets.liure.fr\/pitchoune\/","og_site_name":"pitchounetcoton","article_modified_time":"2025-08-11T06:59:08+00:00","og_image":[{"width":1076,"height":559,"url":"https:\/\/projets.liure.fr\/pitchoune\/wp-content\/uploads\/sites\/8\/2020\/10\/tablier-couture-e1603460344511.jpg","type":"image\/jpeg"}],"twitter_card":"summary_large_image","twitter_misc":{"Dur\u00e9e de lecture estim\u00e9e":"3 minutes"},"schema":{"@context":"https:\/\/schema.org","@graph":[{"@type":"WebPage","@id":"https:\/\/projets.liure.fr\/pitchoune\/","url":"https:\/\/projets.liure.fr\/pitchoune\/","name":"Votre artisan couturi\u00e8re - couturi\u00e8re - artisan- horaires- couture- pitchounetcoton","isPartOf":{"@id":"https:\/\/projets.liure.fr\/pitchoune\/#website"},"primaryImageOfPage":{"@id":"https:\/\/projets.liure.fr\/pitchoune\/#primaryimage"},"image":{"@id":"https:\/\/projets.liure.fr\/pitchoune\/#primaryimage"},"thumbnailUrl":"https:\/\/projets.liure.fr\/pitchoune\/wp-content\/uploads\/sites\/8\/2020\/10\/tablier-couture-e1603460344511.jpg","datePublished":"2020-10-15T13:03:20+00:00","dateModified":"2025-08-11T06:59:08+00:00","description":"Artisan couturi\u00e8re, atelier de couture, retouches,, cr\u00e9ations, broderies, customisation, ourlets, changement de fermeture, boutique, horaires","breadcrumb":{"@id":"https:\/\/projets.liure.fr\/pitchoune\/#breadcrumb"},"inLanguage":"fr-FR","potentialAction":[{"@type":"ReadAction","target":["https:\/\/projets.liure.fr\/pitchoune\/"]}]},{"@type":"ImageObject","inLanguage":"fr-FR","@id":"https:\/\/projets.liure.fr\/pitchoune\/#primaryimage","url":"https:\/\/projets.liure.fr\/pitchoune\/wp-content\/uploads\/sites\/8\/2020\/10\/tablier-couture-e1603460344511.jpg","contentUrl":"https:\/\/projets.liure.fr\/pitchoune\/wp-content\/uploads\/sites\/8\/2020\/10\/tablier-couture-e1603460344511.jpg","width":1076,"height":559,"caption":"tablier professionnel couture broderie"},{"@type":"WebSite","@id":"https:\/\/projets.liure.fr\/pitchoune\/#website","url":"https:\/\/projets.liure.fr\/pitchoune\/","name":"pitchounetcoton","description":"Un site utilisant Les sites de R\u00e9seau site puy de d\u00f4me 2","potentialAction":[{"@type":"SearchAction","target":{"@type":"EntryPoint","urlTemplate":"https:\/\/projets.liure.fr\/pitchoune\/?s={search_term_string}"},"query-input":{"@type":"PropertyValueSpecification","valueRequired":true,"valueName":"search_term_string"}}],"inLanguage":"fr-FR"}]}},"_links":{"self":[{"href":"https:\/\/projets.liure.fr\/pitchoune\/wp-json\/wp\/v2\/pages\/1130","targetHints":{"allow":["GET"]}}],"collection":[{"href":"https:\/\/projets.liure.fr\/pitchoune\/wp-json\/wp\/v2\/pages"}],"about":[{"href":"https:\/\/projets.liure.fr\/pitchoune\/wp-json\/wp\/v2\/types\/page"}],"author":[{"embeddable":true,"href":"https:\/\/projets.liure.fr\/pitchoune\/wp-json\/wp\/v2\/users\/85"}],"replies":[{"embeddable":true,"href":"https:\/\/projets.liure.fr\/pitchoune\/wp-json\/wp\/v2\/comments?post=1130"}],"version-history":[{"count":1,"href":"https:\/\/projets.liure.fr\/pitchoune\/wp-json\/wp\/v2\/pages\/1130\/revisions"}],"predecessor-version":[{"id":1200,"href":"https:\/\/projets.liure.fr\/pitchoune\/wp-json\/wp\/v2\/pages\/1130\/revisions\/1200"}],"wp:featuredmedia":[{"embeddable":true,"href":"https:\/\/projets.liure.fr\/pitchoune\/wp-json\/wp\/v2\/media\/708"}],"wp:attachment":[{"href":"https:\/\/projets.liure.fr\/pitchoune\/wp-json\/wp\/v2\/media?parent=1130"}],"curies":[{"name":"wp","href":"https:\/\/api.w.org\/{rel}","templated":true}]}}